{"id":520,"date":"2026-01-13T18:01:13","date_gmt":"2026-01-13T21:01:13","guid":{"rendered":"https:\/\/iedeltriunfoelcolegio.edu.co\/?page_id=520"},"modified":"2026-01-26T09:20:19","modified_gmt":"2026-01-26T12:20:19","slug":"actividades-extracurriculares","status":"publish","type":"page","link":"https:\/\/iedeltriunfoelcolegio.edu.co\/index.php\/actividades-extracurriculares\/","title":{"rendered":"Actividades Extracurriculares"},"content":{"rendered":"\n<p style=\"font-size:20px\">Las actividades extracurriculares son aquellas que se realizan dentro o fuera de la instituci\u00f3n educativa y del horario acad\u00e9mico. Constituyen espacios orientados a promover la formaci\u00f3n integral y de incentivar uso adecuado del tiempo libre, el compa\u00f1erismo, la solidaridad, la perseverancia y la creatividad.<\/p>\n\n\n\n<p style=\"font-size:20px\">Estas actividades son de \u00edndole cultural y deportivo y, se hacen patentes en las escuelas de formaci\u00f3n deportiva y cultural a cargo de la Secretaria de deportes y cultura adscrita a la Alcald\u00eda municipal, los juegos Intercolegiados, la banda marcial y las salidas pedag\u00f3gicas.&nbsp; Las actividades extracurriculares pueden ser de car\u00e1cter: complementario y extraescolar.<\/p>\n","protected":false},"excerpt":{"rendered":"<p>Las actividades extracurriculares son aquellas que se realizan dentro o fuera de la instituci\u00f3n educativa y del horario acad\u00e9mico. Constituyen espacios orientados a promover la formaci\u00f3n integral y de incentivar uso adecuado del tiempo libre, el compa\u00f1erismo, la solidaridad, la perseverancia y la creatividad. Estas actividades son de \u00edndole cultural y deportivo y, se hacen [&hellip;]<\/p>\n","protected":false},"author":1,"featured_media":0,"parent":0,"menu_order":0,"comment_status":"closed","ping_status":"closed","template":"","meta":{"saved_in_kubio":false,"footnotes":""},"class_list":["post-520","page","type-page","status-publish","hentry"],"kubio_ai_page_context":{"short_desc":"","purpose":"general"},"_links":{"self":[{"href":"https:\/\/iedeltriunfoelcolegio.edu.co\/index.php\/wp-json\/wp\/v2\/pages\/520","targetHints":{"allow":["GET"]}}],"collection":[{"href":"https:\/\/iedeltriunfoelcolegio.edu.co\/index.php\/wp-json\/wp\/v2\/pages"}],"about":[{"href":"https:\/\/iedeltriunfoelcolegio.edu.co\/index.php\/wp-json\/wp\/v2\/types\/page"}],"author":[{"embeddable":true,"href":"https:\/\/iedeltriunfoelcolegio.edu.co\/index.php\/wp-json\/wp\/v2\/users\/1"}],"replies":[{"embeddable":true,"href":"https:\/\/iedeltriunfoelcolegio.edu.co\/index.php\/wp-json\/wp\/v2\/comments?post=520"}],"version-history":[{"count":1,"href":"https:\/\/iedeltriunfoelcolegio.edu.co\/index.php\/wp-json\/wp\/v2\/pages\/520\/revisions"}],"predecessor-version":[{"id":521,"href":"https:\/\/iedeltriunfoelcolegio.edu.co\/index.php\/wp-json\/wp\/v2\/pages\/520\/revisions\/521"}],"wp:attachment":[{"href":"https:\/\/iedeltriunfoelcolegio.edu.co\/index.php\/wp-json\/wp\/v2\/media?parent=520"}],"curies":[{"name":"wp","href":"https:\/\/api.w.org\/{rel}","templated":true}]}}