{"id":518,"date":"2026-01-13T18:00:24","date_gmt":"2026-01-13T21:00:24","guid":{"rendered":"https:\/\/iedeltriunfoelcolegio.edu.co\/?page_id=518"},"modified":"2026-01-13T18:00:24","modified_gmt":"2026-01-13T21:00:24","slug":"manual-de-convivencia-2","status":"publish","type":"page","link":"https:\/\/iedeltriunfoelcolegio.edu.co\/index.php\/manual-de-convivencia-2\/","title":{"rendered":"Manual de Convivencia"},"content":{"rendered":"\n<p style=\"font-size:20px\">El Manual de Convivencia es considerado como un instrumento que convoca a la comunidad y entes municipales en el prop\u00f3sito de garantizar derechos y reconocer los deberes que acompa\u00f1an el ejercicio del derecho a la educaci\u00f3n de la comunidad educativa de la IED. Las disposiciones planteadas en el manual surgen desde la reflexi\u00f3n y concertaci\u00f3n de normas que parten del convencimiento de que las mismas apuntan al desarrollo de seres humanos responsables, conscientes de sus derechos y deberes y su papel como constructores de una sociedad justa, inclusiva y democr\u00e1tica (Manual de Convivencia, 2019).<\/p>\n","protected":false},"excerpt":{"rendered":"<p>El Manual de Convivencia es considerado como un instrumento que convoca a la comunidad y entes municipales en el prop\u00f3sito de garantizar derechos y reconocer los deberes que acompa\u00f1an el ejercicio del derecho a la educaci\u00f3n de la comunidad educativa de la IED. Las disposiciones planteadas en el manual surgen desde la reflexi\u00f3n y concertaci\u00f3n [&hellip;]<\/p>\n","protected":false},"author":1,"featured_media":0,"parent":0,"menu_order":0,"comment_status":"closed","ping_status":"closed","template":"","meta":{"saved_in_kubio":false,"footnotes":""},"class_list":["post-518","page","type-page","status-publish","hentry"],"kubio_ai_page_context":{"short_desc":"","purpose":"general"},"_links":{"self":[{"href":"https:\/\/iedeltriunfoelcolegio.edu.co\/index.php\/wp-json\/wp\/v2\/pages\/518","targetHints":{"allow":["GET"]}}],"collection":[{"href":"https:\/\/iedeltriunfoelcolegio.edu.co\/index.php\/wp-json\/wp\/v2\/pages"}],"about":[{"href":"https:\/\/iedeltriunfoelcolegio.edu.co\/index.php\/wp-json\/wp\/v2\/types\/page"}],"author":[{"embeddable":true,"href":"https:\/\/iedeltriunfoelcolegio.edu.co\/index.php\/wp-json\/wp\/v2\/users\/1"}],"replies":[{"embeddable":true,"href":"https:\/\/iedeltriunfoelcolegio.edu.co\/index.php\/wp-json\/wp\/v2\/comments?post=518"}],"version-history":[{"count":1,"href":"https:\/\/iedeltriunfoelcolegio.edu.co\/index.php\/wp-json\/wp\/v2\/pages\/518\/revisions"}],"predecessor-version":[{"id":519,"href":"https:\/\/iedeltriunfoelcolegio.edu.co\/index.php\/wp-json\/wp\/v2\/pages\/518\/revisions\/519"}],"wp:attachment":[{"href":"https:\/\/iedeltriunfoelcolegio.edu.co\/index.php\/wp-json\/wp\/v2\/media?parent=518"}],"curies":[{"name":"wp","href":"https:\/\/api.w.org\/{rel}","templated":true}]}}