{"id":499,"date":"2026-01-13T17:30:47","date_gmt":"2026-01-13T20:30:47","guid":{"rendered":"https:\/\/iedeltriunfoelcolegio.edu.co\/index.php\/consejo-directivo\/"},"modified":"2026-01-26T09:20:19","modified_gmt":"2026-01-26T12:20:19","slug":"consejo-directivo","status":"publish","type":"page","link":"https:\/\/iedeltriunfoelcolegio.edu.co\/index.php\/consejo-directivo\/","title":{"rendered":"Consejo Directivo"},"content":{"rendered":"\n<p style=\"font-size:20px\">El Consejo Directivo, \u201ccomo instancia directiva, de participaci\u00f3n de la comunidad educativa y de orientaci\u00f3n acad\u00e9mica y administrativa del establecimiento\u201d. Seg\u00fan el decreto 1075 de 2015 art\u00edculo 2.3.3.1.5.3. y debe estar integrado acorde con el art\u00edculo 2.3.3.1.5.4.:<\/p>\n\n\n\n<p style=\"font-size:25px\"><strong><em>Integrantes 2025:<\/em><\/strong><\/p>\n\n\n\n<figure style=\"font-size:18px\" class=\"wp-block-table\"><table class=\"has-fixed-layout\"><tbody><tr><td><strong>Rol<\/strong><\/td><td><strong>Representantes Consejo Directivo<\/strong><\/td><\/tr><tr><td>Rector<\/td><td>Luis Martin Paiba L\u00f3pez<\/td><\/tr><tr><td>Docente<\/td><td>Blanca Cecilia Garavito Agat\u00f3n<\/td><\/tr><tr><td>Docente<\/td><td>Henry Ram\u00edrez Lozano<\/td><\/tr><tr><td>Estudiantes<\/td><td>Brandon Ferney Hern\u00e1ndez<\/td><\/tr><tr><td>Padre de familia<\/td><td>Fredy Rodr\u00edguez Guti\u00e9rrez<\/td><\/tr><tr><td>Padre de familia<\/td><td>&nbsp;Ingrith Stivaliz Forero Villamor<\/td><\/tr><tr><td>Sector productivo<\/td><td>Nicol\u00e1s Melo Espitia<\/td><\/tr><tr><td>Egresado<\/td><td>Henry Alfonso Rodr\u00edguez<\/td><\/tr><\/tbody><\/table><\/figure>\n","protected":false},"excerpt":{"rendered":"<p>El Consejo Directivo, \u201ccomo instancia directiva, de participaci\u00f3n de la comunidad educativa y de orientaci\u00f3n acad\u00e9mica y administrativa del establecimiento\u201d. Seg\u00fan el decreto 1075 de 2015 art\u00edculo 2.3.3.1.5.3. y debe estar integrado acorde con el art\u00edculo 2.3.3.1.5.4.: Integrantes 2025: Rol Representantes Consejo Directivo Rector Luis Martin Paiba L\u00f3pez Docente Blanca Cecilia Garavito Agat\u00f3n Docente Henry [&hellip;]<\/p>\n","protected":false},"author":1,"featured_media":0,"parent":0,"menu_order":0,"comment_status":"closed","ping_status":"closed","template":"","meta":{"saved_in_kubio":false,"footnotes":""},"class_list":["post-499","page","type-page","status-publish","hentry"],"kubio_ai_page_context":{"short_desc":"","purpose":"general"},"_links":{"self":[{"href":"https:\/\/iedeltriunfoelcolegio.edu.co\/index.php\/wp-json\/wp\/v2\/pages\/499","targetHints":{"allow":["GET"]}}],"collection":[{"href":"https:\/\/iedeltriunfoelcolegio.edu.co\/index.php\/wp-json\/wp\/v2\/pages"}],"about":[{"href":"https:\/\/iedeltriunfoelcolegio.edu.co\/index.php\/wp-json\/wp\/v2\/types\/page"}],"author":[{"embeddable":true,"href":"https:\/\/iedeltriunfoelcolegio.edu.co\/index.php\/wp-json\/wp\/v2\/users\/1"}],"replies":[{"embeddable":true,"href":"https:\/\/iedeltriunfoelcolegio.edu.co\/index.php\/wp-json\/wp\/v2\/comments?post=499"}],"version-history":[{"count":1,"href":"https:\/\/iedeltriunfoelcolegio.edu.co\/index.php\/wp-json\/wp\/v2\/pages\/499\/revisions"}],"predecessor-version":[{"id":516,"href":"https:\/\/iedeltriunfoelcolegio.edu.co\/index.php\/wp-json\/wp\/v2\/pages\/499\/revisions\/516"}],"wp:attachment":[{"href":"https:\/\/iedeltriunfoelcolegio.edu.co\/index.php\/wp-json\/wp\/v2\/media?parent=499"}],"curies":[{"name":"wp","href":"https:\/\/api.w.org\/{rel}","templated":true}]}}