{"id":485,"date":"2026-01-09T16:59:04","date_gmt":"2026-01-09T19:59:04","guid":{"rendered":"https:\/\/iedeltriunfoelcolegio.edu.co\/?page_id=485"},"modified":"2026-01-09T16:59:04","modified_gmt":"2026-01-09T19:59:04","slug":"dia-de-la-familia","status":"publish","type":"page","link":"https:\/\/iedeltriunfoelcolegio.edu.co\/index.php\/dia-de-la-familia\/","title":{"rendered":"D\u00eda de la familia"},"content":{"rendered":"\n<p style=\"font-size:20px\">El &#8220;D\u00eda de la Familia&#8221; en la instituci\u00f3n Educativa Departamental El Triunfo, es una celebraci\u00f3n institucionalizada y se realiza el ultimo viernes del mes de septiembre durante esta jornada, se organizan actividades del orden espiritual, recreativas, deportivas y culturales para fortalecer los lazos entre las familias y la escuela, promoviendo la convivencia, la integraci\u00f3n y la solidaridad, adem\u00e1s se busca:<\/p>\n\n\n\n<ul style=\"font-size:20px\" class=\"wp-block-list\">\n<li>Que las familias participen de las din\u00e1micas de la instituci\u00f3n a trav\u00e9s de las diversas actividades y proyectos que tienen prop\u00f3sitos y estrategias claramente definidos en concordancia con el PEI y con los procesos institucionales.<\/li>\n\n\n\n<li>Aumentar y solidificar la participaci\u00f3n de los padres de familia de manera coherente con los prop\u00f3sitos institucionales. La instituci\u00f3n de un aparte se fortalece y de otra eval\u00faa estos mecanismos e instancias de participaci\u00f3n, en el proceso de mejoramiento continuo contempla sus necesidades y expectativas.<\/li>\n\n\n\n<li>Generar espacios alternativos de comunicaci\u00f3n e integraci\u00f3n claros y abiertos para las familias de la comunidad educativa, que faciliten a los padres de familia la participaci\u00f3n en espacios de construcci\u00f3n colectiva de lazos de fraternidad y sana convivencia, generando de esta manera que ellos se sienten miembros leg\u00edtimos y reconocidos dentro de la comunidad educativa.<\/li>\n<\/ul>\n\n\n\n<p style=\"font-size:20px\">Los diferentes integrantes de la comunidad educativa participan de manera activa en la celebraci\u00f3n, su solidaridad, participaci\u00f3n e integraci\u00f3n se evidencia entre otras cosas en:<\/p>\n\n\n\n<ul style=\"font-size:20px\" class=\"wp-block-list\">\n<li>Aporte de obsequios y premios, para el bingo familiar<\/li>\n\n\n\n<li>Solidariamente hacen aportes para las rifas de las anchetas familiares.<\/li>\n\n\n\n<li>Se integran en las actividades art\u00edstico-culturales.<\/li>\n\n\n\n<li>Participan del compartir familiar alrededor del reconocimiento de amistad e integraci\u00f3n familiar alrededor de la comunidad Triunfana.<\/li>\n\n\n\n<li>Se integran en la feria de emprendimiento como productores, vendedores y compradores.<\/li>\n<\/ul>\n","protected":false},"excerpt":{"rendered":"<p>El &#8220;D\u00eda de la Familia&#8221; en la instituci\u00f3n Educativa Departamental El Triunfo, es una celebraci\u00f3n institucionalizada y se realiza el ultimo viernes del mes de septiembre durante esta jornada, se organizan actividades del orden espiritual, recreativas, deportivas y culturales para fortalecer los lazos entre las familias y la escuela, promoviendo la convivencia, la integraci\u00f3n y [&hellip;]<\/p>\n","protected":false},"author":1,"featured_media":0,"parent":0,"menu_order":0,"comment_status":"closed","ping_status":"closed","template":"","meta":{"saved_in_kubio":false,"footnotes":""},"class_list":["post-485","page","type-page","status-publish","hentry"],"kubio_ai_page_context":{"short_desc":"","purpose":"general"},"_links":{"self":[{"href":"https:\/\/iedeltriunfoelcolegio.edu.co\/index.php\/wp-json\/wp\/v2\/pages\/485","targetHints":{"allow":["GET"]}}],"collection":[{"href":"https:\/\/iedeltriunfoelcolegio.edu.co\/index.php\/wp-json\/wp\/v2\/pages"}],"about":[{"href":"https:\/\/iedeltriunfoelcolegio.edu.co\/index.php\/wp-json\/wp\/v2\/types\/page"}],"author":[{"embeddable":true,"href":"https:\/\/iedeltriunfoelcolegio.edu.co\/index.php\/wp-json\/wp\/v2\/users\/1"}],"replies":[{"embeddable":true,"href":"https:\/\/iedeltriunfoelcolegio.edu.co\/index.php\/wp-json\/wp\/v2\/comments?post=485"}],"version-history":[{"count":1,"href":"https:\/\/iedeltriunfoelcolegio.edu.co\/index.php\/wp-json\/wp\/v2\/pages\/485\/revisions"}],"predecessor-version":[{"id":486,"href":"https:\/\/iedeltriunfoelcolegio.edu.co\/index.php\/wp-json\/wp\/v2\/pages\/485\/revisions\/486"}],"wp:attachment":[{"href":"https:\/\/iedeltriunfoelcolegio.edu.co\/index.php\/wp-json\/wp\/v2\/media?parent=485"}],"curies":[{"name":"wp","href":"https:\/\/api.w.org\/{rel}","templated":true}]}}