{"id":483,"date":"2026-01-09T16:57:45","date_gmt":"2026-01-09T19:57:45","guid":{"rendered":"https:\/\/iedeltriunfoelcolegio.edu.co\/?page_id=483"},"modified":"2026-01-09T16:57:45","modified_gmt":"2026-01-09T19:57:45","slug":"participacion-de-los-estudiantes","status":"publish","type":"page","link":"https:\/\/iedeltriunfoelcolegio.edu.co\/index.php\/participacion-de-los-estudiantes\/","title":{"rendered":"Participaci\u00f3n de los estudiantes"},"content":{"rendered":"\n<p style=\"font-size:20px\">La participaci\u00f3n de los estudiantes adicional a su proceso formativo de aprendizaje se extiende y soporta en el programa de Bienestar Estudiantil, entendido como el conjunto de actividades adicionales o complementarias que se orientan al desarrollo f\u00edsico, socio afectivo y cultural de los estudiantes, cuyo prop\u00f3sito es contribuir a mejorar sus relaciones interpersonales, a desarrollar su sentido de pertenencia por la Instituci\u00f3n Educativa, ampliar el marco de socializaci\u00f3n con estudiantes de otras Instituciones educativas. Por lo tanto, la instituci\u00f3n propiciar\u00e1 la participaci\u00f3n de los estudiantes en eventos socioculturales y deportivos que promuevan la exploraci\u00f3n de otras capacidades y habilidades entre ellos.<\/p>\n\n\n\n<p style=\"font-size:20px\">Para ello se promueven actividades al interior de la Instituci\u00f3n educativa, adem\u00e1s de la interacci\u00f3n con otras instituciones educativas, organizaciones educativas, fundaciones y entes gubernamentales; entre las actividades complementarias que la Instituci\u00f3n Educativa promueve se encuentran:<\/p>\n\n\n\n<ul style=\"font-size:20px\" class=\"wp-block-list\">\n<li>Salidas pedag\u00f3gicas.\n<ul class=\"wp-block-list\">\n<li>Fundaci\u00f3n Tierra Alta<\/li>\n<\/ul>\n<\/li>\n\n\n\n<li>Actividades socio culturales y pedag\u00f3gicos internos<ul><li>D\u00eda del idioma<\/li><\/ul><ul><li>English day<\/li><\/ul><ul><li>D\u00eda de la ciencia<\/li><\/ul><ul><li>Festival matem\u00e1tico<\/li><\/ul><ul><li>Festival afrocolombianidad<\/li><\/ul>\n<ul class=\"wp-block-list\">\n<li>Feria de emprendimiento<\/li>\n<\/ul>\n<\/li>\n\n\n\n<li>Festivales Intercolegiados municipales<ul><li>Concurso de matem\u00e1ticas<\/li><\/ul>\n<ul class=\"wp-block-list\">\n<li>Concurso de armado Cubo rubik<\/li>\n<\/ul>\n<\/li>\n\n\n\n<li>Juegos deportivos escolares intramurales<\/li>\n\n\n\n<li>Juegos deportivos Inter escolares municipales<\/li>\n\n\n\n<li>Juegos Intercolegiados<\/li>\n\n\n\n<li>Ferias universitarias<\/li>\n\n\n\n<li>Celebraciones especiales<ul><li>D\u00eda de la Mujer<\/li><\/ul><ul><li>D\u00eda del afecto<\/li><\/ul>\n<ul class=\"wp-block-list\">\n<li>D\u00eda del ni\u00f1o<\/li>\n<\/ul>\n<\/li>\n\n\n\n<li>Jornadas de participaci\u00f3n en el gobierno escolar<ul><li>Foro estudiantil<\/li><\/ul>\n<ul class=\"wp-block-list\">\n<li>Elecci\u00f3n de representantes de estudiantes (Personero, Contralor)<\/li>\n<\/ul>\n<\/li>\n<\/ul>\n\n\n\n<p style=\"font-size:20px\">Se cuentan con espacios habilitados para el esparcimiento y desarrollo de actividades l\u00fadico-deportivas tales como:<\/p>\n\n\n\n<ul style=\"font-size:20px\" class=\"wp-block-list\">\n<li>Sala de tenis de mesa<\/li>\n\n\n\n<li>Sala de juego de mesa<\/li>\n\n\n\n<li>Campos deportivos<\/li>\n<\/ul>\n\n\n\n<p style=\"font-size:20px\">La instituci\u00f3n educativa, planifica dentro del Plan Operativo Anual &lt;&lt;POA&gt;&gt; estas actividades atendiendo lo establecido en el Proyecto Educativo Institucional &lt;&lt;PEI&gt;&gt;<\/p>\n\n\n\n<p><\/p>\n","protected":false},"excerpt":{"rendered":"<p>La participaci\u00f3n de los estudiantes adicional a su proceso formativo de aprendizaje se extiende y soporta en el programa de Bienestar Estudiantil, entendido como el conjunto de actividades adicionales o complementarias que se orientan al desarrollo f\u00edsico, socio afectivo y cultural de los estudiantes, cuyo prop\u00f3sito es contribuir a mejorar sus relaciones interpersonales, a desarrollar [&hellip;]<\/p>\n","protected":false},"author":1,"featured_media":0,"parent":0,"menu_order":0,"comment_status":"closed","ping_status":"closed","template":"","meta":{"saved_in_kubio":false,"footnotes":""},"class_list":["post-483","page","type-page","status-publish","hentry"],"kubio_ai_page_context":{"short_desc":"","purpose":"general"},"_links":{"self":[{"href":"https:\/\/iedeltriunfoelcolegio.edu.co\/index.php\/wp-json\/wp\/v2\/pages\/483","targetHints":{"allow":["GET"]}}],"collection":[{"href":"https:\/\/iedeltriunfoelcolegio.edu.co\/index.php\/wp-json\/wp\/v2\/pages"}],"about":[{"href":"https:\/\/iedeltriunfoelcolegio.edu.co\/index.php\/wp-json\/wp\/v2\/types\/page"}],"author":[{"embeddable":true,"href":"https:\/\/iedeltriunfoelcolegio.edu.co\/index.php\/wp-json\/wp\/v2\/users\/1"}],"replies":[{"embeddable":true,"href":"https:\/\/iedeltriunfoelcolegio.edu.co\/index.php\/wp-json\/wp\/v2\/comments?post=483"}],"version-history":[{"count":1,"href":"https:\/\/iedeltriunfoelcolegio.edu.co\/index.php\/wp-json\/wp\/v2\/pages\/483\/revisions"}],"predecessor-version":[{"id":484,"href":"https:\/\/iedeltriunfoelcolegio.edu.co\/index.php\/wp-json\/wp\/v2\/pages\/483\/revisions\/484"}],"wp:attachment":[{"href":"https:\/\/iedeltriunfoelcolegio.edu.co\/index.php\/wp-json\/wp\/v2\/media?parent=483"}],"curies":[{"name":"wp","href":"https:\/\/api.w.org\/{rel}","templated":true}]}}