{"id":479,"date":"2026-01-09T16:54:41","date_gmt":"2026-01-09T19:54:41","guid":{"rendered":"https:\/\/iedeltriunfoelcolegio.edu.co\/?page_id=479"},"modified":"2026-01-09T16:54:41","modified_gmt":"2026-01-09T19:54:41","slug":"escuela-de-padres","status":"publish","type":"page","link":"https:\/\/iedeltriunfoelcolegio.edu.co\/index.php\/escuela-de-padres\/","title":{"rendered":"Escuela de Padres"},"content":{"rendered":"\n<p style=\"font-size:20px\">Este proyecto se establece como una plataforma de orientaci\u00f3n familiar y es el resultado de un an\u00e1lisis de la problem\u00e1ticas que se suscitan al interior de las familias integrantes de la comunidad educativa de la IED El Triunfo, se requieren de herramientas que apoyen la formaci\u00f3n de los padres de familia, d\u00e1ndoles conocimientos, herramientas y propendiendo por aprendizajes que los gu\u00eden en su labor de construirse a s\u00ed mismos y a la vez ser los co constructores de los proyectos de vida de sus hijos.<\/p>\n\n\n\n<p style=\"font-size:20px\">Este proyecto toma tem\u00e1ticas que le permitir\u00e1n a los padres desarrollar habilidades comunicativas que faciliten el dialogo, la concertaci\u00f3n y generaci\u00f3n de espacio familiares arm\u00f3nicos constructores de una mejor calidad de vida para los integrantes de los diversos grupos familiares pertenecientes a la comunidad educativa.<\/p>\n\n\n\n<p style=\"font-size:20px\">Las tem\u00e1ticas est\u00e1n dirigidas para lograr un crecimiento progresivo, donde cada uno de los asistentes podr\u00e1 hacer consciente la forma en la que ejerce su funci\u00f3n dentro del rol de esposo (a) padre \/ madre y tome conciencia acerca los ajustes que debe realizar en su accionar para mejorar las relaciones al interior de su grupo familiar. Esto les facilitara la oportunidad de que con su constancia y seguimiento de las actividades que se proponen, se puedan modificar las conductas o actitudes erradas y afianzar las acertadas.<\/p>\n\n\n\n<p style=\"font-size:20px\">Es preciso acotar como el padre y la madre de familia son ejemplos vivos para sus hijos por tanto debe de haber en ellos congruencia, armon\u00eda y equilibrio, en la formaci\u00f3n y educaci\u00f3n de sus hijos, debido a que no hay segundas oportunidades, se construye con el ejemplo y es preciso que en cada momento este sea lo m\u00e1s coherente y constructivo posible.<\/p>\n\n\n\n<p style=\"font-size:20px\">Adicional a lo anteriormente citado, en la Ley 2025 de 2020 en su art\u00edculo 5, Los contenidos del programa se soportar\u00e1n entre otros aspectos en la caracterizaci\u00f3n de los estudiantes padres y madres y cuidadores, sus necesidades e intereses, el PEI, los principios y valores de la comunidad, as\u00ed como caracter\u00edsticas del curso de vida de los estudiantes y los objetivos de cada uno de los niveles educativos incluir\u00e1 como m\u00ednimo los siguientes aspectos:<\/p>\n\n\n\n<ol style=\"list-style-type:lower-alpha\" class=\"wp-block-list\">\n<li style=\"font-size:20px\">Conocimiento de la ley de infancia y adolescencia, el marco normativo y constitucional para la garant\u00eda de los derechos de los ni\u00f1os, ni\u00f1as y adolescentes;<\/li>\n\n\n\n<li style=\"font-size:20px\">Responsabilidades de los padres en la crianza de sus hijos, acompa\u00f1amiento al proceso de aprendizaje y en la garant\u00eda de sus derechos;<\/li>\n\n\n\n<li style=\"font-size:20px\">Desarrollo de la autonom\u00eda y fomento del cuidado personal de los hijos;<\/li>\n\n\n\n<li style=\"font-size:20px\">Promoci\u00f3n de estilos de vida saludables, uso y aprovechamiento del tiempo libre y prevenci\u00f3n de consumo de sustancias psicoactivas;<\/li>\n\n\n\n<li style=\"font-size:20px\">Formaci\u00f3n en sexualidad con un lenguaje apropiado y acorde a su edad y su nivel de desarrollo;<\/li>\n\n\n\n<li style=\"font-size:20px\">Prohibici\u00f3n del maltrato f\u00edsico y psicol\u00f3gico o los tratos degradantes o humillantes en su contexto familiar y escolar;<\/li>\n\n\n\n<li style=\"font-size:20px\">Entornos protectores, que garanticen su desarrollo integral;<\/li>\n\n\n\n<li style=\"font-size:20px\">Criterios b\u00e1sicos del funcionamiento del grupo familiar;<\/li>\n\n\n\n<li style=\"font-size:20px\">Instrumentos adecuados de t\u00e9cnicas de estudio;<\/li>\n\n\n\n<li style=\"font-size:20px\">Rutas de atenci\u00f3n, promoci\u00f3n y prevenci\u00f3n definidos en el&#8217; manual de convivencia contenido en el Proyecto Educativo Institucional (PEI).<\/li>\n\n\n\n<li style=\"font-size:20px\">Promoci\u00f3n de programas, estrategias, pol\u00edticas y directrices tendientes a incentivar, apoyar y fomentar la medicina preventiva en la pr\u00e1ctica del deporte y los h\u00e1bitos de alimentaci\u00f3n sana y de vida saludable, acorde al PEI de la Instituci\u00f3n Educativa.<\/li>\n<\/ol>\n\n\n\n<p style=\"font-size:20px\"><strong><em>Objetivos:<\/em><\/strong><\/p>\n\n\n\n<p style=\"font-size:20px\"><strong><em>Objetivo General.<\/em><\/strong><\/p>\n\n\n\n<p style=\"font-size:20px\">Generar un escenario de formaci\u00f3n, participaci\u00f3n e interacci\u00f3n de los padres de familia, cuidadores y\/o acudientes de los estudiantes de la IED El Triunfo, orientado hacia la construcci\u00f3n de familias saludables que propenda por el desarrollo arm\u00f3nico, equilibrado del proyecto de vida de sus hijos y\/o acudidos.<\/p>\n\n\n\n<p style=\"font-size:20px\"><strong><em>Objetivos espec\u00edficos.<\/em><\/strong><\/p>\n\n\n\n<ul class=\"wp-block-list\">\n<li style=\"font-size:20px\">Ofrecer a los padres \/ acudientes, la informaci\u00f3n y conocimientos b\u00e1sicos sobre diferentes temas, proporcion\u00e1ndoles herramientas para ejercer su de manera adecuada su funci\u00f3n de padre y\/o cuidador.<\/li>\n\n\n\n<li style=\"font-size:20px\">Facilitar a los padres de familia \/ acudientes, recursos educativos y formativos para promover en sus hijos actitudes, valores, habilidades personales y sociales saludables que les permitan afrontar de manera responsable la construcci\u00f3n de su vida.<\/li>\n\n\n\n<li style=\"font-size:20px\">Promover espacios de intercambio de experiencias entre los padres que propicien la reflexi\u00f3n sobre la vida cotidiana de la familia y su relaci\u00f3n con el entorno.<\/li>\n\n\n\n<li style=\"font-size:20px\">Promover la participaci\u00f3n permanente de los miembros del grupo familiar en el proceso de ense\u00f1anza y aprendizaje de los hijos, desde las distintas responsabilidades y roles.<\/li>\n<\/ul>\n\n\n\n<p style=\"font-size:20px\"><strong><em>Metodolog\u00eda<\/em><\/strong><\/p>\n\n\n\n<p style=\"font-size:20px\">El proyecto de \u201cESCUELA DE PADRES\u201d, se debe de convertir en una herramienta que se ponga a disposici\u00f3n de los padres, para contribuir y conducirles de forma sencilla en la formaci\u00f3n de sus hijos. Las tem\u00e1ticas se presentar\u00e1n mediante conferencias, seminarios y talleres, entre otros, y que propendan por:<\/p>\n\n\n\n<ul class=\"wp-block-list\">\n<li style=\"font-size:20px\">Brindar amor, afecto, ternura: esta es una de las principales funciones de la familia o grupo familiar. Cuando los ni\u00f1os a trav\u00e9s de su crianza han recibido amor, ternura y afecto, podr\u00e1n responder mejor como seres humanos a situaciones de dificultad, y tendr\u00e1n la posibilidad de enfrentar la vida m\u00e1s f\u00e1cilmente que aquellos que no lo han recibido.<\/li>\n\n\n\n<li style=\"font-size:20px\">La socializaci\u00f3n: es reconocida como otra de las funciones importantes de la familia. Los padres deben inculcar en sus hijos valores y principios de convivencia, que los prepare como seres sociales tanto en su propia familia como en las relaciones con los dem\u00e1s. Esto garantizar\u00e1 que sean en el futuro personas productivas para la sociedad.<\/li>\n\n\n\n<li style=\"font-size:20px\">Proporcionar lo necesario: para que el ni\u00f1o disfrute de un buen estado de bienestar f\u00edsico, mental y afectivo, sentando as\u00ed las bases de su estabilidad emocional como persona adulta.<\/li>\n\n\n\n<li style=\"font-size:20px\">Brindar la educaci\u00f3n: si hay una funci\u00f3n que debe cumplir principalmente la familia, \u00e9sta es la de garantizarle a los hijos la educaci\u00f3n, tanto en valores, como la educaci\u00f3n formal que le pueda brindar la instituci\u00f3n educativa.<\/li>\n\n\n\n<li style=\"font-size:20px\">Potenciar en los hijos el desarrollo de la libre y responsable autonom\u00eda de su personalidad: es importante que en la familia o grupo familiar se construya un referente de autoridad, lo cual no excluye que los hijos se desarrollen como personas independientes.<\/li>\n\n\n\n<li style=\"font-size:20px\">En el seno de la familia, sus integrantes pueden presentar contradicciones, pero justamente la forma como \u00e9stas se solucionen, ser\u00e1 la base para aprender a resolver pac\u00edficamente los conflictos cuando estos se tengan que vivir en espacios diferentes a la familia.<\/li>\n\n\n\n<li style=\"font-size:20px\">Promover en los hijos: el sentido de la solidaridad, la pertenencia, el cuidado del ambiente, la participaci\u00f3n, no s\u00f3lo en el \u00e1mbito familiar, sino en todos los sitios donde el ni\u00f1o tenga la posibilidad de actuar, bien sea la escuela, el barrio, la vereda, el parque, y dem\u00e1s lugares donde interact\u00fae con el entorno.<\/li>\n<\/ul>\n\n\n\n<p style=\"font-size:20px\">Aparte de los temas establecidos en la ley 2025 de 2020 se desarrollar\u00e1n entre otros los siguientes:<\/p>\n\n\n\n<figure style=\"font-size:15px\" class=\"wp-block-table\"><table class=\"has-fixed-layout\"><tbody><tr><td><strong>Poblaci\u00f3n<\/strong><\/td><td><strong>Actividad<\/strong><\/td><td><strong>Fecha.<\/strong><\/td><\/tr><tr><td>Padres de familia.<\/td><td>Como ayudar a nuestros hijos en los estudios La importancia de dedicar tiempo a nuestros hijos.<\/td><td>Febrero Marzo<\/td><\/tr><tr><td>Padres de familia.<\/td><td>Como padre \/ Madre construyo mi Proyecto de vida (Construcci\u00f3n de familia)<\/td><td>Febrero Marzo<\/td><\/tr><tr><td>Padres de familia.<\/td><td>El desarrollo, crecimiento y evoluci\u00f3n del ni\u00f1o a\u00f1o a a\u00f1o. Sus necesidades, aprendizajes y relaciones.<\/td><td>Abril Mayo.<\/td><\/tr><tr><td>Padres de familia.<\/td><td>Convivencia Familia Los diez Mandamientos para ser un buen padre La comunicaci\u00f3n en familia. Qu\u00e9 tipo de familia estoy construyendo.<\/td><td>Abril Mayo.<\/td><\/tr><tr><td>Padres de familia.<\/td><td>El ejercicio de la autoridad en la familia \/ Necesidad de poner normas.<\/td><td>Junio Julio.<\/td><\/tr><tr><td>Padres de familia.<\/td><td>Como construir y cultivar los valores en nuestros hijos<\/td><td>Junio Julio.<\/td><\/tr><tr><td>Padres de familia.<\/td><td>Como hablar de sexualidad con nuestros hijos: Que decir. Cuando decirlo.<\/td><td>Agosto Sept.<\/td><\/tr><tr><td>Padres de familia.<\/td><td>Como prevenir desde la familia el uso de SPA.<\/td><td>Agosto Sept.<\/td><\/tr><tr><td>Padres de familia.<\/td><td>Prevenci\u00f3n de abuso sexual. Que es abuso sexual. Como se tipifica el abuso sexual.<\/td><td>Octubre.<\/td><\/tr><\/tbody><\/table><\/figure>\n","protected":false},"excerpt":{"rendered":"<p>Este proyecto se establece como una plataforma de orientaci\u00f3n familiar y es el resultado de un an\u00e1lisis de la problem\u00e1ticas que se suscitan al interior de las familias integrantes de la comunidad educativa de la IED El Triunfo, se requieren de herramientas que apoyen la formaci\u00f3n de los padres de familia, d\u00e1ndoles conocimientos, herramientas y [&hellip;]<\/p>\n","protected":false},"author":1,"featured_media":0,"parent":0,"menu_order":0,"comment_status":"closed","ping_status":"closed","template":"","meta":{"saved_in_kubio":false,"footnotes":""},"class_list":["post-479","page","type-page","status-publish","hentry"],"kubio_ai_page_context":{"short_desc":"","purpose":"general"},"_links":{"self":[{"href":"https:\/\/iedeltriunfoelcolegio.edu.co\/index.php\/wp-json\/wp\/v2\/pages\/479","targetHints":{"allow":["GET"]}}],"collection":[{"href":"https:\/\/iedeltriunfoelcolegio.edu.co\/index.php\/wp-json\/wp\/v2\/pages"}],"about":[{"href":"https:\/\/iedeltriunfoelcolegio.edu.co\/index.php\/wp-json\/wp\/v2\/types\/page"}],"author":[{"embeddable":true,"href":"https:\/\/iedeltriunfoelcolegio.edu.co\/index.php\/wp-json\/wp\/v2\/users\/1"}],"replies":[{"embeddable":true,"href":"https:\/\/iedeltriunfoelcolegio.edu.co\/index.php\/wp-json\/wp\/v2\/comments?post=479"}],"version-history":[{"count":1,"href":"https:\/\/iedeltriunfoelcolegio.edu.co\/index.php\/wp-json\/wp\/v2\/pages\/479\/revisions"}],"predecessor-version":[{"id":480,"href":"https:\/\/iedeltriunfoelcolegio.edu.co\/index.php\/wp-json\/wp\/v2\/pages\/479\/revisions\/480"}],"wp:attachment":[{"href":"https:\/\/iedeltriunfoelcolegio.edu.co\/index.php\/wp-json\/wp\/v2\/media?parent=479"}],"curies":[{"name":"wp","href":"https:\/\/api.w.org\/{rel}","templated":true}]}}