{"id":471,"date":"2026-01-09T16:43:36","date_gmt":"2026-01-09T19:43:36","guid":{"rendered":"https:\/\/iedeltriunfoelcolegio.edu.co\/?page_id=471"},"modified":"2026-01-26T09:20:19","modified_gmt":"2026-01-26T12:20:19","slug":"bienestar-del-talento-humano","status":"publish","type":"page","link":"https:\/\/iedeltriunfoelcolegio.edu.co\/index.php\/bienestar-del-talento-humano\/","title":{"rendered":"Bienestar del talento humano"},"content":{"rendered":"\n<p style=\"font-size:20px\">En aras de la cimentaci\u00f3n del sentido de pertenencia que es indispensable para fomentar el valor del grupo al cual estamos incluidos. Es relevante reconocer que nos pertenece preservar, proteger y cuidar la instituci\u00f3n en su estructura f\u00edsica, el ambiente escolar y el clima laboral, ya que es trabajo y beneficio para cada uno. De igual modo, defender sus principios y acciones mancomunadas a mejorar la calidad, eficacia y cobertura educativa. Esto basado en la misi\u00f3n, visi\u00f3n, objetivos, fines, perfiles, fundamentos, criterios y dem\u00e1s componentes del horizonte institucional.<\/p>\n\n\n\n<p style=\"font-size:20px\">Seg\u00fan la <strong>ORDENANZA No. 0107\/2019 <\/strong>&#8220;Por la cual se adopta la pol\u00edtica p\u00fablica de Felicidad y Bienestar subjetivo en el Departamento de Cundinamarca&#8221;. Emanada de <strong>LA ASAMBLEA DEPARTAMENTAL DE CUNDINAMARCA, en el <\/strong>art\u00edculo <strong>primero \u2013 adopci\u00f3n: Ad\u00f3ptese <\/strong>la Pol\u00edtica P\u00fablica de Felicidad y Bienestar Subjetivo en el Departamento de Cundinamarca para el per\u00edodo 2019 \u2013 2036.<\/p>\n\n\n\n<p style=\"font-size:20px\">El Programa de Formaci\u00f3n en Felicidad, Bienestar y Nuevo Liderazgo con enfoque en psicolog\u00eda positiva, concebido para contribuir, desde una perspectiva de formaci\u00f3n de los ciudadanos, a la construcci\u00f3n de un territorio seguro, inteligente, ordenado y feliz.<\/p>\n\n\n\n<p style=\"font-size:20px\">Se trata de una propuesta para promover y posicionar una cultura donde el cuidado, la confianza, el actuar, el relacionarse de manera positiva y el trabajo conjunto, en busca de prop\u00f3sitos comunes, sean sellos distintivos del SER de la poblaci\u00f3n cundinamarquesa.<\/p>\n\n\n\n<p style=\"font-size:20px\">El ideal es que todos nos formemos como embajadores de felicidad con capacidad para replicar acciones formativas en el entorno y sus comunidades.<\/p>\n\n\n\n<p style=\"font-size:20px\">En la IED El Triunfo, se desarrolla el programa de bienestar docente a partir de la generaci\u00f3n de espacios de construcci\u00f3n colectiva de relaciones arm\u00f3nicas, para ello se desarrollan actividades de integraci\u00f3n, l\u00fadico deportivas y recreativas, como est\u00edmulo para los directivos docentes, docentes y personal administrativo.<\/p>\n","protected":false},"excerpt":{"rendered":"<p>En aras de la cimentaci\u00f3n del sentido de pertenencia que es indispensable para fomentar el valor del grupo al cual estamos incluidos. Es relevante reconocer que nos pertenece preservar, proteger y cuidar la instituci\u00f3n en su estructura f\u00edsica, el ambiente escolar y el clima laboral, ya que es trabajo y beneficio para cada uno. De [&hellip;]<\/p>\n","protected":false},"author":1,"featured_media":0,"parent":0,"menu_order":0,"comment_status":"closed","ping_status":"closed","template":"","meta":{"saved_in_kubio":false,"footnotes":""},"class_list":["post-471","page","type-page","status-publish","hentry"],"kubio_ai_page_context":{"short_desc":"","purpose":"general"},"_links":{"self":[{"href":"https:\/\/iedeltriunfoelcolegio.edu.co\/index.php\/wp-json\/wp\/v2\/pages\/471","targetHints":{"allow":["GET"]}}],"collection":[{"href":"https:\/\/iedeltriunfoelcolegio.edu.co\/index.php\/wp-json\/wp\/v2\/pages"}],"about":[{"href":"https:\/\/iedeltriunfoelcolegio.edu.co\/index.php\/wp-json\/wp\/v2\/types\/page"}],"author":[{"embeddable":true,"href":"https:\/\/iedeltriunfoelcolegio.edu.co\/index.php\/wp-json\/wp\/v2\/users\/1"}],"replies":[{"embeddable":true,"href":"https:\/\/iedeltriunfoelcolegio.edu.co\/index.php\/wp-json\/wp\/v2\/comments?post=471"}],"version-history":[{"count":1,"href":"https:\/\/iedeltriunfoelcolegio.edu.co\/index.php\/wp-json\/wp\/v2\/pages\/471\/revisions"}],"predecessor-version":[{"id":472,"href":"https:\/\/iedeltriunfoelcolegio.edu.co\/index.php\/wp-json\/wp\/v2\/pages\/471\/revisions\/472"}],"wp:attachment":[{"href":"https:\/\/iedeltriunfoelcolegio.edu.co\/index.php\/wp-json\/wp\/v2\/media?parent=471"}],"curies":[{"name":"wp","href":"https:\/\/api.w.org\/{rel}","templated":true}]}}