{"id":469,"date":"2026-01-09T16:42:05","date_gmt":"2026-01-09T19:42:05","guid":{"rendered":"https:\/\/iedeltriunfoelcolegio.edu.co\/?page_id=469"},"modified":"2026-01-26T09:20:19","modified_gmt":"2026-01-26T12:20:19","slug":"apoyo-a-la-investigacion","status":"publish","type":"page","link":"https:\/\/iedeltriunfoelcolegio.edu.co\/index.php\/apoyo-a-la-investigacion\/","title":{"rendered":"Apoyo a la investigaci\u00f3n"},"content":{"rendered":"\n<p class=\"has-text-align-center\" style=\"font-size:25px\"><strong><em>Investigaci\u00f3n educativa<\/em><\/strong><\/p>\n\n\n\n<p style=\"font-size:20px\">\u201cSe entiende por investigaci\u00f3n educativa todas aquellas acciones de investigaci\u00f3n que tienen como fin esclarecer diversos aspectos del proceso de ense\u00f1anza-aprendizaje o intervenir en dicho proceso para optimizarlo. La investigaci\u00f3n educativa se extiende al funcionamiento de las instituciones educativas, los m\u00e9todos de ense\u00f1anza, el dise\u00f1o curricular, los materiales y recursos educativos, las innovaciones introducidas y cualesquiera de otros aspectos relacionados con la educaci\u00f3n, y responde a la necesidad de identificar, diagnosticar y generar acciones educativas eficaces.<\/p>\n\n\n\n<p style=\"font-size:20px\">Los diversos m\u00e9todos utilizados en la investigaci\u00f3n educativa comparten las caracter\u00edsticas de la b\u00fasqueda sistem\u00e1tica, dirigida y documentada. Pretende, de manera sistem\u00e1tica, dar respuesta a preguntas, explicaci\u00f3n a fen\u00f3menos y soluci\u00f3n a problemas educativos.<\/p>\n\n\n\n<p style=\"font-size:20px\">La investigaci\u00f3n educativa es importante seg\u00fan (McMillan, 2005) dado que: Primero: los educadores est\u00e1n constantemente intentando comprender los procesos educativos y deben de tomar decisiones profesionales\u2026 Sexto: muchos educadores investigadores a tiempo parcial consultan investigaciones y llevan a cabo estudios\u2026 Quinto: el f\u00e1cil acceso a la investigaci\u00f3n educativa. La investigaci\u00f3n acerca de la pr\u00e1ctica educativa est\u00e1 siendo divulgada a trav\u00e9s de las revistas cient\u00edficas y profesionales.<\/p>\n\n\n\n<p style=\"font-size:20px\">En la IED El Triunfo se desarrollan los siguientes procesos de investigaci\u00f3n educativa:<\/p>\n","protected":false},"excerpt":{"rendered":"<p>Investigaci\u00f3n educativa \u201cSe entiende por investigaci\u00f3n educativa todas aquellas acciones de investigaci\u00f3n que tienen como fin esclarecer diversos aspectos del proceso de ense\u00f1anza-aprendizaje o intervenir en dicho proceso para optimizarlo. La investigaci\u00f3n educativa se extiende al funcionamiento de las instituciones educativas, los m\u00e9todos de ense\u00f1anza, el dise\u00f1o curricular, los materiales y recursos educativos, las innovaciones [&hellip;]<\/p>\n","protected":false},"author":1,"featured_media":0,"parent":0,"menu_order":0,"comment_status":"closed","ping_status":"closed","template":"","meta":{"saved_in_kubio":false,"footnotes":""},"class_list":["post-469","page","type-page","status-publish","hentry"],"kubio_ai_page_context":{"short_desc":"","purpose":"general"},"_links":{"self":[{"href":"https:\/\/iedeltriunfoelcolegio.edu.co\/index.php\/wp-json\/wp\/v2\/pages\/469","targetHints":{"allow":["GET"]}}],"collection":[{"href":"https:\/\/iedeltriunfoelcolegio.edu.co\/index.php\/wp-json\/wp\/v2\/pages"}],"about":[{"href":"https:\/\/iedeltriunfoelcolegio.edu.co\/index.php\/wp-json\/wp\/v2\/types\/page"}],"author":[{"embeddable":true,"href":"https:\/\/iedeltriunfoelcolegio.edu.co\/index.php\/wp-json\/wp\/v2\/users\/1"}],"replies":[{"embeddable":true,"href":"https:\/\/iedeltriunfoelcolegio.edu.co\/index.php\/wp-json\/wp\/v2\/comments?post=469"}],"version-history":[{"count":1,"href":"https:\/\/iedeltriunfoelcolegio.edu.co\/index.php\/wp-json\/wp\/v2\/pages\/469\/revisions"}],"predecessor-version":[{"id":470,"href":"https:\/\/iedeltriunfoelcolegio.edu.co\/index.php\/wp-json\/wp\/v2\/pages\/469\/revisions\/470"}],"wp:attachment":[{"href":"https:\/\/iedeltriunfoelcolegio.edu.co\/index.php\/wp-json\/wp\/v2\/media?parent=469"}],"curies":[{"name":"wp","href":"https:\/\/api.w.org\/{rel}","templated":true}]}}