{"id":463,"date":"2026-01-09T16:36:02","date_gmt":"2026-01-09T19:36:02","guid":{"rendered":"https:\/\/iedeltriunfoelcolegio.edu.co\/?page_id=463"},"modified":"2026-01-26T09:20:19","modified_gmt":"2026-01-26T12:20:19","slug":"asignacion-academica","status":"publish","type":"page","link":"https:\/\/iedeltriunfoelcolegio.edu.co\/index.php\/asignacion-academica\/","title":{"rendered":"Asignaci\u00f3n acad\u00e9mica"},"content":{"rendered":"\n<p style=\"font-size:20px\">Seg\u00fan el decreto 1075, en el art\u00edculo 2.4.3.2.1. <strong>Asignaci\u00f3n acad\u00e9mica<\/strong>. El tiempo que, distribuido en per\u00edodos clase, dedica el docente a la atenci\u00f3n directa a sus estudiantes en actividades pedag\u00f3gicas correspondientes a las \u00e1reas obligatorias y fundamentales y a las asignaturas optativas, de conformidad con el plan de estudios.<\/p>\n\n\n\n<p style=\"font-size:20px\">La asignaci\u00f3n acad\u00e9mica para los docentes de Educaci\u00f3n B\u00e1sica Primaria es igual a la jornada escolar de la instituci\u00f3n educativa para los estudiantes de preescolar y de educaci\u00f3n b\u00e1sica primaria, en cumplimiento a lo enunciado en el art\u00edculo 2.4.3.1.2. del presente Decreto.<\/p>\n\n\n\n<p style=\"font-size:20px\">El tiempo total de la asignaci\u00f3n acad\u00e9mica semanal docente de Educaci\u00f3n B\u00e1sica Secundaria y Educaci\u00f3n Media, es de veintid\u00f3s (22) horas efectivas de cincuenta y cinco (55) minutos, seg\u00fan decreto 00277 de marzo 12 de 2025 las cuales ser\u00e1n distribuidas por el rector o director en per\u00edodos de clase de acuerdo con el plan de estudios. Esta asignaci\u00f3n rige a partir del 12 de marzo de 2025.<\/p>\n","protected":false},"excerpt":{"rendered":"<p>Seg\u00fan el decreto 1075, en el art\u00edculo 2.4.3.2.1. Asignaci\u00f3n acad\u00e9mica. El tiempo que, distribuido en per\u00edodos clase, dedica el docente a la atenci\u00f3n directa a sus estudiantes en actividades pedag\u00f3gicas correspondientes a las \u00e1reas obligatorias y fundamentales y a las asignaturas optativas, de conformidad con el plan de estudios. La asignaci\u00f3n acad\u00e9mica para los docentes [&hellip;]<\/p>\n","protected":false},"author":1,"featured_media":0,"parent":0,"menu_order":0,"comment_status":"closed","ping_status":"closed","template":"","meta":{"saved_in_kubio":false,"footnotes":""},"class_list":["post-463","page","type-page","status-publish","hentry"],"kubio_ai_page_context":{"short_desc":"","purpose":"general"},"_links":{"self":[{"href":"https:\/\/iedeltriunfoelcolegio.edu.co\/index.php\/wp-json\/wp\/v2\/pages\/463","targetHints":{"allow":["GET"]}}],"collection":[{"href":"https:\/\/iedeltriunfoelcolegio.edu.co\/index.php\/wp-json\/wp\/v2\/pages"}],"about":[{"href":"https:\/\/iedeltriunfoelcolegio.edu.co\/index.php\/wp-json\/wp\/v2\/types\/page"}],"author":[{"embeddable":true,"href":"https:\/\/iedeltriunfoelcolegio.edu.co\/index.php\/wp-json\/wp\/v2\/users\/1"}],"replies":[{"embeddable":true,"href":"https:\/\/iedeltriunfoelcolegio.edu.co\/index.php\/wp-json\/wp\/v2\/comments?post=463"}],"version-history":[{"count":1,"href":"https:\/\/iedeltriunfoelcolegio.edu.co\/index.php\/wp-json\/wp\/v2\/pages\/463\/revisions"}],"predecessor-version":[{"id":464,"href":"https:\/\/iedeltriunfoelcolegio.edu.co\/index.php\/wp-json\/wp\/v2\/pages\/463\/revisions\/464"}],"wp:attachment":[{"href":"https:\/\/iedeltriunfoelcolegio.edu.co\/index.php\/wp-json\/wp\/v2\/media?parent=463"}],"curies":[{"name":"wp","href":"https:\/\/api.w.org\/{rel}","templated":true}]}}