{"id":460,"date":"2026-01-09T13:40:18","date_gmt":"2026-01-09T16:40:18","guid":{"rendered":"https:\/\/iedeltriunfoelcolegio.edu.co\/?page_id=460"},"modified":"2026-01-09T13:40:18","modified_gmt":"2026-01-09T16:40:18","slug":"induccion","status":"publish","type":"page","link":"https:\/\/iedeltriunfoelcolegio.edu.co\/index.php\/induccion\/","title":{"rendered":"Inducci\u00f3n"},"content":{"rendered":"\n<p style=\"font-size:20px\">La IED tiene una estrategia organizada para la inducci\u00f3n y la acogida del nuevo personal, que incluye la distribuci\u00f3n y difusi\u00f3n del PEI, en especial, el plan de mejoramiento institucional, el manual de convivencia, el plan de estudios y el Sistema Institucional de Evaluaci\u00f3n Escolar (SIEE).<\/p>\n\n\n\n<p style=\"font-size:20px\">La persona que ingresa a la planta de cargos de la instituci\u00f3n se presenta al rector y luego, en la secretar\u00eda donde entrega el acto administrativo; all\u00ed, le piden diligenciar la hoja de vida y entregarla con los documentos requeridos. El rector, le informa la asignaci\u00f3n acad\u00e9mica y el horario de clases. Tambi\u00e9n, es el responsable de la inducci\u00f3n al personal administrativo y personal de apoyo log\u00edstico.<\/p>\n\n\n\n<p style=\"font-size:20px\">Adem\u00e1s, realiza la reinducci\u00f3n del personal antiguo en lo relacionado con aspectos institucionales, pedag\u00f3gicos y disciplinares, por lo menos una vez al a\u00f1o.<\/p>\n","protected":false},"excerpt":{"rendered":"<p>La IED tiene una estrategia organizada para la inducci\u00f3n y la acogida del nuevo personal, que incluye la distribuci\u00f3n y difusi\u00f3n del PEI, en especial, el plan de mejoramiento institucional, el manual de convivencia, el plan de estudios y el Sistema Institucional de Evaluaci\u00f3n Escolar (SIEE). La persona que ingresa a la planta de cargos [&hellip;]<\/p>\n","protected":false},"author":1,"featured_media":0,"parent":0,"menu_order":0,"comment_status":"closed","ping_status":"closed","template":"","meta":{"saved_in_kubio":false,"footnotes":""},"class_list":["post-460","page","type-page","status-publish","hentry"],"kubio_ai_page_context":{"short_desc":"","purpose":"general"},"_links":{"self":[{"href":"https:\/\/iedeltriunfoelcolegio.edu.co\/index.php\/wp-json\/wp\/v2\/pages\/460","targetHints":{"allow":["GET"]}}],"collection":[{"href":"https:\/\/iedeltriunfoelcolegio.edu.co\/index.php\/wp-json\/wp\/v2\/pages"}],"about":[{"href":"https:\/\/iedeltriunfoelcolegio.edu.co\/index.php\/wp-json\/wp\/v2\/types\/page"}],"author":[{"embeddable":true,"href":"https:\/\/iedeltriunfoelcolegio.edu.co\/index.php\/wp-json\/wp\/v2\/users\/1"}],"replies":[{"embeddable":true,"href":"https:\/\/iedeltriunfoelcolegio.edu.co\/index.php\/wp-json\/wp\/v2\/comments?post=460"}],"version-history":[{"count":1,"href":"https:\/\/iedeltriunfoelcolegio.edu.co\/index.php\/wp-json\/wp\/v2\/pages\/460\/revisions"}],"predecessor-version":[{"id":461,"href":"https:\/\/iedeltriunfoelcolegio.edu.co\/index.php\/wp-json\/wp\/v2\/pages\/460\/revisions\/461"}],"wp:attachment":[{"href":"https:\/\/iedeltriunfoelcolegio.edu.co\/index.php\/wp-json\/wp\/v2\/media?parent=460"}],"curies":[{"name":"wp","href":"https:\/\/api.w.org\/{rel}","templated":true}]}}