{"id":409,"date":"2026-01-09T12:09:01","date_gmt":"2026-01-09T15:09:01","guid":{"rendered":"https:\/\/iedeltriunfoelcolegio.edu.co\/?page_id=409"},"modified":"2026-01-09T12:09:01","modified_gmt":"2026-01-09T15:09:01","slug":"perfiles","status":"publish","type":"page","link":"https:\/\/iedeltriunfoelcolegio.edu.co\/index.php\/perfiles\/","title":{"rendered":"Perfiles"},"content":{"rendered":"\n<p style=\"font-size:20px\">Los&nbsp;perfiles&nbsp;se encuentran definidos y son acordes con las necesidades formativas de los estudiantes seg\u00fan la normatividad vigente. La instituci\u00f3n eval\u00faa y revisa anualmente los criterios de asignaci\u00f3n acad\u00e9mica para docentes y realiza los ajustes pertinentes seg\u00fan las necesidades que se presenten. En la actualidad laboran algunos docentes nombrados seg\u00fan el decreto 2277 y otros con el Decreto Ley 1278, todos ubicados en diferentes escalafones teniendo en cuenta sus estudios.<\/p>\n\n\n\n<p style=\"font-size:20px\">Los docentes nombrados en planta por la Secretaria de Educaci\u00f3n de Cundinamarca, son ubicados seg\u00fan su perfil profesional y especialidad, para ello requieren presentar el concurso de m\u00e9ritos reglamentado por el MEN y la Comisi\u00f3n Nacional de Servicio Civil &lt;&lt;CNSC&gt;&gt; como \u00f3rgano de garant\u00eda y protecci\u00f3n del sistema de m\u00e9rito en el empleo p\u00fablico que act\u00faa de acuerdo con los principios de la funci\u00f3n administrativa consagrada en el art\u00edculo 209 de la Constituci\u00f3n.<\/p>\n","protected":false},"excerpt":{"rendered":"<p>Los&nbsp;perfiles&nbsp;se encuentran definidos y son acordes con las necesidades formativas de los estudiantes seg\u00fan la normatividad vigente. La instituci\u00f3n eval\u00faa y revisa anualmente los criterios de asignaci\u00f3n acad\u00e9mica para docentes y realiza los ajustes pertinentes seg\u00fan las necesidades que se presenten. En la actualidad laboran algunos docentes nombrados seg\u00fan el decreto 2277 y otros con [&hellip;]<\/p>\n","protected":false},"author":1,"featured_media":0,"parent":0,"menu_order":0,"comment_status":"closed","ping_status":"closed","template":"","meta":{"saved_in_kubio":false,"footnotes":""},"class_list":["post-409","page","type-page","status-publish","hentry"],"kubio_ai_page_context":{"short_desc":"","purpose":"general"},"_links":{"self":[{"href":"https:\/\/iedeltriunfoelcolegio.edu.co\/index.php\/wp-json\/wp\/v2\/pages\/409","targetHints":{"allow":["GET"]}}],"collection":[{"href":"https:\/\/iedeltriunfoelcolegio.edu.co\/index.php\/wp-json\/wp\/v2\/pages"}],"about":[{"href":"https:\/\/iedeltriunfoelcolegio.edu.co\/index.php\/wp-json\/wp\/v2\/types\/page"}],"author":[{"embeddable":true,"href":"https:\/\/iedeltriunfoelcolegio.edu.co\/index.php\/wp-json\/wp\/v2\/users\/1"}],"replies":[{"embeddable":true,"href":"https:\/\/iedeltriunfoelcolegio.edu.co\/index.php\/wp-json\/wp\/v2\/comments?post=409"}],"version-history":[{"count":1,"href":"https:\/\/iedeltriunfoelcolegio.edu.co\/index.php\/wp-json\/wp\/v2\/pages\/409\/revisions"}],"predecessor-version":[{"id":412,"href":"https:\/\/iedeltriunfoelcolegio.edu.co\/index.php\/wp-json\/wp\/v2\/pages\/409\/revisions\/412"}],"wp:attachment":[{"href":"https:\/\/iedeltriunfoelcolegio.edu.co\/index.php\/wp-json\/wp\/v2\/media?parent=409"}],"curies":[{"name":"wp","href":"https:\/\/api.w.org\/{rel}","templated":true}]}}