{"id":407,"date":"2026-01-09T11:50:41","date_gmt":"2026-01-09T14:50:41","guid":{"rendered":"https:\/\/iedeltriunfoelcolegio.edu.co\/?page_id=407"},"modified":"2026-01-09T11:50:41","modified_gmt":"2026-01-09T14:50:41","slug":"programa-de-alimentacion-escolar","status":"publish","type":"page","link":"https:\/\/iedeltriunfoelcolegio.edu.co\/index.php\/programa-de-alimentacion-escolar\/","title":{"rendered":"Programa de Alimentaci\u00f3n Escolar"},"content":{"rendered":"\n<p style=\"font-size:20px\">La IED El Triunfo, en cada una de las sedes unitarias de b\u00e1sica primaria, y la sede Jos\u00e9 Antonio Gal\u00e1n, les ofrece a los estudiantes complemento tipo almuerzo, por estar focalizados en el programa de Jornada \u00danica. La sede de El Triunfo ofrece refrigerio procesado en sitio a los estudiantes del nivel de b\u00e1sica secundaria. As\u00ed mismo, se les brinda complemento tipo almuerzo a los estudiantes de la media acad\u00e9mica focalizados en Jornada \u00danica<\/p>\n\n\n\n<p style=\"font-size:20px\">Este beneficio es financiado por la Gobernaci\u00f3n de Cundinamarca para los estudiantes por medio de la empresa adjudicada por el mismo ente gubernamental, el cual se encuentra monitoreado permanentemente por funcionarios del equipo Plan Alimentario Escolar (PAE). El operador tiene como objetivo \u201cDesarrollar el programa de Alimentaci\u00f3n escolar, a trav\u00e9s del cual se brinde un completo alimento a ni\u00f1os, ni\u00f1as y adolescentes, registrados en el Sistema Integrado de Matr\u00edcula (SIMAT) de municipios no certificados de Cundinamarca\u201d. <\/p>\n\n\n\n<p><\/p>\n","protected":false},"excerpt":{"rendered":"<p>La IED El Triunfo, en cada una de las sedes unitarias de b\u00e1sica primaria, y la sede Jos\u00e9 Antonio Gal\u00e1n, les ofrece a los estudiantes complemento tipo almuerzo, por estar focalizados en el programa de Jornada \u00danica. La sede de El Triunfo ofrece refrigerio procesado en sitio a los estudiantes del nivel de b\u00e1sica secundaria. [&hellip;]<\/p>\n","protected":false},"author":1,"featured_media":0,"parent":0,"menu_order":0,"comment_status":"closed","ping_status":"closed","template":"","meta":{"saved_in_kubio":false,"footnotes":""},"class_list":["post-407","page","type-page","status-publish","hentry"],"kubio_ai_page_context":{"short_desc":"","purpose":"general"},"_links":{"self":[{"href":"https:\/\/iedeltriunfoelcolegio.edu.co\/index.php\/wp-json\/wp\/v2\/pages\/407","targetHints":{"allow":["GET"]}}],"collection":[{"href":"https:\/\/iedeltriunfoelcolegio.edu.co\/index.php\/wp-json\/wp\/v2\/pages"}],"about":[{"href":"https:\/\/iedeltriunfoelcolegio.edu.co\/index.php\/wp-json\/wp\/v2\/types\/page"}],"author":[{"embeddable":true,"href":"https:\/\/iedeltriunfoelcolegio.edu.co\/index.php\/wp-json\/wp\/v2\/users\/1"}],"replies":[{"embeddable":true,"href":"https:\/\/iedeltriunfoelcolegio.edu.co\/index.php\/wp-json\/wp\/v2\/comments?post=407"}],"version-history":[{"count":1,"href":"https:\/\/iedeltriunfoelcolegio.edu.co\/index.php\/wp-json\/wp\/v2\/pages\/407\/revisions"}],"predecessor-version":[{"id":408,"href":"https:\/\/iedeltriunfoelcolegio.edu.co\/index.php\/wp-json\/wp\/v2\/pages\/407\/revisions\/408"}],"wp:attachment":[{"href":"https:\/\/iedeltriunfoelcolegio.edu.co\/index.php\/wp-json\/wp\/v2\/media?parent=407"}],"curies":[{"name":"wp","href":"https:\/\/api.w.org\/{rel}","templated":true}]}}