{"id":404,"date":"2026-01-09T11:48:55","date_gmt":"2026-01-09T14:48:55","guid":{"rendered":"https:\/\/iedeltriunfoelcolegio.edu.co\/?page_id=404"},"modified":"2026-01-09T11:48:55","modified_gmt":"2026-01-09T14:48:55","slug":"movilidad-escolar","status":"publish","type":"page","link":"https:\/\/iedeltriunfoelcolegio.edu.co\/index.php\/movilidad-escolar\/","title":{"rendered":"Movilidad escolar"},"content":{"rendered":"\n<p style=\"font-size:20px\">Con el objetivo de brindar bienestar a los educandos, la Gobernaci\u00f3n de Cundinamarca en convenio con la Alcald\u00eda Municipal y con datos suministrados por la IED se establecen varias rutas para desplazar a la poblaci\u00f3n estudiantil en ida y regreso de las diferentes veredas a las sedes de El Triunfo y Jos\u00e9 Antonio Gal\u00e1n ubicados en el centro poblado de la Inspecci\u00f3n El Triunfo. Los padres de familia son los veedores del transporte escolar por lo tanto informan sobre las novedades de este a la instituci\u00f3n y colaboran con sus hijos para que tengan un comportamiento y uso adecuado del servicio.<\/p>\n\n\n\n<p style=\"font-size:20px\">Para ser beneficiario de la estrategia de \u201csubsidio de movilidad escolar\u201d los estudiantes deber\u00e1n cumplir con todos los siguientes requisitos:<\/p>\n\n\n\n<ol class=\"wp-block-list\">\n<li style=\"font-size:20px\">Que se encuentre debidamente registrado en el sistema integrado de matr\u00edcula (SIMAT).<\/li>\n\n\n\n<li style=\"font-size:20px\">Que la distancia que existente entre su vivienda y la instituci\u00f3n educativa sea igual o mayor a 3 kil\u00f3metros.<\/li>\n\n\n\n<li style=\"font-size:20px\">Que en el sector de residencia no se cuente con establecimientos educativos oficiales que puedan prestar el servicio requerido.<\/li>\n\n\n\n<li style=\"font-size:20px\">Se dar\u00e1 prioridad a los niveles de educaci\u00f3n b\u00e1sica secundaria y media acad\u00e9mica, siempre y cuando en el lugar de domicilio no se cuente con un establecimiento educativo que preste dicho servicio.<\/li>\n\n\n\n<li style=\"font-size:20px\">Los estudiantes de preescolar y\/o b\u00e1sica primaria que por bajas coberturas u otras circunstancias de la sede educativa deban ser trasladados.<\/li>\n<\/ol>\n\n\n\n<p style=\"font-size:25px\"><strong><em>Programa de Alimentaci\u00f3n Escolar &lt;&lt;PAE>><\/em><\/strong><\/p>\n\n\n\n<p style=\"font-size:20px\">La IED El Triunfo, en cada una de las sedes unitarias de b\u00e1sica primaria, y la sede Jos\u00e9 Antonio Gal\u00e1n, les ofrece a los estudiantes complemento tipo almuerzo, por estar focalizados en el programa de Jornada \u00danica. La sede de El Triunfo ofrece refrigerio procesado en sitio a los estudiantes del nivel de b\u00e1sica secundaria. As\u00ed mismo, se les brinda complemento tipo almuerzo a los estudiantes de la media acad\u00e9mica focalizados en Jornada \u00danica<\/p>\n\n\n\n<p style=\"font-size:20px\">Este beneficio es financiado por la Gobernaci\u00f3n de Cundinamarca para los estudiantes por medio de la empresa adjudicada por el mismo ente gubernamental, el cual se encuentra monitoreado permanentemente por funcionarios del equipo Plan Alimentario Escolar (PAE). El operador tiene como objetivo \u201cDesarrollar el programa de Alimentaci\u00f3n escolar, a trav\u00e9s del cual se brinde un completo alimento a ni\u00f1os, ni\u00f1as y adolescentes, registrados en el Sistema Integrado de Matr\u00edcula (SIMAT) de municipios no certificados de Cundinamarca\u201d.<\/p>\n","protected":false},"excerpt":{"rendered":"<p>Con el objetivo de brindar bienestar a los educandos, la Gobernaci\u00f3n de Cundinamarca en convenio con la Alcald\u00eda Municipal y con datos suministrados por la IED se establecen varias rutas para desplazar a la poblaci\u00f3n estudiantil en ida y regreso de las diferentes veredas a las sedes de El Triunfo y Jos\u00e9 Antonio Gal\u00e1n ubicados [&hellip;]<\/p>\n","protected":false},"author":1,"featured_media":0,"parent":0,"menu_order":0,"comment_status":"closed","ping_status":"closed","template":"","meta":{"saved_in_kubio":false,"footnotes":""},"class_list":["post-404","page","type-page","status-publish","hentry"],"kubio_ai_page_context":{"short_desc":"","purpose":"general"},"_links":{"self":[{"href":"https:\/\/iedeltriunfoelcolegio.edu.co\/index.php\/wp-json\/wp\/v2\/pages\/404","targetHints":{"allow":["GET"]}}],"collection":[{"href":"https:\/\/iedeltriunfoelcolegio.edu.co\/index.php\/wp-json\/wp\/v2\/pages"}],"about":[{"href":"https:\/\/iedeltriunfoelcolegio.edu.co\/index.php\/wp-json\/wp\/v2\/types\/page"}],"author":[{"embeddable":true,"href":"https:\/\/iedeltriunfoelcolegio.edu.co\/index.php\/wp-json\/wp\/v2\/users\/1"}],"replies":[{"embeddable":true,"href":"https:\/\/iedeltriunfoelcolegio.edu.co\/index.php\/wp-json\/wp\/v2\/comments?post=404"}],"version-history":[{"count":1,"href":"https:\/\/iedeltriunfoelcolegio.edu.co\/index.php\/wp-json\/wp\/v2\/pages\/404\/revisions"}],"predecessor-version":[{"id":406,"href":"https:\/\/iedeltriunfoelcolegio.edu.co\/index.php\/wp-json\/wp\/v2\/pages\/404\/revisions\/406"}],"wp:attachment":[{"href":"https:\/\/iedeltriunfoelcolegio.edu.co\/index.php\/wp-json\/wp\/v2\/media?parent=404"}],"curies":[{"name":"wp","href":"https:\/\/api.w.org\/{rel}","templated":true}]}}