{"id":401,"date":"2026-01-09T11:46:59","date_gmt":"2026-01-09T14:46:59","guid":{"rendered":"https:\/\/iedeltriunfoelcolegio.edu.co\/?page_id=401"},"modified":"2026-01-09T11:46:59","modified_gmt":"2026-01-09T14:46:59","slug":"rendicion-de-cuentas","status":"publish","type":"page","link":"https:\/\/iedeltriunfoelcolegio.edu.co\/index.php\/rendicion-de-cuentas\/","title":{"rendered":"Rendici\u00f3n de cuentas"},"content":{"rendered":"\n<p style=\"font-size:20px\">La IED El Triunfo realiza la rendici\u00f3n de cuentas al cierre de cada semestre. Es un\u00a0proceso por el cual, como entidad p\u00fablica, se informa, se dan a conocer las acciones, decisiones y el uso de los recursos a la comunidad educativa y a los organismos de control. Por lo tanto, se convierte en un mecanismo de transparencia y di\u00e1logo que permite a la comunidad educativa evaluar la gesti\u00f3n p\u00fablica, participar activamente en el control y exigir la responsabilidad de quienes ejercen la autoridad.\u00a0<\/p>\n","protected":false},"excerpt":{"rendered":"<p>La IED El Triunfo realiza la rendici\u00f3n de cuentas al cierre de cada semestre. Es un\u00a0proceso por el cual, como entidad p\u00fablica, se informa, se dan a conocer las acciones, decisiones y el uso de los recursos a la comunidad educativa y a los organismos de control. Por lo tanto, se convierte en un mecanismo [&hellip;]<\/p>\n","protected":false},"author":1,"featured_media":0,"parent":0,"menu_order":0,"comment_status":"closed","ping_status":"closed","template":"","meta":{"saved_in_kubio":false,"footnotes":""},"class_list":["post-401","page","type-page","status-publish","hentry"],"kubio_ai_page_context":{"short_desc":"","purpose":"general"},"_links":{"self":[{"href":"https:\/\/iedeltriunfoelcolegio.edu.co\/index.php\/wp-json\/wp\/v2\/pages\/401","targetHints":{"allow":["GET"]}}],"collection":[{"href":"https:\/\/iedeltriunfoelcolegio.edu.co\/index.php\/wp-json\/wp\/v2\/pages"}],"about":[{"href":"https:\/\/iedeltriunfoelcolegio.edu.co\/index.php\/wp-json\/wp\/v2\/types\/page"}],"author":[{"embeddable":true,"href":"https:\/\/iedeltriunfoelcolegio.edu.co\/index.php\/wp-json\/wp\/v2\/users\/1"}],"replies":[{"embeddable":true,"href":"https:\/\/iedeltriunfoelcolegio.edu.co\/index.php\/wp-json\/wp\/v2\/comments?post=401"}],"version-history":[{"count":1,"href":"https:\/\/iedeltriunfoelcolegio.edu.co\/index.php\/wp-json\/wp\/v2\/pages\/401\/revisions"}],"predecessor-version":[{"id":402,"href":"https:\/\/iedeltriunfoelcolegio.edu.co\/index.php\/wp-json\/wp\/v2\/pages\/401\/revisions\/402"}],"wp:attachment":[{"href":"https:\/\/iedeltriunfoelcolegio.edu.co\/index.php\/wp-json\/wp\/v2\/media?parent=401"}],"curies":[{"name":"wp","href":"https:\/\/api.w.org\/{rel}","templated":true}]}}