{"id":392,"date":"2026-01-09T11:45:21","date_gmt":"2026-01-09T14:45:21","guid":{"rendered":"https:\/\/iedeltriunfoelcolegio.edu.co\/?page_id=392"},"modified":"2026-01-09T11:45:21","modified_gmt":"2026-01-09T14:45:21","slug":"sedes-adscritas-a-la-ied-el-triunfo","status":"publish","type":"page","link":"https:\/\/iedeltriunfoelcolegio.edu.co\/index.php\/sedes-adscritas-a-la-ied-el-triunfo\/","title":{"rendered":"Sedes adscritas a la IED El Triunfo."},"content":{"rendered":"\n<p style=\"font-size:20px\">La instituci\u00f3n est\u00e1 conformada por una sede principal all\u00ed se tiende a; Preescolar y B\u00e1sica Primaria, una sede para B\u00e1sica Secundaria, Media Acad\u00e9mica y Educaci\u00f3n Adultos.&nbsp; Adem\u00e1s, de cuatro sedes rurales que llevan el mismo nombre de la vereda en que est\u00e1n ubicadas, ofrecen cobertura para preescolar y B\u00e1sica Primaria. A continuaci\u00f3n, se describe brevemente cada una ellas:<\/p>\n\n\n\n<p style=\"font-size:25px\"><strong><em>Sede Honduras<\/em><\/strong><\/p>\n\n\n\n<p style=\"font-size:20px\">Est\u00e1 construida sobre un terreno irregular, en la parte alta est\u00e1 ubicada la planta f\u00edsica principal y en la parte baja se encuentra el polideportivo y un parque infantil en mal estado. Cuenta con dos v\u00edas de acceso desde la carretera principal.<\/p>\n\n\n\n<figure class=\"wp-block-image aligncenter size-full is-resized\"><img loading=\"lazy\" decoding=\"async\" width=\"978\" height=\"485\" src=\"https:\/\/iedeltriunfoelcolegio.edu.co\/wp-content\/uploads\/2026\/01\/image-7.png\" alt=\"\" class=\"wp-image-393\" style=\"aspect-ratio:2.0166468489892986;width:620px;height:auto\" srcset=\"https:\/\/iedeltriunfoelcolegio.edu.co\/wp-content\/uploads\/2026\/01\/image-7.png 978w, https:\/\/iedeltriunfoelcolegio.edu.co\/wp-content\/uploads\/2026\/01\/image-7-300x149.png 300w, https:\/\/iedeltriunfoelcolegio.edu.co\/wp-content\/uploads\/2026\/01\/image-7-768x381.png 768w\" sizes=\"(max-width: 978px) 100vw, 978px\" \/><\/figure>\n\n\n\n<p style=\"font-size:25px\"><strong><em>Sede El Porvenir<\/em><\/strong><\/p>\n\n\n\n<p style=\"font-size:20px\">Cuenta con un sal\u00f3n de clases, una sala para sistemas, ba\u00f1os, una cocina y una habitaci\u00f3n. Tiene una zona que se usa como patio de recreo en la cual hay un parque infantil. No tiene cancha de microf\u00fatbol por lo cual las clases de educaci\u00f3n f\u00edsica se realizan en el polideportivo de la vereda. En la entrada de la escuela hay una sala que se usa como comedor. Cuenta con servicios de energ\u00eda el\u00e9ctrica, internet, acueducto y pozo s\u00e9ptico.<\/p>\n\n\n\n<figure class=\"wp-block-image aligncenter size-full is-resized\"><img loading=\"lazy\" decoding=\"async\" width=\"1017\" height=\"531\" src=\"https:\/\/iedeltriunfoelcolegio.edu.co\/wp-content\/uploads\/2026\/01\/image-8.png\" alt=\"\" class=\"wp-image-394\" style=\"aspect-ratio:1.9152976141335756;width:608px;height:auto\" srcset=\"https:\/\/iedeltriunfoelcolegio.edu.co\/wp-content\/uploads\/2026\/01\/image-8.png 1017w, https:\/\/iedeltriunfoelcolegio.edu.co\/wp-content\/uploads\/2026\/01\/image-8-300x157.png 300w, https:\/\/iedeltriunfoelcolegio.edu.co\/wp-content\/uploads\/2026\/01\/image-8-768x401.png 768w\" sizes=\"(max-width: 1017px) 100vw, 1017px\" \/><\/figure>\n\n\n\n<p style=\"font-size:25px\"><strong><em>Sede Misiones<\/em><\/strong><\/p>\n\n\n\n<p style=\"font-size:20px\">Es propiedad de la hacienda del mismo nombre, cuenta con dos salones (uno de ellos se usa como biblioteca), un comedor escolar, cocina, una sala de sistemas y un apartamento. Adem\u00e1s, una cancha de microf\u00fatbol en regular estado. Cuenta con servicios de energ\u00eda el\u00e9ctrica, acueducto y pozo s\u00e9ptico.<\/p>\n\n\n\n<figure class=\"wp-block-image aligncenter size-full is-resized\"><img loading=\"lazy\" decoding=\"async\" width=\"1018\" height=\"530\" src=\"https:\/\/iedeltriunfoelcolegio.edu.co\/wp-content\/uploads\/2026\/01\/image-9.png\" alt=\"\" class=\"wp-image-396\" style=\"aspect-ratio:1.920799258751964;width:599px;height:auto\" srcset=\"https:\/\/iedeltriunfoelcolegio.edu.co\/wp-content\/uploads\/2026\/01\/image-9.png 1018w, https:\/\/iedeltriunfoelcolegio.edu.co\/wp-content\/uploads\/2026\/01\/image-9-300x156.png 300w, https:\/\/iedeltriunfoelcolegio.edu.co\/wp-content\/uploads\/2026\/01\/image-9-768x400.png 768w\" sizes=\"(max-width: 1018px) 100vw, 1018px\" \/><\/figure>\n\n\n\n<p style=\"font-size:25px\"><strong><em>Sede San Ram\u00f3n<\/em><\/strong><\/p>\n\n\n\n<p style=\"font-size:20px\">La nueva escuela de San Ram\u00f3n, fue construida siguiendo las normas t\u00e9cnicas establecidas para infraestructura educativa; la nueva sede cuenta con aula polivalente, sala de sistemas, \u00e1rea de restaurante escolar, \u00e1rea de cocina, ba\u00f1os incluido ba\u00f1o para personas con limitaciones f\u00edsicas, bunker de seguridad para guardar computadores y equipos electr\u00f3nicos, \u00e1rea de juegos, al frente de la construcci\u00f3n quedo instalado el&nbsp; parque infantil, adem\u00e1s cuenta con servicios de energ\u00eda el\u00e9ctrica, internet, acueducto y pozo s\u00e9ptico.<\/p>\n\n\n\n<figure class=\"wp-block-image aligncenter size-full is-resized\"><img loading=\"lazy\" decoding=\"async\" width=\"867\" height=\"527\" src=\"https:\/\/iedeltriunfoelcolegio.edu.co\/wp-content\/uploads\/2026\/01\/image-10.png\" alt=\"\" class=\"wp-image-397\" style=\"aspect-ratio:1.6452860924455304;width:563px;height:auto\" srcset=\"https:\/\/iedeltriunfoelcolegio.edu.co\/wp-content\/uploads\/2026\/01\/image-10.png 867w, https:\/\/iedeltriunfoelcolegio.edu.co\/wp-content\/uploads\/2026\/01\/image-10-300x182.png 300w, https:\/\/iedeltriunfoelcolegio.edu.co\/wp-content\/uploads\/2026\/01\/image-10-768x467.png 768w\" sizes=\"(max-width: 867px) 100vw, 867px\" \/><\/figure>\n\n\n\n<p style=\"font-size:25px\"><strong><em>Sede Jos\u00e9 Antonio Gal\u00e1n<\/em><\/strong><\/p>\n\n\n\n<p style=\"font-size:20px\">La sede de la nueva escuela est\u00e1 construida sobre un terreno irregular, en la parte baja tiene una biblioteca, aula de sistemas, oficina orientaci\u00f3n escolar, un sal\u00f3n polivalente (se usa tambi\u00e9n como restaurante escolar), ba\u00f1o para personas con movilidad reducida, una sala de profesores y un aula para educaci\u00f3n inicial, un aula&nbsp; para preescolar, y aulas para grados primero y segundo, ba\u00f1os adecuados a la edad de los ni\u00f1os y ni\u00f1as, adicional se encuentra la sub estaci\u00f3n el\u00e9ctrica y tanques de almacenamiento de agua y sus planta de bombeo. En la parte alta hay cinco salones para primaria con sus respectivas unidades sanitarias. Adem\u00e1s, la sede cuenta con infraestructura y elementos de seguridad: un sistema de detecci\u00f3n de incendios; un sistema de alarma ubicado junto a la sala de profesores, el cual puede ser activado en caso de presentarse alg\u00fan tipo de riesgo; el sistema el\u00e9ctrico que es controlado desde un lugar ubicado junto al camerino de la sala m\u00faltiple; y el sistema de aguas residuales que incluye una trampa de grasas ubicada cerca de la cocina. En la parte central se encuentra un espacio para la pr\u00e1ctica del baloncesto, futbol de sal\u00f3n y voleibol y una zona verde con parque infantil en madera ecol\u00f3gica.<\/p>\n\n\n\n<figure class=\"wp-block-image aligncenter size-full is-resized\"><img loading=\"lazy\" decoding=\"async\" width=\"959\" height=\"465\" src=\"https:\/\/iedeltriunfoelcolegio.edu.co\/wp-content\/uploads\/2026\/01\/image-11.png\" alt=\"\" class=\"wp-image-398\" style=\"aspect-ratio:2.0624429432170897;width:590px;height:auto\" srcset=\"https:\/\/iedeltriunfoelcolegio.edu.co\/wp-content\/uploads\/2026\/01\/image-11.png 959w, https:\/\/iedeltriunfoelcolegio.edu.co\/wp-content\/uploads\/2026\/01\/image-11-300x145.png 300w, https:\/\/iedeltriunfoelcolegio.edu.co\/wp-content\/uploads\/2026\/01\/image-11-768x372.png 768w\" sizes=\"(max-width: 959px) 100vw, 959px\" \/><\/figure>\n\n\n\n<p style=\"font-size:25px\"><strong><em>Sede principal El Triunfo <\/em><\/strong><\/p>\n\n\n\n<p style=\"font-size:20px\">La planta f\u00edsica se distribuye de la siguiente manera: 14 aulas de clase, un laboratorio de qu\u00edmica, uno de f\u00edsica, una sala de sistemas y una biblioteca; una secci\u00f3n administrativa: secretar\u00eda y rector\u00eda junto a la cual se encuentra el aula m\u00faltiple; una sala de profesores y el archivo; una oficina para coordinaci\u00f3n; un espacio para el dep\u00f3sito de elementos deportivos e instrumentos musicales, una caseta para la porter\u00eda y\/o vigilancia, bater\u00edas de ba\u00f1os para ni\u00f1as y ni\u00f1os, En la parte superior de la rotonda\u00a0 se encuentra un espacio para la pr\u00e1ctica del baloncesto, futbol de sal\u00f3n y voleibol y amplias zonas verdes, irriga la parte alta de la infraestructura una escorrent\u00eda que a su vez separa la zona boscosa de la instituci\u00f3n . Existen los espacios para prestar los servicios de cafeter\u00eda y fotocopiadora.<\/p>\n\n\n\n<figure class=\"wp-block-image aligncenter size-full is-resized\"><img loading=\"lazy\" decoding=\"async\" width=\"838\" height=\"518\" src=\"https:\/\/iedeltriunfoelcolegio.edu.co\/wp-content\/uploads\/2026\/01\/image-12.png\" alt=\"\" class=\"wp-image-399\" style=\"aspect-ratio:1.6177984393159555;width:673px;height:auto\" srcset=\"https:\/\/iedeltriunfoelcolegio.edu.co\/wp-content\/uploads\/2026\/01\/image-12.png 838w, https:\/\/iedeltriunfoelcolegio.edu.co\/wp-content\/uploads\/2026\/01\/image-12-300x185.png 300w, https:\/\/iedeltriunfoelcolegio.edu.co\/wp-content\/uploads\/2026\/01\/image-12-768x475.png 768w\" sizes=\"(max-width: 838px) 100vw, 838px\" \/><\/figure>\n","protected":false},"excerpt":{"rendered":"<p>La instituci\u00f3n est\u00e1 conformada por una sede principal all\u00ed se tiende a; Preescolar y B\u00e1sica Primaria, una sede para B\u00e1sica Secundaria, Media Acad\u00e9mica y Educaci\u00f3n Adultos.&nbsp; Adem\u00e1s, de cuatro sedes rurales que llevan el mismo nombre de la vereda en que est\u00e1n ubicadas, ofrecen cobertura para preescolar y B\u00e1sica Primaria. A continuaci\u00f3n, se describe brevemente [&hellip;]<\/p>\n","protected":false},"author":1,"featured_media":0,"parent":0,"menu_order":0,"comment_status":"closed","ping_status":"closed","template":"","meta":{"saved_in_kubio":false,"footnotes":""},"class_list":["post-392","page","type-page","status-publish","hentry"],"kubio_ai_page_context":{"short_desc":"","purpose":"general"},"_links":{"self":[{"href":"https:\/\/iedeltriunfoelcolegio.edu.co\/index.php\/wp-json\/wp\/v2\/pages\/392","targetHints":{"allow":["GET"]}}],"collection":[{"href":"https:\/\/iedeltriunfoelcolegio.edu.co\/index.php\/wp-json\/wp\/v2\/pages"}],"about":[{"href":"https:\/\/iedeltriunfoelcolegio.edu.co\/index.php\/wp-json\/wp\/v2\/types\/page"}],"author":[{"embeddable":true,"href":"https:\/\/iedeltriunfoelcolegio.edu.co\/index.php\/wp-json\/wp\/v2\/users\/1"}],"replies":[{"embeddable":true,"href":"https:\/\/iedeltriunfoelcolegio.edu.co\/index.php\/wp-json\/wp\/v2\/comments?post=392"}],"version-history":[{"count":1,"href":"https:\/\/iedeltriunfoelcolegio.edu.co\/index.php\/wp-json\/wp\/v2\/pages\/392\/revisions"}],"predecessor-version":[{"id":400,"href":"https:\/\/iedeltriunfoelcolegio.edu.co\/index.php\/wp-json\/wp\/v2\/pages\/392\/revisions\/400"}],"wp:attachment":[{"href":"https:\/\/iedeltriunfoelcolegio.edu.co\/index.php\/wp-json\/wp\/v2\/media?parent=392"}],"curies":[{"name":"wp","href":"https:\/\/api.w.org\/{rel}","templated":true}]}}