{"id":390,"date":"2026-01-09T11:36:59","date_gmt":"2026-01-09T14:36:59","guid":{"rendered":"https:\/\/iedeltriunfoelcolegio.edu.co\/?page_id=390"},"modified":"2026-01-09T11:36:59","modified_gmt":"2026-01-09T14:36:59","slug":"suministros-y-dotacion","status":"publish","type":"page","link":"https:\/\/iedeltriunfoelcolegio.edu.co\/index.php\/suministros-y-dotacion\/","title":{"rendered":"Suministros y dotaci\u00f3n"},"content":{"rendered":"\n<p style=\"font-size:20px\">Para cubrir las necesidades acad\u00e9micas en el a\u00f1o escolar 2025 se cuenta con muebles b\u00e1sicos. La mayor\u00eda de ellos se encuentran en buen estado y cantidad suficiente para atender a la poblaci\u00f3n matriculada en la IED.<\/p>\n","protected":false},"excerpt":{"rendered":"<p>Para cubrir las necesidades acad\u00e9micas en el a\u00f1o escolar 2025 se cuenta con muebles b\u00e1sicos. La mayor\u00eda de ellos se encuentran en buen estado y cantidad suficiente para atender a la poblaci\u00f3n matriculada en la IED.<\/p>\n","protected":false},"author":1,"featured_media":0,"parent":0,"menu_order":0,"comment_status":"closed","ping_status":"closed","template":"","meta":{"saved_in_kubio":false,"footnotes":""},"class_list":["post-390","page","type-page","status-publish","hentry"],"kubio_ai_page_context":{"short_desc":"","purpose":"general"},"_links":{"self":[{"href":"https:\/\/iedeltriunfoelcolegio.edu.co\/index.php\/wp-json\/wp\/v2\/pages\/390","targetHints":{"allow":["GET"]}}],"collection":[{"href":"https:\/\/iedeltriunfoelcolegio.edu.co\/index.php\/wp-json\/wp\/v2\/pages"}],"about":[{"href":"https:\/\/iedeltriunfoelcolegio.edu.co\/index.php\/wp-json\/wp\/v2\/types\/page"}],"author":[{"embeddable":true,"href":"https:\/\/iedeltriunfoelcolegio.edu.co\/index.php\/wp-json\/wp\/v2\/users\/1"}],"replies":[{"embeddable":true,"href":"https:\/\/iedeltriunfoelcolegio.edu.co\/index.php\/wp-json\/wp\/v2\/comments?post=390"}],"version-history":[{"count":1,"href":"https:\/\/iedeltriunfoelcolegio.edu.co\/index.php\/wp-json\/wp\/v2\/pages\/390\/revisions"}],"predecessor-version":[{"id":391,"href":"https:\/\/iedeltriunfoelcolegio.edu.co\/index.php\/wp-json\/wp\/v2\/pages\/390\/revisions\/391"}],"wp:attachment":[{"href":"https:\/\/iedeltriunfoelcolegio.edu.co\/index.php\/wp-json\/wp\/v2\/media?parent=390"}],"curies":[{"name":"wp","href":"https:\/\/api.w.org\/{rel}","templated":true}]}}