{"id":387,"date":"2026-01-09T11:29:34","date_gmt":"2026-01-09T14:29:34","guid":{"rendered":"https:\/\/iedeltriunfoelcolegio.edu.co\/?page_id=387"},"modified":"2026-01-09T11:29:34","modified_gmt":"2026-01-09T14:29:34","slug":"mantenimiento-de-la-planta-fisica","status":"publish","type":"page","link":"https:\/\/iedeltriunfoelcolegio.edu.co\/index.php\/mantenimiento-de-la-planta-fisica\/","title":{"rendered":"Mantenimiento de la planta f\u00edsica"},"content":{"rendered":"\n<p style=\"font-size:20px\">En el presupuesto anual de la instituci\u00f3n se proyectan los recursos econ\u00f3micos para los mantenimientos preventivos, de presentarse da\u00f1os imprevistos se reporta la novedad ante la secretar\u00eda de la instituci\u00f3n, y de all\u00ed es remitido a rector\u00eda, para la aprobaci\u00f3n del arreglo, si es necesario se remite al Concejo Directivo para la respectiva aprobaci\u00f3n y dar tr\u00e1mite seg\u00fan normatividad del proceso de contrataci\u00f3n de los mantenimientos.<\/p>\n\n\n\n<p style=\"font-size:20px\">El ambiente f\u00edsico de cada una de las sedes es prioridad para el buen desarrollo de los procesos pedag\u00f3gicos de los educandos y en la perspectiva de fomentar el cuidado y el sentido de apropiaci\u00f3n por toda la comunidad educativa. La Instituci\u00f3n ha dise\u00f1ado estrategias de mejoramiento de la planta f\u00edsica de cada sede, el mantenimiento de espacios pedag\u00f3gicos, culturales y recreativos, para ofrecer&nbsp;un ambiente agradable y confortable a los estudiantes para el aprendizaje y la convivencia. El cuidado y mantenimiento de la instituci\u00f3n se realiza bajo ejes fundamentales, a saber:<\/p>\n\n\n\n<ul class=\"wp-block-list\">\n<li style=\"font-size:20px\"><strong>Mantenimiento de la planta f\u00edsica<\/strong>:\u00a0La Instituci\u00f3n Educativa hace\u00a0mantenimiento de su planta f\u00edsica haciendo uso de recursos propios y aquellos transferidos por el CONPES (<em>El Consejo Nacional de Pol\u00edtica Econ\u00f3mica y Social<\/em><em>)<\/em> que se ejecutan durante el transcurso del a\u00f1o escolar.<\/li>\n\n\n\n<li style=\"font-size:20px\"><strong>Jornadas para la adecuaci\u00f3n y el cuidado de la planta f\u00edsica:<\/strong> el mantenimiento de los espacios f\u00edsicos se realiza de acuerdo con los requerimientos y las necesidades que surgen con el apoyo del personal de servicios generales.\u00a0<\/li>\n<\/ul>\n","protected":false},"excerpt":{"rendered":"<p>En el presupuesto anual de la instituci\u00f3n se proyectan los recursos econ\u00f3micos para los mantenimientos preventivos, de presentarse da\u00f1os imprevistos se reporta la novedad ante la secretar\u00eda de la instituci\u00f3n, y de all\u00ed es remitido a rector\u00eda, para la aprobaci\u00f3n del arreglo, si es necesario se remite al Concejo Directivo para la respectiva aprobaci\u00f3n y [&hellip;]<\/p>\n","protected":false},"author":1,"featured_media":0,"parent":0,"menu_order":0,"comment_status":"closed","ping_status":"closed","template":"","meta":{"saved_in_kubio":false,"footnotes":""},"class_list":["post-387","page","type-page","status-publish","hentry"],"kubio_ai_page_context":{"short_desc":"","purpose":"general"},"_links":{"self":[{"href":"https:\/\/iedeltriunfoelcolegio.edu.co\/index.php\/wp-json\/wp\/v2\/pages\/387","targetHints":{"allow":["GET"]}}],"collection":[{"href":"https:\/\/iedeltriunfoelcolegio.edu.co\/index.php\/wp-json\/wp\/v2\/pages"}],"about":[{"href":"https:\/\/iedeltriunfoelcolegio.edu.co\/index.php\/wp-json\/wp\/v2\/types\/page"}],"author":[{"embeddable":true,"href":"https:\/\/iedeltriunfoelcolegio.edu.co\/index.php\/wp-json\/wp\/v2\/users\/1"}],"replies":[{"embeddable":true,"href":"https:\/\/iedeltriunfoelcolegio.edu.co\/index.php\/wp-json\/wp\/v2\/comments?post=387"}],"version-history":[{"count":1,"href":"https:\/\/iedeltriunfoelcolegio.edu.co\/index.php\/wp-json\/wp\/v2\/pages\/387\/revisions"}],"predecessor-version":[{"id":388,"href":"https:\/\/iedeltriunfoelcolegio.edu.co\/index.php\/wp-json\/wp\/v2\/pages\/387\/revisions\/388"}],"wp:attachment":[{"href":"https:\/\/iedeltriunfoelcolegio.edu.co\/index.php\/wp-json\/wp\/v2\/media?parent=387"}],"curies":[{"name":"wp","href":"https:\/\/api.w.org\/{rel}","templated":true}]}}