{"id":385,"date":"2026-01-09T11:25:51","date_gmt":"2026-01-09T14:25:51","guid":{"rendered":"https:\/\/iedeltriunfoelcolegio.edu.co\/?page_id=385"},"modified":"2026-01-09T11:25:51","modified_gmt":"2026-01-09T14:25:51","slug":"proceso-de-matricula","status":"publish","type":"page","link":"https:\/\/iedeltriunfoelcolegio.edu.co\/index.php\/proceso-de-matricula\/","title":{"rendered":"Proceso de matr\u00edcula"},"content":{"rendered":"\n<p style=\"font-size:20px\">La matr\u00edcula es el acto que formaliza la vinculaci\u00f3n del educando al servicio educativo. Se realiza por una sola vez, al ingresar el estudiante a un establecimiento educativo, pudi\u00e9ndose establecer renovaciones para cada periodo acad\u00e9mico, art\u00edculo 95, Ley 115 de 1994. Lo cual, lo constituyen alumno o estudiante de una instituci\u00f3n educativa, a partir de las firmas del libro de matr\u00edcula por parte del padre, madre o acudiente; rector o director y el propio estudiante; generando una serie de derechos y deberes establecidos en el Proyecto Educativo Institucional (PEI) y en particular en el manual de convivencia de la instituci\u00f3n.<\/p>\n\n\n\n<p><\/p>\n","protected":false},"excerpt":{"rendered":"<p>La matr\u00edcula es el acto que formaliza la vinculaci\u00f3n del educando al servicio educativo. Se realiza por una sola vez, al ingresar el estudiante a un establecimiento educativo, pudi\u00e9ndose establecer renovaciones para cada periodo acad\u00e9mico, art\u00edculo 95, Ley 115 de 1994. Lo cual, lo constituyen alumno o estudiante de una instituci\u00f3n educativa, a partir de [&hellip;]<\/p>\n","protected":false},"author":1,"featured_media":0,"parent":0,"menu_order":0,"comment_status":"closed","ping_status":"closed","template":"","meta":{"saved_in_kubio":false,"footnotes":""},"class_list":["post-385","page","type-page","status-publish","hentry"],"kubio_ai_page_context":{"short_desc":"","purpose":"general"},"_links":{"self":[{"href":"https:\/\/iedeltriunfoelcolegio.edu.co\/index.php\/wp-json\/wp\/v2\/pages\/385","targetHints":{"allow":["GET"]}}],"collection":[{"href":"https:\/\/iedeltriunfoelcolegio.edu.co\/index.php\/wp-json\/wp\/v2\/pages"}],"about":[{"href":"https:\/\/iedeltriunfoelcolegio.edu.co\/index.php\/wp-json\/wp\/v2\/types\/page"}],"author":[{"embeddable":true,"href":"https:\/\/iedeltriunfoelcolegio.edu.co\/index.php\/wp-json\/wp\/v2\/users\/1"}],"replies":[{"embeddable":true,"href":"https:\/\/iedeltriunfoelcolegio.edu.co\/index.php\/wp-json\/wp\/v2\/comments?post=385"}],"version-history":[{"count":1,"href":"https:\/\/iedeltriunfoelcolegio.edu.co\/index.php\/wp-json\/wp\/v2\/pages\/385\/revisions"}],"predecessor-version":[{"id":386,"href":"https:\/\/iedeltriunfoelcolegio.edu.co\/index.php\/wp-json\/wp\/v2\/pages\/385\/revisions\/386"}],"wp:attachment":[{"href":"https:\/\/iedeltriunfoelcolegio.edu.co\/index.php\/wp-json\/wp\/v2\/media?parent=385"}],"curies":[{"name":"wp","href":"https:\/\/api.w.org\/{rel}","templated":true}]}}