{"id":383,"date":"2026-01-09T11:24:39","date_gmt":"2026-01-09T14:24:39","guid":{"rendered":"https:\/\/iedeltriunfoelcolegio.edu.co\/?page_id=383"},"modified":"2026-01-09T11:24:39","modified_gmt":"2026-01-09T14:24:39","slug":"seguimiento-a-los-egresados","status":"publish","type":"page","link":"https:\/\/iedeltriunfoelcolegio.edu.co\/index.php\/seguimiento-a-los-egresados\/","title":{"rendered":"Seguimiento a los egresados"},"content":{"rendered":"\n<p style=\"font-size:20px\">Acorde con nuestra misi\u00f3n se espera que la comunidad educativa obtenga egresados con alta formaci\u00f3n acad\u00e9mica y humanista, que apliquen en su vida lo que se promovi\u00f3 en la instituci\u00f3n a partir del perfil del estudiante, del modelo pedag\u00f3gico y las diferentes directrices contenidas en el PEI, que cada egresado goce de una excelente calidad de vida y contribuya al desarrollo de una mejor sociedad.<\/p>\n\n\n\n<p style=\"font-size:20px\">Para realizar el seguimiento a los egresados se generan entre otras las siguientes estrategias:<\/p>\n\n\n\n<ul class=\"wp-block-list\">\n<li style=\"font-size:20px\">Comunicaci\u00f3n a trav\u00e9s de redes sociales.<\/li>\n\n\n\n<li style=\"font-size:20px\">Medios virtuales y las TIC.<\/li>\n\n\n\n<li style=\"font-size:20px\">Actividades socio culturales por ejemplo celebraci\u00f3n del d\u00eda de la familia y actividades formativas.<\/li>\n<\/ul>\n","protected":false},"excerpt":{"rendered":"<p>Acorde con nuestra misi\u00f3n se espera que la comunidad educativa obtenga egresados con alta formaci\u00f3n acad\u00e9mica y humanista, que apliquen en su vida lo que se promovi\u00f3 en la instituci\u00f3n a partir del perfil del estudiante, del modelo pedag\u00f3gico y las diferentes directrices contenidas en el PEI, que cada egresado goce de una excelente calidad [&hellip;]<\/p>\n","protected":false},"author":1,"featured_media":0,"parent":0,"menu_order":0,"comment_status":"closed","ping_status":"closed","template":"","meta":{"saved_in_kubio":false,"footnotes":""},"class_list":["post-383","page","type-page","status-publish","hentry"],"kubio_ai_page_context":{"short_desc":"","purpose":"general"},"_links":{"self":[{"href":"https:\/\/iedeltriunfoelcolegio.edu.co\/index.php\/wp-json\/wp\/v2\/pages\/383","targetHints":{"allow":["GET"]}}],"collection":[{"href":"https:\/\/iedeltriunfoelcolegio.edu.co\/index.php\/wp-json\/wp\/v2\/pages"}],"about":[{"href":"https:\/\/iedeltriunfoelcolegio.edu.co\/index.php\/wp-json\/wp\/v2\/types\/page"}],"author":[{"embeddable":true,"href":"https:\/\/iedeltriunfoelcolegio.edu.co\/index.php\/wp-json\/wp\/v2\/users\/1"}],"replies":[{"embeddable":true,"href":"https:\/\/iedeltriunfoelcolegio.edu.co\/index.php\/wp-json\/wp\/v2\/comments?post=383"}],"version-history":[{"count":1,"href":"https:\/\/iedeltriunfoelcolegio.edu.co\/index.php\/wp-json\/wp\/v2\/pages\/383\/revisions"}],"predecessor-version":[{"id":384,"href":"https:\/\/iedeltriunfoelcolegio.edu.co\/index.php\/wp-json\/wp\/v2\/pages\/383\/revisions\/384"}],"wp:attachment":[{"href":"https:\/\/iedeltriunfoelcolegio.edu.co\/index.php\/wp-json\/wp\/v2\/media?parent=383"}],"curies":[{"name":"wp","href":"https:\/\/api.w.org\/{rel}","templated":true}]}}