{"id":373,"date":"2026-01-09T11:13:55","date_gmt":"2026-01-09T14:13:55","guid":{"rendered":"https:\/\/iedeltriunfoelcolegio.edu.co\/?page_id=373"},"modified":"2026-01-09T11:13:55","modified_gmt":"2026-01-09T14:13:55","slug":"evaluacion-en-el-aula","status":"publish","type":"page","link":"https:\/\/iedeltriunfoelcolegio.edu.co\/index.php\/evaluacion-en-el-aula\/","title":{"rendered":"Evaluaci\u00f3n en el aula"},"content":{"rendered":"\n<p style=\"font-size:20px\">Para el ejercicio de la valoraci\u00f3n cuantitativa se determinan y unifican los porcentajes para las diferentes actividades propuestas por los docentes y desarrolladas por los estudiantes, como se indica a continuaci\u00f3n:<\/p>\n\n\n\n<figure style=\"font-size:15px\" class=\"wp-block-table\"><table class=\"has-fixed-layout\"><tbody><tr><td colspan=\"2\">Competencia Cognitivo Procedimental (80%)<\/td><td colspan=\"3\">Competencia Actitudinal (20%)<\/td><td>Total.<\/td><\/tr><tr><td>Para la valoraci\u00f3n de estos criterios se tendr\u00e1n en cuenta la matriz de instrumentos y herramientas.<\/td><td>Pruebas masivas internas y\/o pruebas de Estado<\/td><td>Auto Evaluaci\u00f3n.<\/td><td>Co Evaluaci\u00f3n.<\/td><td>Evaluaci\u00f3n docente.<\/td><td>Total.<\/td><\/tr><tr><td>70%<\/td><td>10%<\/td><td>5%<\/td><td>5%<\/td><td>10%<\/td><td>100%<\/td><\/tr><\/tbody><\/table><\/figure>\n","protected":false},"excerpt":{"rendered":"<p>Para el ejercicio de la valoraci\u00f3n cuantitativa se determinan y unifican los porcentajes para las diferentes actividades propuestas por los docentes y desarrolladas por los estudiantes, como se indica a continuaci\u00f3n: Competencia Cognitivo Procedimental (80%) Competencia Actitudinal (20%) Total. Para la valoraci\u00f3n de estos criterios se tendr\u00e1n en cuenta la matriz de instrumentos y herramientas. [&hellip;]<\/p>\n","protected":false},"author":1,"featured_media":0,"parent":0,"menu_order":0,"comment_status":"closed","ping_status":"closed","template":"","meta":{"saved_in_kubio":false,"footnotes":""},"class_list":["post-373","page","type-page","status-publish","hentry"],"kubio_ai_page_context":{"short_desc":"","purpose":"general"},"_links":{"self":[{"href":"https:\/\/iedeltriunfoelcolegio.edu.co\/index.php\/wp-json\/wp\/v2\/pages\/373","targetHints":{"allow":["GET"]}}],"collection":[{"href":"https:\/\/iedeltriunfoelcolegio.edu.co\/index.php\/wp-json\/wp\/v2\/pages"}],"about":[{"href":"https:\/\/iedeltriunfoelcolegio.edu.co\/index.php\/wp-json\/wp\/v2\/types\/page"}],"author":[{"embeddable":true,"href":"https:\/\/iedeltriunfoelcolegio.edu.co\/index.php\/wp-json\/wp\/v2\/users\/1"}],"replies":[{"embeddable":true,"href":"https:\/\/iedeltriunfoelcolegio.edu.co\/index.php\/wp-json\/wp\/v2\/comments?post=373"}],"version-history":[{"count":1,"href":"https:\/\/iedeltriunfoelcolegio.edu.co\/index.php\/wp-json\/wp\/v2\/pages\/373\/revisions"}],"predecessor-version":[{"id":374,"href":"https:\/\/iedeltriunfoelcolegio.edu.co\/index.php\/wp-json\/wp\/v2\/pages\/373\/revisions\/374"}],"wp:attachment":[{"href":"https:\/\/iedeltriunfoelcolegio.edu.co\/index.php\/wp-json\/wp\/v2\/media?parent=373"}],"curies":[{"name":"wp","href":"https:\/\/api.w.org\/{rel}","templated":true}]}}