{"id":369,"date":"2026-01-09T11:07:46","date_gmt":"2026-01-09T14:07:46","guid":{"rendered":"https:\/\/iedeltriunfoelcolegio.edu.co\/?page_id=369"},"modified":"2026-01-09T11:07:46","modified_gmt":"2026-01-09T14:07:46","slug":"uso-de-los-tiempos-para-el-aprendizaje","status":"publish","type":"page","link":"https:\/\/iedeltriunfoelcolegio.edu.co\/index.php\/uso-de-los-tiempos-para-el-aprendizaje\/","title":{"rendered":"Uso de los tiempos para el aprendizaje"},"content":{"rendered":"\n<p style=\"font-size:20px\">La pol\u00edtica de distribuci\u00f3n del tiempo curricular y extracurricular es apropiada y se utiliza efectivamente. Adem\u00e1s, la instituci\u00f3n revisa y eval\u00faa peri\u00f3dicamente el uso de los tiempos destinados a los aprendizajes, y realiza los ajustes pertinentes para que \u00e9stos sean aprovechados apropiadamente.<\/p>\n","protected":false},"excerpt":{"rendered":"<p>La pol\u00edtica de distribuci\u00f3n del tiempo curricular y extracurricular es apropiada y se utiliza efectivamente. Adem\u00e1s, la instituci\u00f3n revisa y eval\u00faa peri\u00f3dicamente el uso de los tiempos destinados a los aprendizajes, y realiza los ajustes pertinentes para que \u00e9stos sean aprovechados apropiadamente.<\/p>\n","protected":false},"author":1,"featured_media":0,"parent":0,"menu_order":0,"comment_status":"closed","ping_status":"closed","template":"","meta":{"saved_in_kubio":false,"footnotes":""},"class_list":["post-369","page","type-page","status-publish","hentry"],"kubio_ai_page_context":{"short_desc":"","purpose":"general"},"_links":{"self":[{"href":"https:\/\/iedeltriunfoelcolegio.edu.co\/index.php\/wp-json\/wp\/v2\/pages\/369","targetHints":{"allow":["GET"]}}],"collection":[{"href":"https:\/\/iedeltriunfoelcolegio.edu.co\/index.php\/wp-json\/wp\/v2\/pages"}],"about":[{"href":"https:\/\/iedeltriunfoelcolegio.edu.co\/index.php\/wp-json\/wp\/v2\/types\/page"}],"author":[{"embeddable":true,"href":"https:\/\/iedeltriunfoelcolegio.edu.co\/index.php\/wp-json\/wp\/v2\/users\/1"}],"replies":[{"embeddable":true,"href":"https:\/\/iedeltriunfoelcolegio.edu.co\/index.php\/wp-json\/wp\/v2\/comments?post=369"}],"version-history":[{"count":1,"href":"https:\/\/iedeltriunfoelcolegio.edu.co\/index.php\/wp-json\/wp\/v2\/pages\/369\/revisions"}],"predecessor-version":[{"id":370,"href":"https:\/\/iedeltriunfoelcolegio.edu.co\/index.php\/wp-json\/wp\/v2\/pages\/369\/revisions\/370"}],"wp:attachment":[{"href":"https:\/\/iedeltriunfoelcolegio.edu.co\/index.php\/wp-json\/wp\/v2\/media?parent=369"}],"curies":[{"name":"wp","href":"https:\/\/api.w.org\/{rel}","templated":true}]}}