{"id":365,"date":"2026-01-08T19:13:39","date_gmt":"2026-01-08T22:13:39","guid":{"rendered":"https:\/\/iedeltriunfoelcolegio.edu.co\/?page_id=365"},"modified":"2026-01-08T19:13:39","modified_gmt":"2026-01-08T22:13:39","slug":"evaluacion-de-los-estudiantes","status":"publish","type":"page","link":"https:\/\/iedeltriunfoelcolegio.edu.co\/index.php\/evaluacion-de-los-estudiantes\/","title":{"rendered":"Evaluaci\u00f3n de los estudiantes"},"content":{"rendered":"\n<p style=\"font-size:20px\">En la IED El Triunfo, la evaluaci\u00f3n est\u00e1 comprendida y desarrollada como lo manifiesta Barriga (2002) \u2026 es un esfuerzo de comunicaci\u00f3n \u00ednter subjetiva, en el que el maestro y el alumno se esfuerzan por analizar las representaciones de la otra parte y comprenderlas para hacerlas converger.<\/p>\n\n\n\n<p style=\"font-size:20px\">La valoraci\u00f3n integral de los estudiantes se realiza en un periodo de tiempo determinado que involucra diversas formas e instrumentos de producci\u00f3n y busca reflejar de manera objetiva el nivel de aprendizaje de acuerdo con la comprensi\u00f3n, alcance de logros, est\u00e1ndares, competencias (cognitivos, conceptuales, procedimentales y actitudinales), las destrezas y habilidades desarrolladas, la motivaci\u00f3n y las actitudes del estudiante respecto a las diferentes actividades del proceso de ense\u00f1anza-aprendizaje.<\/p>\n\n\n\n<p style=\"font-size:20px\">El sistema de evaluaci\u00f3n de la IED es coherente con lo establecido en el Decreto 1290 por el cual se reglamenta la evaluaci\u00f3n del aprendizaje y promoci\u00f3n de los estudiantes de los niveles de educaci\u00f3n preescolar, B\u00e1sica primaria, secundaria y media.<\/p>\n\n\n\n<p style=\"font-size:25px\"><strong><em>Sistema Institucional de Evaluaci\u00f3n de los Estudiantes &lt;&lt;SIEE>> <\/em><\/strong><\/p>\n\n\n\n<p><\/p>\n","protected":false},"excerpt":{"rendered":"<p>En la IED El Triunfo, la evaluaci\u00f3n est\u00e1 comprendida y desarrollada como lo manifiesta Barriga (2002) \u2026 es un esfuerzo de comunicaci\u00f3n \u00ednter subjetiva, en el que el maestro y el alumno se esfuerzan por analizar las representaciones de la otra parte y comprenderlas para hacerlas converger. La valoraci\u00f3n integral de los estudiantes se realiza [&hellip;]<\/p>\n","protected":false},"author":1,"featured_media":0,"parent":0,"menu_order":0,"comment_status":"closed","ping_status":"closed","template":"","meta":{"saved_in_kubio":false,"footnotes":""},"class_list":["post-365","page","type-page","status-publish","hentry"],"kubio_ai_page_context":{"short_desc":"","purpose":"general"},"_links":{"self":[{"href":"https:\/\/iedeltriunfoelcolegio.edu.co\/index.php\/wp-json\/wp\/v2\/pages\/365","targetHints":{"allow":["GET"]}}],"collection":[{"href":"https:\/\/iedeltriunfoelcolegio.edu.co\/index.php\/wp-json\/wp\/v2\/pages"}],"about":[{"href":"https:\/\/iedeltriunfoelcolegio.edu.co\/index.php\/wp-json\/wp\/v2\/types\/page"}],"author":[{"embeddable":true,"href":"https:\/\/iedeltriunfoelcolegio.edu.co\/index.php\/wp-json\/wp\/v2\/users\/1"}],"replies":[{"embeddable":true,"href":"https:\/\/iedeltriunfoelcolegio.edu.co\/index.php\/wp-json\/wp\/v2\/comments?post=365"}],"version-history":[{"count":1,"href":"https:\/\/iedeltriunfoelcolegio.edu.co\/index.php\/wp-json\/wp\/v2\/pages\/365\/revisions"}],"predecessor-version":[{"id":366,"href":"https:\/\/iedeltriunfoelcolegio.edu.co\/index.php\/wp-json\/wp\/v2\/pages\/365\/revisions\/366"}],"wp:attachment":[{"href":"https:\/\/iedeltriunfoelcolegio.edu.co\/index.php\/wp-json\/wp\/v2\/media?parent=365"}],"curies":[{"name":"wp","href":"https:\/\/api.w.org\/{rel}","templated":true}]}}