{"id":363,"date":"2026-01-08T19:12:48","date_gmt":"2026-01-08T22:12:48","guid":{"rendered":"https:\/\/iedeltriunfoelcolegio.edu.co\/?page_id=363"},"modified":"2026-01-08T19:12:48","modified_gmt":"2026-01-08T22:12:48","slug":"jornada-escolar","status":"publish","type":"page","link":"https:\/\/iedeltriunfoelcolegio.edu.co\/index.php\/jornada-escolar\/","title":{"rendered":"Jornada Escolar"},"content":{"rendered":"\n<p style=\"font-size:25px\"><strong><em>Horarios de ingreso y salida de la IED El Triunfo:<\/em><\/strong><\/p>\n\n\n\n<figure style=\"font-size:20px\" class=\"wp-block-table\"><table class=\"has-fixed-layout\"><tbody><tr><td><strong>Nivel educativo<\/strong><\/td><td><strong>Jornada escolar<\/strong><\/td><td><strong>Horas efectivas de 55 minutos<\/strong><\/td><\/tr><tr><td>PRIMERA INFANCIA<\/td><td>8:00 a.m.- 1:35 p.m.<\/td><td><strong>5<\/strong><\/td><\/tr><tr><td>PREESCOLAR<\/td><td>8:00 a.m.- 1:35 p.m.<\/td><td>5<\/td><\/tr><tr><td>B\u00c1SICA PRIMARIA JAG<\/td><td>7:00 a.m. &#8211; 1:35 pm<\/td><td>6<\/td><\/tr><tr><td>B\u00c1SICA PRIMARIA SEDES RURALES<\/td><td>7:00 a.m. &#8211; 1:350 pm<\/td><td>6<\/td><\/tr><tr><td>B\u00c1SICA SECUNDARIA<\/td><td>7:00 a.m.- 1:00 p.m.<\/td><td>6<\/td><\/tr><tr><td>MEDIA ACAD\u00c9MICA<\/td><td>7:00 a.m.- 1:00 p.m.<\/td><td>6<\/td><\/tr><tr><td>EDUCACI\u00d3N PARA EL TRABAJO Y EL DESARROLLO HUMANO &lt;&lt;SENA&gt;&gt;<\/td><td>1:30 p.m.- 4:30 p.m. (2 veces por semana)<\/td><td>6<\/td><\/tr><tr><td>EDUCACI\u00d3N FORMAL PARA ADULTOS&nbsp;<\/td><td>7:00 a.m. &#8211; 5:00 p.m. Los s\u00e1bados<\/td><td>11 Periodos de 45 minutos c\/u<\/td><\/tr><tr><td colspan=\"3\">La jornada escolar de Preescolar, B\u00e1sica Primaria, Secundaria y Media, incluye un descanso de 30 minutos.<\/td><\/tr><tr><td colspan=\"3\">Los horarios de educaci\u00f3n inicial, preescolar, b\u00e1sica primaria incluyen la hora correspondiente a Jornada \u00danica.<\/td><\/tr><tr><td colspan=\"3\">Los grados d\u00e9cimo y und\u00e9cimo tendr\u00e1n horario acorde con el Decreto 2105 del 14 de diciembre de 2017 acorde con el art\u00edculo 2.3.3.6.1.6. <em>Duraci\u00f3n de la Jornada \u00danica. En el <\/em><strong>Par\u00e1grafo 1<\/strong>. Los establecimientos educativos en Jornada \u00danica que ofrezcan media t\u00e9cnica o implementen procesos de articulaci\u00f3n de la educaci\u00f3n media con la educaci\u00f3n superior o de educaci\u00f3n para el trabajo y el desarrollo humano, dedicar\u00e1n treinta (30) horas semanales exclusivamente a la formaci\u00f3n en las \u00e1reas obligatorias y fundamentales y podr\u00e1n dedicar hasta (8) horas adicionales para las profundizaciones o especialidades de la educaci\u00f3n media seg\u00fan lo establecido en su PEI, de acuerdo con los lineamientos definidos por el Ministerio de Educaci\u00f3n Nacional.&nbsp; <em><\/em> Las concentraciones rurales unitarias focalizadas para trabajar en Jornada \u00danica, seg\u00fan resoluci\u00f3n 009195 del 20 de diciembre de 2019 tendr\u00e1n un horario de 7:00 a.m. a 1:35 p.m. incluidos los espacios para descanso y almuerzo. La concentraci\u00f3n Jos\u00e9 Antonio Gal\u00e1n, focalizada para trabajar en Jornada \u00danica, seg\u00fan resoluci\u00f3n 008192 del 15 de noviembre de 2022 tendr\u00e1n un horario de 7:00 a.m. a 1:35 p.m. incluidos los espacios para descanso y almuerzo.<\/td><\/tr><\/tbody><\/table><\/figure>\n\n\n\n<p style=\"font-size:25px\"><strong><em>Horario de clases<\/em><\/strong><\/p>\n","protected":false},"excerpt":{"rendered":"<p>Horarios de ingreso y salida de la IED El Triunfo: Nivel educativo Jornada escolar Horas efectivas de 55 minutos PRIMERA INFANCIA 8:00 a.m.- 1:35 p.m. 5 PREESCOLAR 8:00 a.m.- 1:35 p.m. 5 B\u00c1SICA PRIMARIA JAG 7:00 a.m. &#8211; 1:35 pm 6 B\u00c1SICA PRIMARIA SEDES RURALES 7:00 a.m. &#8211; 1:350 pm 6 B\u00c1SICA SECUNDARIA 7:00 a.m.- [&hellip;]<\/p>\n","protected":false},"author":1,"featured_media":0,"parent":0,"menu_order":0,"comment_status":"closed","ping_status":"closed","template":"","meta":{"saved_in_kubio":false,"footnotes":""},"class_list":["post-363","page","type-page","status-publish","hentry"],"kubio_ai_page_context":{"short_desc":"","purpose":"general"},"_links":{"self":[{"href":"https:\/\/iedeltriunfoelcolegio.edu.co\/index.php\/wp-json\/wp\/v2\/pages\/363","targetHints":{"allow":["GET"]}}],"collection":[{"href":"https:\/\/iedeltriunfoelcolegio.edu.co\/index.php\/wp-json\/wp\/v2\/pages"}],"about":[{"href":"https:\/\/iedeltriunfoelcolegio.edu.co\/index.php\/wp-json\/wp\/v2\/types\/page"}],"author":[{"embeddable":true,"href":"https:\/\/iedeltriunfoelcolegio.edu.co\/index.php\/wp-json\/wp\/v2\/users\/1"}],"replies":[{"embeddable":true,"href":"https:\/\/iedeltriunfoelcolegio.edu.co\/index.php\/wp-json\/wp\/v2\/comments?post=363"}],"version-history":[{"count":1,"href":"https:\/\/iedeltriunfoelcolegio.edu.co\/index.php\/wp-json\/wp\/v2\/pages\/363\/revisions"}],"predecessor-version":[{"id":364,"href":"https:\/\/iedeltriunfoelcolegio.edu.co\/index.php\/wp-json\/wp\/v2\/pages\/363\/revisions\/364"}],"wp:attachment":[{"href":"https:\/\/iedeltriunfoelcolegio.edu.co\/index.php\/wp-json\/wp\/v2\/media?parent=363"}],"curies":[{"name":"wp","href":"https:\/\/api.w.org\/{rel}","templated":true}]}}