{"id":361,"date":"2026-01-08T19:10:20","date_gmt":"2026-01-08T22:10:20","guid":{"rendered":"https:\/\/iedeltriunfoelcolegio.edu.co\/?page_id=361"},"modified":"2026-01-08T19:10:20","modified_gmt":"2026-01-08T22:10:20","slug":"plan-de-estudios","status":"publish","type":"page","link":"https:\/\/iedeltriunfoelcolegio.edu.co\/index.php\/plan-de-estudios\/","title":{"rendered":"Plan de estudios"},"content":{"rendered":"\n<p style=\"font-size:20px\">Seg\u00fan la ley 115, art\u00edculo 79, el plan de estudios es el esquema estructurado de las \u00e1reas obligatorias y fundamentales, y de las optativas con sus respectivas asignaturas que forman parte del curr\u00edculo de los establecimientos educativos. El plan de estudios de la instituci\u00f3n contiene los siguientes aspectos:<\/p>\n\n\n\n<ul class=\"wp-block-list\">\n<li style=\"font-size:20px\">Los contenidos, temas y prop\u00f3sitos de cada asignatura.<\/li>\n\n\n\n<li style=\"font-size:20px\">La distribuci\u00f3n del tiempo y las secuencias del proceso educativo se\u00f1alando en qu\u00e9 grado y periodo lectivo se ejecutar\u00e1n las diferentes actividades.<\/li>\n\n\n\n<li style=\"font-size:20px\">Referentes de calidad educativa: Lineamientos curriculares, Est\u00e1ndares b\u00e1sicos de competencias y los Derechos b\u00e1sicos de aprendizaje que los educandos deben alcanzar y adquirir al finalizar cada uno de los periodos del a\u00f1o escolar, en cada \u00e1rea y grado, seg\u00fan hayan sido definidos en el Proyecto Educativo Institucional (PEI). Al igual que en el marco de las normas t\u00e9cnicas curriculares que expida el Ministerio de Educaci\u00f3n Nacional.\u00a0 Adem\u00e1s, incluir\u00e1 los criterios y procedimientos para evaluar el aprendizaje, el rendimiento acad\u00e9mico y el desarrollo de capacidades de los educandos.<\/li>\n\n\n\n<li style=\"font-size:20px\">La metodolog\u00eda aplicable a cada una de las \u00e1reas, mencionando el uso del material did\u00e1ctico, textos escolares, laboratorios, ayudas audiovisuales, inform\u00e1tica educativa o cualquier otro medio que oriente o soporte la acci\u00f3n pedag\u00f3gica, reflejado en los planeadores entregados semanalmente.<\/li>\n<\/ul>\n\n\n\n<p style=\"font-size:25px\"><strong><em>Planes de estudio:<\/em><\/strong><\/p>\n\n\n\n<ul class=\"wp-block-list\">\n<li style=\"font-size:20px\">\u00c1reas matem\u00e1ticas<\/li>\n\n\n\n<li style=\"font-size:20px\">\u00c1rea de humanidades<\/li>\n\n\n\n<li style=\"font-size:20px\">\u00c1rea de ciencias sociales<\/li>\n\n\n\n<li style=\"font-size:20px\">\u00c1rea de ciencias naturales<\/li>\n\n\n\n<li style=\"font-size:20px\">\u00c1rea de educaci\u00f3n \u00e9tica<\/li>\n\n\n\n<li style=\"font-size:20px\">\u00c1rea de educaci\u00f3n religiosa<\/li>\n\n\n\n<li style=\"font-size:20px\">\u00c1rea de educaci\u00f3n f\u00edsica<\/li>\n\n\n\n<li style=\"font-size:20px\">\u00c1rea de tecnolog\u00eda e inform\u00e1tica<\/li>\n\n\n\n<li style=\"font-size:20px\">\u00c1rea de emprendimiento<\/li>\n<\/ul>\n","protected":false},"excerpt":{"rendered":"<p>Seg\u00fan la ley 115, art\u00edculo 79, el plan de estudios es el esquema estructurado de las \u00e1reas obligatorias y fundamentales, y de las optativas con sus respectivas asignaturas que forman parte del curr\u00edculo de los establecimientos educativos. El plan de estudios de la instituci\u00f3n contiene los siguientes aspectos: Planes de estudio:<\/p>\n","protected":false},"author":1,"featured_media":0,"parent":0,"menu_order":0,"comment_status":"closed","ping_status":"closed","template":"","meta":{"saved_in_kubio":false,"footnotes":""},"class_list":["post-361","page","type-page","status-publish","hentry"],"kubio_ai_page_context":{"short_desc":"","purpose":"general"},"_links":{"self":[{"href":"https:\/\/iedeltriunfoelcolegio.edu.co\/index.php\/wp-json\/wp\/v2\/pages\/361","targetHints":{"allow":["GET"]}}],"collection":[{"href":"https:\/\/iedeltriunfoelcolegio.edu.co\/index.php\/wp-json\/wp\/v2\/pages"}],"about":[{"href":"https:\/\/iedeltriunfoelcolegio.edu.co\/index.php\/wp-json\/wp\/v2\/types\/page"}],"author":[{"embeddable":true,"href":"https:\/\/iedeltriunfoelcolegio.edu.co\/index.php\/wp-json\/wp\/v2\/users\/1"}],"replies":[{"embeddable":true,"href":"https:\/\/iedeltriunfoelcolegio.edu.co\/index.php\/wp-json\/wp\/v2\/comments?post=361"}],"version-history":[{"count":1,"href":"https:\/\/iedeltriunfoelcolegio.edu.co\/index.php\/wp-json\/wp\/v2\/pages\/361\/revisions"}],"predecessor-version":[{"id":362,"href":"https:\/\/iedeltriunfoelcolegio.edu.co\/index.php\/wp-json\/wp\/v2\/pages\/361\/revisions\/362"}],"wp:attachment":[{"href":"https:\/\/iedeltriunfoelcolegio.edu.co\/index.php\/wp-json\/wp\/v2\/media?parent=361"}],"curies":[{"name":"wp","href":"https:\/\/api.w.org\/{rel}","templated":true}]}}