{"id":359,"date":"2026-01-08T19:07:29","date_gmt":"2026-01-08T22:07:29","guid":{"rendered":"https:\/\/iedeltriunfoelcolegio.edu.co\/?page_id=359"},"modified":"2026-01-08T19:07:29","modified_gmt":"2026-01-08T22:07:29","slug":"sector-productivo","status":"publish","type":"page","link":"https:\/\/iedeltriunfoelcolegio.edu.co\/index.php\/sector-productivo\/","title":{"rendered":"Sector Productivo"},"content":{"rendered":"\n<p style=\"font-size:20px\">La relaci\u00f3n con el sector productivo se da en una sinergia que busca el apoyo mutuo, en la regi\u00f3n se presenta comercializaci\u00f3n de diferentes productos agropecuarios como c\u00edtricos, mango, pl\u00e1tano, guan\u00e1bana, cacao, maracuy\u00e1, caf\u00e9, entre otros.<\/p>\n\n\n\n<p style=\"font-size:20px\">Adem\u00e1s, se da la explotaci\u00f3n aviar, de bovinos, de porcinos y otras especies menores, explotadas en menor y a gran escala.<\/p>\n\n\n\n<p style=\"font-size:20px\">En la Hacienda Misiones, se realiza el cultivo para exportaci\u00f3n de la nuez macadamia, caf\u00e9 y la explotaci\u00f3n de bovinos entre otros, generando una fuente de empleo importante para los habitantes de la regi\u00f3n.<\/p>\n\n\n\n<p style=\"font-size:20px\">En el Consejo Directivo, hay un representante del sector productivo siendo fundamentales sus aportes para la toma de decisiones inherentes con el sector.<\/p>\n\n\n\n<p><\/p>\n","protected":false},"excerpt":{"rendered":"<p>La relaci\u00f3n con el sector productivo se da en una sinergia que busca el apoyo mutuo, en la regi\u00f3n se presenta comercializaci\u00f3n de diferentes productos agropecuarios como c\u00edtricos, mango, pl\u00e1tano, guan\u00e1bana, cacao, maracuy\u00e1, caf\u00e9, entre otros. Adem\u00e1s, se da la explotaci\u00f3n aviar, de bovinos, de porcinos y otras especies menores, explotadas en menor y a [&hellip;]<\/p>\n","protected":false},"author":1,"featured_media":0,"parent":0,"menu_order":0,"comment_status":"closed","ping_status":"closed","template":"","meta":{"saved_in_kubio":false,"footnotes":""},"class_list":["post-359","page","type-page","status-publish","hentry"],"kubio_ai_page_context":{"short_desc":"","purpose":"general"},"_links":{"self":[{"href":"https:\/\/iedeltriunfoelcolegio.edu.co\/index.php\/wp-json\/wp\/v2\/pages\/359","targetHints":{"allow":["GET"]}}],"collection":[{"href":"https:\/\/iedeltriunfoelcolegio.edu.co\/index.php\/wp-json\/wp\/v2\/pages"}],"about":[{"href":"https:\/\/iedeltriunfoelcolegio.edu.co\/index.php\/wp-json\/wp\/v2\/types\/page"}],"author":[{"embeddable":true,"href":"https:\/\/iedeltriunfoelcolegio.edu.co\/index.php\/wp-json\/wp\/v2\/users\/1"}],"replies":[{"embeddable":true,"href":"https:\/\/iedeltriunfoelcolegio.edu.co\/index.php\/wp-json\/wp\/v2\/comments?post=359"}],"version-history":[{"count":1,"href":"https:\/\/iedeltriunfoelcolegio.edu.co\/index.php\/wp-json\/wp\/v2\/pages\/359\/revisions"}],"predecessor-version":[{"id":360,"href":"https:\/\/iedeltriunfoelcolegio.edu.co\/index.php\/wp-json\/wp\/v2\/pages\/359\/revisions\/360"}],"wp:attachment":[{"href":"https:\/\/iedeltriunfoelcolegio.edu.co\/index.php\/wp-json\/wp\/v2\/media?parent=359"}],"curies":[{"name":"wp","href":"https:\/\/api.w.org\/{rel}","templated":true}]}}