{"id":355,"date":"2026-01-08T19:04:33","date_gmt":"2026-01-08T22:04:33","guid":{"rendered":"https:\/\/iedeltriunfoelcolegio.edu.co\/?page_id=355"},"modified":"2026-01-26T09:20:19","modified_gmt":"2026-01-26T12:20:19","slug":"autoridades-educativas","status":"publish","type":"page","link":"https:\/\/iedeltriunfoelcolegio.edu.co\/index.php\/autoridades-educativas\/","title":{"rendered":"Autoridades Educativas"},"content":{"rendered":"\n<p style=\"font-size:20px\">Teniendo en cuenta que las autoridades educativas son aquellas que establecen las normas y lineamientos por las que se rige el sector educativo, sin dejar de lado la autonom\u00eda que prevalece en cada una, se tiene la necesidad de establecer v\u00ednculos con las dem\u00e1s entidades de tal manera que se fomente la funcionalidad de cada una en diferentes actividades propuestas en la instituci\u00f3n en pro del bienestar de los educandos.<\/p>\n\n\n\n<ul class=\"wp-block-list\">\n<li style=\"font-size:20px\">Ministerio de Educaci\u00f3n Nacional<\/li>\n\n\n\n<li style=\"font-size:20px\">Secretaria de Educaci\u00f3n de Cundinamarca<\/li>\n\n\n\n<li style=\"font-size:20px\">Alcalde Municipal<\/li>\n\n\n\n<li style=\"font-size:20px\">Secretaria de Desarrollo Social y educaci\u00f3n<\/li>\n<\/ul>\n","protected":false},"excerpt":{"rendered":"<p>Teniendo en cuenta que las autoridades educativas son aquellas que establecen las normas y lineamientos por las que se rige el sector educativo, sin dejar de lado la autonom\u00eda que prevalece en cada una, se tiene la necesidad de establecer v\u00ednculos con las dem\u00e1s entidades de tal manera que se fomente la funcionalidad de cada [&hellip;]<\/p>\n","protected":false},"author":1,"featured_media":0,"parent":0,"menu_order":0,"comment_status":"closed","ping_status":"closed","template":"","meta":{"saved_in_kubio":false,"footnotes":""},"class_list":["post-355","page","type-page","status-publish","hentry"],"kubio_ai_page_context":{"short_desc":"","purpose":"general"},"_links":{"self":[{"href":"https:\/\/iedeltriunfoelcolegio.edu.co\/index.php\/wp-json\/wp\/v2\/pages\/355","targetHints":{"allow":["GET"]}}],"collection":[{"href":"https:\/\/iedeltriunfoelcolegio.edu.co\/index.php\/wp-json\/wp\/v2\/pages"}],"about":[{"href":"https:\/\/iedeltriunfoelcolegio.edu.co\/index.php\/wp-json\/wp\/v2\/types\/page"}],"author":[{"embeddable":true,"href":"https:\/\/iedeltriunfoelcolegio.edu.co\/index.php\/wp-json\/wp\/v2\/users\/1"}],"replies":[{"embeddable":true,"href":"https:\/\/iedeltriunfoelcolegio.edu.co\/index.php\/wp-json\/wp\/v2\/comments?post=355"}],"version-history":[{"count":1,"href":"https:\/\/iedeltriunfoelcolegio.edu.co\/index.php\/wp-json\/wp\/v2\/pages\/355\/revisions"}],"predecessor-version":[{"id":356,"href":"https:\/\/iedeltriunfoelcolegio.edu.co\/index.php\/wp-json\/wp\/v2\/pages\/355\/revisions\/356"}],"wp:attachment":[{"href":"https:\/\/iedeltriunfoelcolegio.edu.co\/index.php\/wp-json\/wp\/v2\/media?parent=355"}],"curies":[{"name":"wp","href":"https:\/\/api.w.org\/{rel}","templated":true}]}}