{"id":353,"date":"2026-01-08T19:03:42","date_gmt":"2026-01-08T22:03:42","guid":{"rendered":"https:\/\/iedeltriunfoelcolegio.edu.co\/?page_id=353"},"modified":"2026-01-08T19:03:42","modified_gmt":"2026-01-08T22:03:42","slug":"familias-y-acudientes","status":"publish","type":"page","link":"https:\/\/iedeltriunfoelcolegio.edu.co\/index.php\/familias-y-acudientes\/","title":{"rendered":"Familias y Acudientes"},"content":{"rendered":"\n<p style=\"font-size:20px\">Seg\u00fan el decreto 1286 en el art\u00edculo 1 del 27 de abril del 2005, la expresi\u00f3n \u201cpadres de familia\u201d comprende a los padres y madres de familia, as\u00ed como a los tutores o quienes ejercen la patria potestad o acudientes debidamente autorizados; quienes son los responsables de la formaci\u00f3n de los ni\u00f1os, ni\u00f1as y j\u00f3venes, junto con las instituciones educativas; las cuales orientan los procesos de ense\u00f1anza- aprendizaje en las diferentes asignaturas&nbsp; propuestas seg\u00fan&nbsp; la ley 115 de 1994 y&nbsp; la construcci\u00f3n de valores \u00e9ticos y morales.<\/p>\n\n\n\n<p style=\"font-size:20px\">Los <strong>padres de familia y\/o acudientes<\/strong>, deben integrarse a la Comunidad Educativa de la Instituci\u00f3n, especialmente con la vinculaci\u00f3n a la ESCUELA DE PADRES, participar en las escuelas de padres programadas a lo largo del a\u00f1o lectivo seg\u00fan lo establecido en la Ley 2025 de 2020 en su art\u00edculo 4: Obligatoriedad. Desde el inicio del a\u00f1o acad\u00e9mico, dentro del formato de matr\u00edcula, los padres y madres de familia y cuidadores firmar\u00e1n su compromiso de participar en las escuelas de padres y madres de familia que programe la instituci\u00f3n educativa&#8230; Las tem\u00e1ticas de la escuela de padres que la instituci\u00f3n educativa desarrollar\u00e1 ser\u00e1n sobre:<\/p>\n\n\n\n<ul class=\"wp-block-list\">\n<li style=\"font-size:20px\">Prevenci\u00f3n del suicidio<\/li>\n\n\n\n<li style=\"font-size:20px\">Orientaci\u00f3n en educaci\u00f3n sexual<\/li>\n\n\n\n<li style=\"font-size:20px\">Comunicaci\u00f3n asertiva<\/li>\n\n\n\n<li style=\"font-size:20px\">Acoso escolar<\/li>\n\n\n\n<li style=\"font-size:20px\">Prevenci\u00f3n del embarazo adolescente<\/li>\n\n\n\n<li style=\"font-size:20px\">Prevenci\u00f3n del consumo, tenencia, porte de sustancias psicoactivas<\/li>\n\n\n\n<li style=\"font-size:20px\">Prevenci\u00f3n del abuso sexual infantil<\/li>\n\n\n\n<li style=\"font-size:20px\">Y otras que la instituci\u00f3n considere pertinentes.<\/li>\n<\/ul>\n","protected":false},"excerpt":{"rendered":"<p>Seg\u00fan el decreto 1286 en el art\u00edculo 1 del 27 de abril del 2005, la expresi\u00f3n \u201cpadres de familia\u201d comprende a los padres y madres de familia, as\u00ed como a los tutores o quienes ejercen la patria potestad o acudientes debidamente autorizados; quienes son los responsables de la formaci\u00f3n de los ni\u00f1os, ni\u00f1as y j\u00f3venes, [&hellip;]<\/p>\n","protected":false},"author":1,"featured_media":0,"parent":0,"menu_order":0,"comment_status":"closed","ping_status":"closed","template":"","meta":{"saved_in_kubio":false,"footnotes":""},"class_list":["post-353","page","type-page","status-publish","hentry"],"kubio_ai_page_context":{"short_desc":"","purpose":"general"},"_links":{"self":[{"href":"https:\/\/iedeltriunfoelcolegio.edu.co\/index.php\/wp-json\/wp\/v2\/pages\/353","targetHints":{"allow":["GET"]}}],"collection":[{"href":"https:\/\/iedeltriunfoelcolegio.edu.co\/index.php\/wp-json\/wp\/v2\/pages"}],"about":[{"href":"https:\/\/iedeltriunfoelcolegio.edu.co\/index.php\/wp-json\/wp\/v2\/types\/page"}],"author":[{"embeddable":true,"href":"https:\/\/iedeltriunfoelcolegio.edu.co\/index.php\/wp-json\/wp\/v2\/users\/1"}],"replies":[{"embeddable":true,"href":"https:\/\/iedeltriunfoelcolegio.edu.co\/index.php\/wp-json\/wp\/v2\/comments?post=353"}],"version-history":[{"count":1,"href":"https:\/\/iedeltriunfoelcolegio.edu.co\/index.php\/wp-json\/wp\/v2\/pages\/353\/revisions"}],"predecessor-version":[{"id":354,"href":"https:\/\/iedeltriunfoelcolegio.edu.co\/index.php\/wp-json\/wp\/v2\/pages\/353\/revisions\/354"}],"wp:attachment":[{"href":"https:\/\/iedeltriunfoelcolegio.edu.co\/index.php\/wp-json\/wp\/v2\/media?parent=353"}],"curies":[{"name":"wp","href":"https:\/\/api.w.org\/{rel}","templated":true}]}}