{"id":349,"date":"2026-01-08T19:00:39","date_gmt":"2026-01-08T22:00:39","guid":{"rendered":"https:\/\/iedeltriunfoelcolegio.edu.co\/?page_id=349"},"modified":"2026-01-08T19:00:39","modified_gmt":"2026-01-08T22:00:39","slug":"pertinencia-y-participacion","status":"publish","type":"page","link":"https:\/\/iedeltriunfoelcolegio.edu.co\/index.php\/pertinencia-y-participacion\/","title":{"rendered":"Pertinencia y participaci\u00f3n"},"content":{"rendered":"\n<p style=\"font-size:20px\">En aras de generar pertinencia y participaci\u00f3n d ellos estudiantes de la IED, se trabaja por el Bienestar Estudiantil y para ello se trabaja en un conjunto de actividades adicionales o complementarias a los programas acad\u00e9micos que se orientan al desarrollo f\u00edsico, socio afectivo y cultural de los estudiantes, docentes y personal administrativo, cuyo prop\u00f3sito es contribuir a mejorar sus relaciones y actitudes.<\/p>\n\n\n\n<p style=\"font-size:20px\">Por lo tanto, la instituci\u00f3n propiciar\u00e1 la participaci\u00f3n de su comunidad en eventos socioculturales y deportivos que promuevan la exploraci\u00f3n de otras capacidades y habilidades entre sus estudiantes.<\/p>\n","protected":false},"excerpt":{"rendered":"<p>En aras de generar pertinencia y participaci\u00f3n d ellos estudiantes de la IED, se trabaja por el Bienestar Estudiantil y para ello se trabaja en un conjunto de actividades adicionales o complementarias a los programas acad\u00e9micos que se orientan al desarrollo f\u00edsico, socio afectivo y cultural de los estudiantes, docentes y personal administrativo, cuyo prop\u00f3sito [&hellip;]<\/p>\n","protected":false},"author":1,"featured_media":0,"parent":0,"menu_order":0,"comment_status":"closed","ping_status":"closed","template":"","meta":{"saved_in_kubio":false,"footnotes":""},"class_list":["post-349","page","type-page","status-publish","hentry"],"kubio_ai_page_context":{"short_desc":"","purpose":"general"},"_links":{"self":[{"href":"https:\/\/iedeltriunfoelcolegio.edu.co\/index.php\/wp-json\/wp\/v2\/pages\/349","targetHints":{"allow":["GET"]}}],"collection":[{"href":"https:\/\/iedeltriunfoelcolegio.edu.co\/index.php\/wp-json\/wp\/v2\/pages"}],"about":[{"href":"https:\/\/iedeltriunfoelcolegio.edu.co\/index.php\/wp-json\/wp\/v2\/types\/page"}],"author":[{"embeddable":true,"href":"https:\/\/iedeltriunfoelcolegio.edu.co\/index.php\/wp-json\/wp\/v2\/users\/1"}],"replies":[{"embeddable":true,"href":"https:\/\/iedeltriunfoelcolegio.edu.co\/index.php\/wp-json\/wp\/v2\/comments?post=349"}],"version-history":[{"count":1,"href":"https:\/\/iedeltriunfoelcolegio.edu.co\/index.php\/wp-json\/wp\/v2\/pages\/349\/revisions"}],"predecessor-version":[{"id":350,"href":"https:\/\/iedeltriunfoelcolegio.edu.co\/index.php\/wp-json\/wp\/v2\/pages\/349\/revisions\/350"}],"wp:attachment":[{"href":"https:\/\/iedeltriunfoelcolegio.edu.co\/index.php\/wp-json\/wp\/v2\/media?parent=349"}],"curies":[{"name":"wp","href":"https:\/\/api.w.org\/{rel}","templated":true}]}}