{"id":347,"date":"2026-01-08T18:49:47","date_gmt":"2026-01-08T21:49:47","guid":{"rendered":"https:\/\/iedeltriunfoelcolegio.edu.co\/?page_id=347"},"modified":"2026-01-08T18:49:47","modified_gmt":"2026-01-08T21:49:47","slug":"trabajo-en-equipo","status":"publish","type":"page","link":"https:\/\/iedeltriunfoelcolegio.edu.co\/index.php\/trabajo-en-equipo\/","title":{"rendered":"Trabajo en equipo"},"content":{"rendered":"\n<p style=\"font-size:20px\">La conformaci\u00f3n de un equipo de personas que trabajan juntas en un compromiso compartido trae consigo una coalici\u00f3n poderosa en t\u00e9rminos de capacidades, t\u00edtulos, informaci\u00f3n, experiencia y relaciones, cuya contribuci\u00f3n puede hacer la propuesta m\u00e1s realista y cercana a las posibilidades de la obra o servicio.<\/p>\n\n\n\n<p style=\"font-size:20px\">En la IED, el cuerpo docente mantiene buena sinergia y comunicaci\u00f3n para tomar decisiones determinantes en el desempe\u00f1o de las funciones de cada una de las \u00e1reas, por lo cual se ha establecido una reuni\u00f3n semanal entre los docentes que conforman cada una de estas. En la primaria se re\u00fanen los profesores de preescolar hasta segundo de acuerdo con cada nivel, y de tercero a quinto se encuentran entre las \u00e1reas espec\u00edficas. De esta forma todo el equipo de trabajo tiene la oportunidad de dar a conocer sus nuevas experiencias y proponer nuevas alternativas para desarrollar el objetivo general de cada \u00e1rea, apuntando as\u00ed al fin com\u00fan de nuestra instituci\u00f3n en pro de la comunidad educativa.&nbsp;&nbsp;&nbsp;&nbsp;<\/p>\n\n\n\n<p style=\"font-size:20px\">Siguiendo este orden de ideas, debe reconocerse y hacer valer los \u00f3rganos colegiados que garantizan la participaci\u00f3n, corresponsabilidad y sinergia por medio de los equipos conformados por los docentes en cada una de las \u00e1reas, fortaleciendo as\u00ed el trabajo colaborativo, la comunicaci\u00f3n efectiva entre el profesorado, el equipo directivo y en el desarrollo dentro de las clases de cada docente. De esta forma y bajo la direcci\u00f3n del Rector se fortalece la comunicaci\u00f3n y se genera disposici\u00f3n de manera continua en los equipos de trabajo.&nbsp;<\/p>\n\n\n\n<p style=\"font-size:25px\"><strong><em>Equipos de trabajo acorde con los proyectos transversales:<\/em><\/strong><\/p>\n\n\n\n<p style=\"font-size:25px\"><strong><em>Educaci\u00f3n Sexual<\/em><\/strong><\/p>\n\n\n\n<ul class=\"wp-block-list\">\n<li style=\"font-size:20px\">William Mu\u00f1oz<\/li>\n\n\n\n<li style=\"font-size:20px\">Marilyn Cruz<\/li>\n\n\n\n<li style=\"font-size:20px\">Fabian Rangel<\/li>\n\n\n\n<li style=\"font-size:20px\">Lourdes Mu\u00f1oz<\/li>\n\n\n\n<li style=\"font-size:20px\">Alida Panche<\/li>\n<\/ul>\n\n\n\n<p style=\"font-size:25px\"><strong><em>PRAE<\/em><\/strong><\/p>\n\n\n\n<ul class=\"wp-block-list\">\n<li style=\"font-size:20px\">Henry Ram\u00edrez<\/li>\n\n\n\n<li style=\"font-size:20px\">Alex Torres<\/li>\n\n\n\n<li style=\"font-size:20px\">Johana Rojas<\/li>\n\n\n\n<li style=\"font-size:20px\">Valerio Santos Andrade<\/li>\n\n\n\n<li style=\"font-size:20px\">William Mu\u00f1oz<\/li>\n\n\n\n<li style=\"font-size:20px\">Lady Barreto<\/li>\n\n\n\n<li style=\"font-size:20px\">Magda Carrillo<\/li>\n<\/ul>\n\n\n\n<p style=\"font-size:25px\"><strong><em>Lectura<\/em><\/strong><\/p>\n\n\n\n<ul class=\"wp-block-list\">\n<li style=\"font-size:20px\">Patricia Salcedo<\/li>\n\n\n\n<li style=\"font-size:20px\">Jorge Due\u00f1as<\/li>\n\n\n\n<li style=\"font-size:20px\">Cristina Escobar<\/li>\n\n\n\n<li style=\"font-size:20px\">Aura Ocampo<\/li>\n\n\n\n<li style=\"font-size:20px\">Marelby Pinz\u00f3n<\/li>\n<\/ul>\n\n\n\n<p style=\"font-size:25px\"><strong><em>Biling\u00fcismo<\/em><\/strong><\/p>\n\n\n\n<ul class=\"wp-block-list\">\n<li style=\"font-size:20px\">Aura Ocampo\u00a0\u00a0\u00a0\u00a0\u00a0\u00a0\u00a0\u00a0\u00a0\u00a0\u00a0\u00a0\u00a0\u00a0\u00a0\u00a0\u00a0\u00a0\u00a0\u00a0\u00a0\u00a0\u00a0\u00a0\u00a0\u00a0\u00a0\u00a0\u00a0\u00a0\u00a0\u00a0\u00a0\u00a0\u00a0\u00a0\u00a0\u00a0\u00a0\u00a0\u00a0\u00a0\u00a0\u00a0\u00a0\u00a0\u00a0\u00a0\u00a0<\/li>\n\n\n\n<li style=\"font-size:20px\">Jorge Due\u00f1as<\/li>\n\n\n\n<li style=\"font-size:20px\">Roc\u00edo Castellanos<\/li>\n<\/ul>\n\n\n\n<p style=\"font-size:25px\"><strong><em>Seguridad Vial<\/em><\/strong><\/p>\n\n\n\n<ul class=\"wp-block-list\">\n<li style=\"font-size:20px\">Blanca Garavito<\/li>\n\n\n\n<li style=\"font-size:20px\">Lady Barreto<\/li>\n\n\n\n<li style=\"font-size:20px\">Patricia Salcedo<\/li>\n\n\n\n<li style=\"font-size:20px\">Johana Rojas<\/li>\n<\/ul>\n\n\n\n<p style=\"font-size:25px\"><strong><em>Democracia<\/em><\/strong><\/p>\n\n\n\n<ul class=\"wp-block-list\">\n<li style=\"font-size:20px\">Luz Elena Osorio<\/li>\n\n\n\n<li style=\"font-size:20px\">Jairo Garc\u00eda<\/li>\n\n\n\n<li style=\"font-size:20px\">Yenny Parra<\/li>\n\n\n\n<li style=\"font-size:20px\">Daissy M\u00e9ndez<\/li>\n\n\n\n<li style=\"font-size:20px\">Rosa Arrieta<\/li>\n\n\n\n<li style=\"font-size:20px\">Alex Torres<\/li>\n<\/ul>\n\n\n\n<p style=\"font-size:25px\"><strong><em>Tiempo Libre<\/em><\/strong><\/p>\n\n\n\n<ul class=\"wp-block-list\">\n<li style=\"font-size:20px\">Andr\u00e9s Ardila<\/li>\n\n\n\n<li style=\"font-size:20px\">Magda Carrillo<\/li>\n\n\n\n<li style=\"font-size:20px\">Camilo Espitia<\/li>\n<\/ul>\n\n\n\n<p style=\"font-size:25px\"><strong><em>Prevenci\u00f3n y Atenci\u00f3n Desastres<\/em><\/strong><\/p>\n\n\n\n<ul class=\"wp-block-list\">\n<li style=\"font-size:20px\">Danelly Montoya<\/li>\n\n\n\n<li style=\"font-size:20px\">Sandra Gonz\u00e1lez<\/li>\n\n\n\n<li style=\"font-size:20px\">Geovvani Motoa<\/li>\n\n\n\n<li style=\"font-size:20px\">Luis Martin Paiba<\/li>\n<\/ul>\n","protected":false},"excerpt":{"rendered":"<p>La conformaci\u00f3n de un equipo de personas que trabajan juntas en un compromiso compartido trae consigo una coalici\u00f3n poderosa en t\u00e9rminos de capacidades, t\u00edtulos, informaci\u00f3n, experiencia y relaciones, cuya contribuci\u00f3n puede hacer la propuesta m\u00e1s realista y cercana a las posibilidades de la obra o servicio. En la IED, el cuerpo docente mantiene buena sinergia [&hellip;]<\/p>\n","protected":false},"author":1,"featured_media":0,"parent":0,"menu_order":0,"comment_status":"closed","ping_status":"closed","template":"","meta":{"saved_in_kubio":false,"footnotes":""},"class_list":["post-347","page","type-page","status-publish","hentry"],"kubio_ai_page_context":{"short_desc":"","purpose":"general"},"_links":{"self":[{"href":"https:\/\/iedeltriunfoelcolegio.edu.co\/index.php\/wp-json\/wp\/v2\/pages\/347","targetHints":{"allow":["GET"]}}],"collection":[{"href":"https:\/\/iedeltriunfoelcolegio.edu.co\/index.php\/wp-json\/wp\/v2\/pages"}],"about":[{"href":"https:\/\/iedeltriunfoelcolegio.edu.co\/index.php\/wp-json\/wp\/v2\/types\/page"}],"author":[{"embeddable":true,"href":"https:\/\/iedeltriunfoelcolegio.edu.co\/index.php\/wp-json\/wp\/v2\/users\/1"}],"replies":[{"embeddable":true,"href":"https:\/\/iedeltriunfoelcolegio.edu.co\/index.php\/wp-json\/wp\/v2\/comments?post=347"}],"version-history":[{"count":1,"href":"https:\/\/iedeltriunfoelcolegio.edu.co\/index.php\/wp-json\/wp\/v2\/pages\/347\/revisions"}],"predecessor-version":[{"id":348,"href":"https:\/\/iedeltriunfoelcolegio.edu.co\/index.php\/wp-json\/wp\/v2\/pages\/347\/revisions\/348"}],"wp:attachment":[{"href":"https:\/\/iedeltriunfoelcolegio.edu.co\/index.php\/wp-json\/wp\/v2\/media?parent=347"}],"curies":[{"name":"wp","href":"https:\/\/api.w.org\/{rel}","templated":true}]}}