{"id":345,"date":"2026-01-08T18:42:45","date_gmt":"2026-01-08T21:42:45","guid":{"rendered":"https:\/\/iedeltriunfoelcolegio.edu.co\/?page_id=345"},"modified":"2026-01-08T18:42:45","modified_gmt":"2026-01-08T21:42:45","slug":"mecanismos-de-comunicacion","status":"publish","type":"page","link":"https:\/\/iedeltriunfoelcolegio.edu.co\/index.php\/mecanismos-de-comunicacion\/","title":{"rendered":"Mecanismos de comunicaci\u00f3n"},"content":{"rendered":"\n<p style=\"font-size:20px\">Es necesario contar con los medios de difusi\u00f3n para mantener a toda la comunidad educativa informada asertivamente, encaminados a lograr una mayor participaci\u00f3n en la din\u00e1mica escolar entre los entes institucionales. Por lo cual, la IED y de acuerdo con nuestro Manual de Convivencia en el cap\u00edtulo 14 art\u00edculos: 99, 100 y 101 promueven los siguientes medios de comunicaci\u00f3n, cuyo objetivo consiste en permitir que los integrantes de la comunidad educativa est\u00e9n informados de las actividades que se desarrollan a nivel interno como externo:<\/p>\n\n\n\n<p style=\"font-size:25px\"><strong><em>Art\u00edculo 99: Medios escritos:<\/em><\/strong><\/p>\n\n\n\n<ol class=\"wp-block-list\">\n<li style=\"font-size:20px\"><strong>Bolet\u00edn Informativo:<\/strong> por el cual se da a conocer a la comunidad educativa informaci\u00f3n de las actividades tales como reuniones a desarrollarse dentro de la IED.<\/li>\n\n\n\n<li style=\"font-size:20px\"><strong>Observador del estudiante:<\/strong> que contiene la recopilaci\u00f3n de las experiencias convivenciales y acad\u00e9micas vividas por el estudiante durante el a\u00f1o en la instituci\u00f3n. As\u00ed mismo los compromisos adquiridos por \u00e9ste, padre de familia y\/o acudiente, los docentes y coordinador.<\/li>\n\n\n\n<li style=\"font-size:20px\"><strong>Circulares impresas:<\/strong> de car\u00e1cter informativo dirigido a un grupo de inter\u00e9s. En algunos casos lleva desprendible el cual se devuelve firmado como constancia de recibo de la informaci\u00f3n. Las circulares son generadas por Rector\u00eda y coordinaci\u00f3n.<\/li>\n\n\n\n<li style=\"font-size:20px\"><strong>Cartas:<\/strong> utilizadas para comunicaciones con destinatario individual, van en papeler\u00eda oficial de la Instituci\u00f3n y firmada por quien la genera.<\/li>\n\n\n\n<li style=\"font-size:20px\"><strong>Resoluciones:<\/strong> van en papeler\u00eda oficial de la Instituci\u00f3n, son utilizadas para generar documentos institucionales.<\/li>\n\n\n\n<li style=\"font-size:20px\"><strong>Bolet\u00edn o informe de calificaciones: <\/strong>por el cual se da a conocer la valoraci\u00f3n integral de los estudiantes y se realiza en un periodo de tiempo determinado; involucra m\u00faltiples formas e instrumentos de producci\u00f3n y busca reflejar de una manera objetiva el nivel de aprendizaje, la comprensi\u00f3n, el alcance de logros, est\u00e1ndares o competencias (conceptuales, actitudinales, procedimentales), las destrezas o habilidades desarrolladas, la motivaci\u00f3n y las actitudes del estudiante respecto a las diferentes actividades del proceso formativo.<\/li>\n<\/ol>\n\n\n\n<p style=\"font-size:25px\"><strong><em>Art\u00edculo 100: \u00a0Medios electr\u00f3nicos:<\/em><\/strong><\/p>\n\n\n\n<ol class=\"wp-block-list\">\n<li style=\"font-size:20px\"><a>P\u00e1gina web <\/a><a href=\"http:\/\/iedeltriunfoelcolegio.edu.co\">http:\/\/iedeltriunfoelcolegio.edu.co<\/a><\/li>\n\n\n\n<li style=\"font-size:20px\">Correos electr\u00f3nicos institucionales: <br><a href=\"mailto:iedeltriunfo@gmail.com\">iedeltriunfo@gmail.com<\/a> <br><a href=\"mailto:administrador@ied-triunfo-sed-cun.ie.edu.co\">administrador@ied-triunfo-sed-cun.ie.edu.co<\/a> <br><a href=\"mailto:iedeltriunfo_%20elcolegio@secundinamarca.edu.co\">iedeltriunfo_ elcolegio@secundinamarca.edu.co<\/a><\/li>\n<\/ol>\n\n\n\n<ul class=\"wp-block-list\">\n<li style=\"font-size:20px\">Llamadas v\u00eda celular.<\/li>\n\n\n\n<li style=\"font-size:20px\">Mensajes v\u00eda correo electr\u00f3nico.<\/li>\n\n\n\n<li style=\"font-size:20px\">Grupos WhatsApp<\/li>\n\n\n\n<li style=\"font-size:20px\"><strong>Sonido Ambiental:<\/strong> Sistema interno de sonido ambiental permite entregar informaci\u00f3n de manera masiva a estudiantes y docentes.<\/li>\n<\/ul>\n\n\n\n<p style=\"font-size:25px\"><strong><em>Art\u00edculo 101: Reuniones:<\/em><\/strong><\/p>\n\n\n\n<ol class=\"wp-block-list\">\n<li style=\"font-size:20px\">La Instituci\u00f3n tiene establecido un plan de reuniones formales y peri\u00f3dicas as\u00ed: Consejo Directivo, Comit\u00e9 de Evaluaci\u00f3n y Promoci\u00f3n, Consejo Acad\u00e9mico y Consejo Estudiantil (Peri\u00f3dicamente). Semanalmente se re\u00fanen los siguientes: reuni\u00f3n de \u00e1rea, seguimiento de proyectos; y se realiza formaci\u00f3n con todos los estudiantes para entregarles informaci\u00f3n relevante sobre su proceso formativo.<\/li>\n\n\n\n<li style=\"font-size:20px\">Carteleras: Colocadas en partes visibles de la instituci\u00f3n direccionadas y con responsabilidad de las diferentes \u00e1reas para toda la comunidad educativa.<\/li>\n\n\n\n<li style=\"font-size:20px\">Redes sociales: Con el fin de hacer el seguimiento a los egresados se usan los medios virtuales como los son las redes sociales por medio de las TIC.<\/li>\n\n\n\n<li style=\"font-size:20px\">Correo electr\u00f3nico: Este medio es usado especialmente para mantener una comunicaci\u00f3n entre administrativos, docentes y otras entidades.<\/li>\n\n\n\n<li style=\"font-size:20px\">Formaciones generales con estudiantes: Donde se brinda informaci\u00f3n relevante para la comunidad estudiantil.<\/li>\n<\/ol>\n","protected":false},"excerpt":{"rendered":"<p>Es necesario contar con los medios de difusi\u00f3n para mantener a toda la comunidad educativa informada asertivamente, encaminados a lograr una mayor participaci\u00f3n en la din\u00e1mica escolar entre los entes institucionales. Por lo cual, la IED y de acuerdo con nuestro Manual de Convivencia en el cap\u00edtulo 14 art\u00edculos: 99, 100 y 101 promueven los [&hellip;]<\/p>\n","protected":false},"author":1,"featured_media":0,"parent":0,"menu_order":0,"comment_status":"closed","ping_status":"closed","template":"","meta":{"saved_in_kubio":false,"footnotes":""},"class_list":["post-345","page","type-page","status-publish","hentry"],"kubio_ai_page_context":{"short_desc":"","purpose":"general"},"_links":{"self":[{"href":"https:\/\/iedeltriunfoelcolegio.edu.co\/index.php\/wp-json\/wp\/v2\/pages\/345","targetHints":{"allow":["GET"]}}],"collection":[{"href":"https:\/\/iedeltriunfoelcolegio.edu.co\/index.php\/wp-json\/wp\/v2\/pages"}],"about":[{"href":"https:\/\/iedeltriunfoelcolegio.edu.co\/index.php\/wp-json\/wp\/v2\/types\/page"}],"author":[{"embeddable":true,"href":"https:\/\/iedeltriunfoelcolegio.edu.co\/index.php\/wp-json\/wp\/v2\/users\/1"}],"replies":[{"embeddable":true,"href":"https:\/\/iedeltriunfoelcolegio.edu.co\/index.php\/wp-json\/wp\/v2\/comments?post=345"}],"version-history":[{"count":1,"href":"https:\/\/iedeltriunfoelcolegio.edu.co\/index.php\/wp-json\/wp\/v2\/pages\/345\/revisions"}],"predecessor-version":[{"id":346,"href":"https:\/\/iedeltriunfoelcolegio.edu.co\/index.php\/wp-json\/wp\/v2\/pages\/345\/revisions\/346"}],"wp:attachment":[{"href":"https:\/\/iedeltriunfoelcolegio.edu.co\/index.php\/wp-json\/wp\/v2\/media?parent=345"}],"curies":[{"name":"wp","href":"https:\/\/api.w.org\/{rel}","templated":true}]}}