{"id":343,"date":"2026-01-08T18:38:27","date_gmt":"2026-01-08T21:38:27","guid":{"rendered":"https:\/\/iedeltriunfoelcolegio.edu.co\/?page_id=343"},"modified":"2026-01-26T09:20:19","modified_gmt":"2026-01-26T12:20:19","slug":"consejo-de-padres-de-familia","status":"publish","type":"page","link":"https:\/\/iedeltriunfoelcolegio.edu.co\/index.php\/consejo-de-padres-de-familia\/","title":{"rendered":"Consejo de padres de familia"},"content":{"rendered":"\n<p style=\"font-size:20px\">Como \u00f3rgano, es un medio para asegurar la continua participaci\u00f3n de los padres y acudientes en el proceso pedag\u00f3gico del establecimiento. Podr\u00e1 estar integrado por los voceros de los padres de los alumnos que cursan cada uno de los diferentes grados que ofrece la instituci\u00f3n, o por cualquier otro esquema definido en el seno de la asociaci\u00f3n (Art\u00edculo 31, decreto 1860 de 1994).&nbsp; Otras funciones son servir de enlace e interacci\u00f3n con los representantes de los diferentes organismos del gobierno escolar y estar prestos a colaborar con el buen funcionamiento de la Instituci\u00f3n Educativa<\/p>\n\n\n\n<p style=\"font-size:25px\"><strong><em>Integrantes 2025:<\/em><\/strong><\/p>\n\n\n\n<figure style=\"font-size:20px\" class=\"wp-block-table\"><table class=\"has-fixed-layout\"><tbody><tr><td><strong>Grado<\/strong><\/td><td><strong>Representante<\/strong><\/td><\/tr><tr><td>0<\/td><td>Yinna Paola Navas Bueno<\/td><\/tr><tr><td>101<\/td><td>Tatiana Buitrago Paola Amaya<\/td><\/tr><tr><td>201<\/td><td>Jos\u00e9 Gabriel Calder\u00f3n<\/td><\/tr><tr><td>202<\/td><td>Alba Luz Mart\u00ednez<\/td><\/tr><tr><td>301<\/td><td>Leonardo S\u00e1nchez<\/td><\/tr><tr><td>302<\/td><td>Erika Andrea D\u00edaz Blanca Castro<\/td><\/tr><tr><td>401<\/td><td>Nelsy Roc\u00edo Rodr\u00edguez Mart\u00ednez Aminda Triana<\/td><\/tr><tr><td>402<\/td><td>Mar\u00eda del Carmen Vargas Ospina<\/td><\/tr><tr><td>501<\/td><td>Andr\u00e9s Vargas<\/td><\/tr><tr><td>502<\/td><td>Henry Rodr\u00edguez Fredy Rodr\u00edguez Guti\u00e9rrez<\/td><\/tr><tr><td>601<\/td><td>Damaris Su\u00e1rez<\/td><\/tr><tr><td>602<\/td><td>Luis Segundo Ronderos Nidia Maudith Linares Nieto<\/td><\/tr><tr><td>603<\/td><td>Mar\u00eda Geraldine Quiroga Benza<\/td><\/tr><tr><td>701<\/td><td>Juan Carlos Porras Flor Roldan<\/td><\/tr><tr><td>702<\/td><td>Lorena Jaramillo<\/td><\/tr><tr><td>801<\/td><td>Nancy Espitia Hern\u00e1ndez Jos\u00e9 Gabriel Calder\u00f3n<\/td><\/tr><tr><td>802<\/td><td>Nicol\u00e1s Melo<\/td><\/tr><tr><td>901<\/td><td>Yuli Camacho<\/td><\/tr><tr><td>902<\/td><td>Edwin Smith Galv\u00e1n<\/td><\/tr><tr><td>1001<\/td><td>Marta Sofia Lelion<\/td><\/tr><tr><td>1002<\/td><td>&nbsp;<\/td><\/tr><tr><td>1101<\/td><td>\u00cdngrid Stivaliz Forero<\/td><\/tr><tr><td>Sede Porvenir<\/td><td>Nicol\u00e1s Melo<\/td><\/tr><tr><td>Sede San Ram\u00f3n<\/td><td>Geraldine Pulido Pinz\u00f3n<\/td><\/tr><tr><td>Sede Honduras<\/td><td>Camila Centeno Olarte<\/td><\/tr><\/tbody><\/table><\/figure>\n","protected":false},"excerpt":{"rendered":"<p>Como \u00f3rgano, es un medio para asegurar la continua participaci\u00f3n de los padres y acudientes en el proceso pedag\u00f3gico del establecimiento. Podr\u00e1 estar integrado por los voceros de los padres de los alumnos que cursan cada uno de los diferentes grados que ofrece la instituci\u00f3n, o por cualquier otro esquema definido en el seno de [&hellip;]<\/p>\n","protected":false},"author":1,"featured_media":0,"parent":0,"menu_order":0,"comment_status":"closed","ping_status":"closed","template":"","meta":{"saved_in_kubio":false,"footnotes":""},"class_list":["post-343","page","type-page","status-publish","hentry"],"kubio_ai_page_context":{"short_desc":"","purpose":"general"},"_links":{"self":[{"href":"https:\/\/iedeltriunfoelcolegio.edu.co\/index.php\/wp-json\/wp\/v2\/pages\/343","targetHints":{"allow":["GET"]}}],"collection":[{"href":"https:\/\/iedeltriunfoelcolegio.edu.co\/index.php\/wp-json\/wp\/v2\/pages"}],"about":[{"href":"https:\/\/iedeltriunfoelcolegio.edu.co\/index.php\/wp-json\/wp\/v2\/types\/page"}],"author":[{"embeddable":true,"href":"https:\/\/iedeltriunfoelcolegio.edu.co\/index.php\/wp-json\/wp\/v2\/users\/1"}],"replies":[{"embeddable":true,"href":"https:\/\/iedeltriunfoelcolegio.edu.co\/index.php\/wp-json\/wp\/v2\/comments?post=343"}],"version-history":[{"count":1,"href":"https:\/\/iedeltriunfoelcolegio.edu.co\/index.php\/wp-json\/wp\/v2\/pages\/343\/revisions"}],"predecessor-version":[{"id":344,"href":"https:\/\/iedeltriunfoelcolegio.edu.co\/index.php\/wp-json\/wp\/v2\/pages\/343\/revisions\/344"}],"wp:attachment":[{"href":"https:\/\/iedeltriunfoelcolegio.edu.co\/index.php\/wp-json\/wp\/v2\/media?parent=343"}],"curies":[{"name":"wp","href":"https:\/\/api.w.org\/{rel}","templated":true}]}}