{"id":340,"date":"2026-01-08T18:36:31","date_gmt":"2026-01-08T21:36:31","guid":{"rendered":"https:\/\/iedeltriunfoelcolegio.edu.co\/?page_id=340"},"modified":"2026-01-08T18:36:31","modified_gmt":"2026-01-08T21:36:31","slug":"representantes-de-los-estudiantes","status":"publish","type":"page","link":"https:\/\/iedeltriunfoelcolegio.edu.co\/index.php\/representantes-de-los-estudiantes\/","title":{"rendered":"Representantes de los estudiantes"},"content":{"rendered":"\n<p style=\"font-size:20px\">Ser\u00e1 un estudiante que se encuentre debidamente matriculado en la instituci\u00f3n educativa, que curse el grado und\u00e9cimo del nivel de Educaci\u00f3n media, ser\u00e1 elegido por el consejo de estudiantil y representara a los estudiantes con voz y voto en el Consejo Directivo Seg\u00fan el decreto 1075 de 2015 art\u00edculo 2.3.3.1.5.4.<\/p>\n\n\n\n<p style=\"font-size:25px\"><strong><em>Representante de los estudiantes 2025: Brandon Ferney Hern\u00e1ndez Espinosa<\/em><\/strong><\/p>\n\n\n\n<figure class=\"wp-block-image aligncenter size-full is-resized\"><img loading=\"lazy\" decoding=\"async\" width=\"591\" height=\"780\" src=\"https:\/\/iedeltriunfoelcolegio.edu.co\/wp-content\/uploads\/2026\/01\/image-6.png\" alt=\"\" class=\"wp-image-341\" style=\"aspect-ratio:0.7577207919794449;width:275px;height:auto\" srcset=\"https:\/\/iedeltriunfoelcolegio.edu.co\/wp-content\/uploads\/2026\/01\/image-6.png 591w, https:\/\/iedeltriunfoelcolegio.edu.co\/wp-content\/uploads\/2026\/01\/image-6-227x300.png 227w\" sizes=\"(max-width: 591px) 100vw, 591px\" \/><\/figure>\n","protected":false},"excerpt":{"rendered":"<p>Ser\u00e1 un estudiante que se encuentre debidamente matriculado en la instituci\u00f3n educativa, que curse el grado und\u00e9cimo del nivel de Educaci\u00f3n media, ser\u00e1 elegido por el consejo de estudiantil y representara a los estudiantes con voz y voto en el Consejo Directivo Seg\u00fan el decreto 1075 de 2015 art\u00edculo 2.3.3.1.5.4. Representante de los estudiantes 2025: [&hellip;]<\/p>\n","protected":false},"author":1,"featured_media":0,"parent":0,"menu_order":0,"comment_status":"closed","ping_status":"closed","template":"","meta":{"saved_in_kubio":false,"footnotes":""},"class_list":["post-340","page","type-page","status-publish","hentry"],"kubio_ai_page_context":{"short_desc":"","purpose":"general"},"_links":{"self":[{"href":"https:\/\/iedeltriunfoelcolegio.edu.co\/index.php\/wp-json\/wp\/v2\/pages\/340","targetHints":{"allow":["GET"]}}],"collection":[{"href":"https:\/\/iedeltriunfoelcolegio.edu.co\/index.php\/wp-json\/wp\/v2\/pages"}],"about":[{"href":"https:\/\/iedeltriunfoelcolegio.edu.co\/index.php\/wp-json\/wp\/v2\/types\/page"}],"author":[{"embeddable":true,"href":"https:\/\/iedeltriunfoelcolegio.edu.co\/index.php\/wp-json\/wp\/v2\/users\/1"}],"replies":[{"embeddable":true,"href":"https:\/\/iedeltriunfoelcolegio.edu.co\/index.php\/wp-json\/wp\/v2\/comments?post=340"}],"version-history":[{"count":1,"href":"https:\/\/iedeltriunfoelcolegio.edu.co\/index.php\/wp-json\/wp\/v2\/pages\/340\/revisions"}],"predecessor-version":[{"id":342,"href":"https:\/\/iedeltriunfoelcolegio.edu.co\/index.php\/wp-json\/wp\/v2\/pages\/340\/revisions\/342"}],"wp:attachment":[{"href":"https:\/\/iedeltriunfoelcolegio.edu.co\/index.php\/wp-json\/wp\/v2\/media?parent=340"}],"curies":[{"name":"wp","href":"https:\/\/api.w.org\/{rel}","templated":true}]}}