{"id":332,"date":"2026-01-08T18:32:24","date_gmt":"2026-01-08T21:32:24","guid":{"rendered":"https:\/\/iedeltriunfoelcolegio.edu.co\/?page_id=332"},"modified":"2026-01-08T18:32:24","modified_gmt":"2026-01-08T21:32:24","slug":"personero-de-los-estudiantes","status":"publish","type":"page","link":"https:\/\/iedeltriunfoelcolegio.edu.co\/index.php\/personero-de-los-estudiantes\/","title":{"rendered":"Personero de los estudiantes"},"content":{"rendered":"\n<p style=\"font-size:20px\">En todos los establecimientos educativos el personero de los estudiantes ser\u00e1 un estudiante que curse el \u00faltimo grado que ofrezca la instituci\u00f3n encargada de promover el ejercicio de los deberes y derechos de los estudiantes consagrados en el decreto 1075 de 2015 art\u00edculo 2.3.3.1.5.11.<\/p>\n\n\n\n<p style=\"font-size:25px\"><em><strong>Personero(a) 2025: Tatiana Daza Zamora<\/strong><\/em><\/p>\n\n\n\n<figure class=\"wp-block-image aligncenter size-full is-resized\"><img loading=\"lazy\" decoding=\"async\" width=\"591\" height=\"732\" src=\"https:\/\/iedeltriunfoelcolegio.edu.co\/wp-content\/uploads\/2026\/01\/image-4.png\" alt=\"\" class=\"wp-image-335\" style=\"aspect-ratio:0.8074011774600505;width:265px;height:auto\" srcset=\"https:\/\/iedeltriunfoelcolegio.edu.co\/wp-content\/uploads\/2026\/01\/image-4.png 591w, https:\/\/iedeltriunfoelcolegio.edu.co\/wp-content\/uploads\/2026\/01\/image-4-242x300.png 242w\" sizes=\"(max-width: 591px) 100vw, 591px\" \/><\/figure>\n","protected":false},"excerpt":{"rendered":"<p>En todos los establecimientos educativos el personero de los estudiantes ser\u00e1 un estudiante que curse el \u00faltimo grado que ofrezca la instituci\u00f3n encargada de promover el ejercicio de los deberes y derechos de los estudiantes consagrados en el decreto 1075 de 2015 art\u00edculo 2.3.3.1.5.11. Personero(a) 2025: Tatiana Daza Zamora<\/p>\n","protected":false},"author":1,"featured_media":0,"parent":0,"menu_order":0,"comment_status":"closed","ping_status":"closed","template":"","meta":{"saved_in_kubio":false,"footnotes":""},"class_list":["post-332","page","type-page","status-publish","hentry"],"kubio_ai_page_context":{"short_desc":"","purpose":"general"},"_links":{"self":[{"href":"https:\/\/iedeltriunfoelcolegio.edu.co\/index.php\/wp-json\/wp\/v2\/pages\/332","targetHints":{"allow":["GET"]}}],"collection":[{"href":"https:\/\/iedeltriunfoelcolegio.edu.co\/index.php\/wp-json\/wp\/v2\/pages"}],"about":[{"href":"https:\/\/iedeltriunfoelcolegio.edu.co\/index.php\/wp-json\/wp\/v2\/types\/page"}],"author":[{"embeddable":true,"href":"https:\/\/iedeltriunfoelcolegio.edu.co\/index.php\/wp-json\/wp\/v2\/users\/1"}],"replies":[{"embeddable":true,"href":"https:\/\/iedeltriunfoelcolegio.edu.co\/index.php\/wp-json\/wp\/v2\/comments?post=332"}],"version-history":[{"count":1,"href":"https:\/\/iedeltriunfoelcolegio.edu.co\/index.php\/wp-json\/wp\/v2\/pages\/332\/revisions"}],"predecessor-version":[{"id":336,"href":"https:\/\/iedeltriunfoelcolegio.edu.co\/index.php\/wp-json\/wp\/v2\/pages\/332\/revisions\/336"}],"wp:attachment":[{"href":"https:\/\/iedeltriunfoelcolegio.edu.co\/index.php\/wp-json\/wp\/v2\/media?parent=332"}],"curies":[{"name":"wp","href":"https:\/\/api.w.org\/{rel}","templated":true}]}}