{"id":330,"date":"2026-01-08T18:29:25","date_gmt":"2026-01-08T21:29:25","guid":{"rendered":"https:\/\/iedeltriunfoelcolegio.edu.co\/?page_id=330"},"modified":"2026-01-26T09:20:19","modified_gmt":"2026-01-26T12:20:19","slug":"consejo-estudiantil","status":"publish","type":"page","link":"https:\/\/iedeltriunfoelcolegio.edu.co\/index.php\/consejo-estudiantil\/","title":{"rendered":"Consejo estudiantil"},"content":{"rendered":"\n<p style=\"font-size:20px\">En todos los establecimientos educativos el Consejo de Estudiantes es el m\u00e1ximo \u00f3rgano colegiado que asegura y garantiza el continuo ejercicio de la participaci\u00f3n por parte de los educandos. Estar\u00e1 integrado por un vocero de cada uno de los grados ofrecidos por el establecimiento o establecimientos que comparten un mismo Consejo Directivo (Art\u00edculo 2.3.3.1.5.12. decreto 1075 de 2015).<\/p>\n\n\n\n<p style=\"font-size:25px\"><strong><em>Integrantes 2025:<\/em><\/strong><\/p>\n\n\n\n<figure style=\"font-size:20px\" class=\"wp-block-table\"><table class=\"has-fixed-layout\"><tbody><tr><td><strong>Grado<\/strong><\/td><td><strong>Representante<\/strong><\/td><\/tr><tr><td>0<\/td><td>Jer\u00f3nimo Herrera<\/td><\/tr><tr><td>101<\/td><td>Sara Sof\u00eda Amaya D\u00edaz<\/td><\/tr><tr><td>201<\/td><td>Lina Mar\u00eda Cuervo Cruz<\/td><\/tr><tr><td>202<\/td><td>Didier Ferney Casta\u00f1eda<\/td><\/tr><tr><td>301<\/td><td>Daniel Juliana Tijo Rojas<\/td><\/tr><tr><td>302<\/td><td>Jarvinson Orlando Guerrero D\u00edaz<\/td><\/tr><tr><td>401<\/td><td>Danna Sof\u00eda Huertas Valero<\/td><\/tr><tr><td>402<\/td><td>Aron David Latorre Herrera<\/td><\/tr><tr><td>501<\/td><td>Lizzeth Mariana Mora Hern\u00e1ndez<\/td><\/tr><tr><td>502<\/td><td>David Alejandro Garc\u00eda Olarte<\/td><\/tr><tr><td>601<\/td><td>Angie Natalia Montilla Herrera<\/td><\/tr><tr><td>602<\/td><td>Nicole Estefany D\u00edaz Mu\u00f1oz<\/td><\/tr><tr><td>603<\/td><td>Deivid Jhoan Benza Quimitiva<\/td><\/tr><tr><td>701<\/td><td>Brayan Alejandro Barreiro D\u00edaz<\/td><\/tr><tr><td>702<\/td><td>Edwin Carolina Troconis Troconis<\/td><\/tr><tr><td>801<\/td><td>Juan Diego Barbosa Ch\u00e1vez<\/td><\/tr><tr><td>802<\/td><td>Jes\u00fas David Melo Rivera<\/td><\/tr><tr><td>901<\/td><td>Maderik Valentina Torres Rangel<\/td><\/tr><tr><td>902<\/td><td>Laura Valentina Soto Casallas<\/td><\/tr><tr><td>1001<\/td><td>Alex David Quintero Pacheco<\/td><\/tr><tr><td>1002<\/td><td>Johan Sebasti\u00e1n Parra Mart\u00ednez<\/td><\/tr><tr><td>1101<\/td><td>Brandon Ferney Hern\u00e1ndez Espinosa<\/td><\/tr><tr><td>Sede Porvenir<\/td><td>Daniel Orlando Melo Rivera<\/td><\/tr><tr><td>Sede San Ram\u00f3n<\/td><td>Johann Daniel Berm\u00fadez Casta\u00f1eda<\/td><\/tr><tr><td>Sede Honduras<\/td><td>juan Sebasti\u00e1n Farf\u00e1n Paloma<\/td><\/tr><\/tbody><\/table><\/figure>\n\n\n\n<p><\/p>\n","protected":false},"excerpt":{"rendered":"<p>En todos los establecimientos educativos el Consejo de Estudiantes es el m\u00e1ximo \u00f3rgano colegiado que asegura y garantiza el continuo ejercicio de la participaci\u00f3n por parte de los educandos. Estar\u00e1 integrado por un vocero de cada uno de los grados ofrecidos por el establecimiento o establecimientos que comparten un mismo Consejo Directivo (Art\u00edculo 2.3.3.1.5.12. decreto [&hellip;]<\/p>\n","protected":false},"author":1,"featured_media":0,"parent":0,"menu_order":0,"comment_status":"closed","ping_status":"closed","template":"","meta":{"saved_in_kubio":false,"footnotes":""},"class_list":["post-330","page","type-page","status-publish","hentry"],"kubio_ai_page_context":{"short_desc":"","purpose":"general"},"_links":{"self":[{"href":"https:\/\/iedeltriunfoelcolegio.edu.co\/index.php\/wp-json\/wp\/v2\/pages\/330","targetHints":{"allow":["GET"]}}],"collection":[{"href":"https:\/\/iedeltriunfoelcolegio.edu.co\/index.php\/wp-json\/wp\/v2\/pages"}],"about":[{"href":"https:\/\/iedeltriunfoelcolegio.edu.co\/index.php\/wp-json\/wp\/v2\/types\/page"}],"author":[{"embeddable":true,"href":"https:\/\/iedeltriunfoelcolegio.edu.co\/index.php\/wp-json\/wp\/v2\/users\/1"}],"replies":[{"embeddable":true,"href":"https:\/\/iedeltriunfoelcolegio.edu.co\/index.php\/wp-json\/wp\/v2\/comments?post=330"}],"version-history":[{"count":1,"href":"https:\/\/iedeltriunfoelcolegio.edu.co\/index.php\/wp-json\/wp\/v2\/pages\/330\/revisions"}],"predecessor-version":[{"id":331,"href":"https:\/\/iedeltriunfoelcolegio.edu.co\/index.php\/wp-json\/wp\/v2\/pages\/330\/revisions\/331"}],"wp:attachment":[{"href":"https:\/\/iedeltriunfoelcolegio.edu.co\/index.php\/wp-json\/wp\/v2\/media?parent=330"}],"curies":[{"name":"wp","href":"https:\/\/api.w.org\/{rel}","templated":true}]}}