{"id":328,"date":"2026-01-08T18:27:11","date_gmt":"2026-01-08T21:27:11","guid":{"rendered":"https:\/\/iedeltriunfoelcolegio.edu.co\/?page_id=328"},"modified":"2026-01-26T09:20:19","modified_gmt":"2026-01-26T12:20:19","slug":"comite-de-convivencia","status":"publish","type":"page","link":"https:\/\/iedeltriunfoelcolegio.edu.co\/index.php\/comite-de-convivencia\/","title":{"rendered":"Comit\u00e9 de convivencia"},"content":{"rendered":"\n<p style=\"font-size:25px\"><strong><em>Comit\u00e9 de convivencia Escolar<\/em><\/strong><\/p>\n\n\n\n<p style=\"font-size:20px\">Creado a partir de la ley 1620 de 2013, faculta orientar y conciliar diferencias internas y conflictos que pudieran presentarse en la instituci\u00f3n cuando se transgredan las normas establecidas en el presente manual. Tambi\u00e9n, est\u00e1 encargado de apoyar la labor de promoci\u00f3n y seguimiento a la convivencia escolar, a la educaci\u00f3n para el ejercicio de los derechos humanos, sexuales y reproductivos, as\u00ed como del desarrollo y aplicaci\u00f3n del manual de convivencia y de la prevenci\u00f3n y mitigaci\u00f3n de la violencia escolar.<\/p>\n\n\n\n<p style=\"font-size:25px\"><em><strong>Integrantes 2025:<\/strong><\/em><\/p>\n\n\n\n<figure style=\"font-size:20px\" class=\"wp-block-table\"><table class=\"has-fixed-layout\"><tbody><tr><td><strong>Rol<\/strong><\/td><td><strong>Representantes Comit\u00e9 de Convivencia Escolar<\/strong><\/td><\/tr><tr><td>Rector<\/td><td>Luis Martin Paiba L\u00f3pez<\/td><\/tr><tr><td>Coordinador<\/td><td>Geovani Motoa<\/td><\/tr><tr><td>Orientador Escolar<\/td><td>Eliana Rico Arango<\/td><\/tr><tr><td>Docente<\/td><td>Fabian Rangel<\/td><\/tr><tr><td>Personero de los estudiantes<\/td><td>Tatiana Daza Zamora<\/td><\/tr><tr><td>Representante de los Estudiantes<\/td><td>Brandon Ferney Hern\u00e1ndez Espinosa<\/td><\/tr><tr><td>Padre de familia<\/td><td>Segundo Ronderos<\/td><\/tr><tr><td>Padre de familia<\/td><td>Flor Roldan<\/td><\/tr><\/tbody><\/table><\/figure>\n","protected":false},"excerpt":{"rendered":"<p>Comit\u00e9 de convivencia Escolar Creado a partir de la ley 1620 de 2013, faculta orientar y conciliar diferencias internas y conflictos que pudieran presentarse en la instituci\u00f3n cuando se transgredan las normas establecidas en el presente manual. Tambi\u00e9n, est\u00e1 encargado de apoyar la labor de promoci\u00f3n y seguimiento a la convivencia escolar, a la educaci\u00f3n [&hellip;]<\/p>\n","protected":false},"author":1,"featured_media":0,"parent":0,"menu_order":0,"comment_status":"closed","ping_status":"closed","template":"","meta":{"saved_in_kubio":false,"footnotes":""},"class_list":["post-328","page","type-page","status-publish","hentry"],"kubio_ai_page_context":{"short_desc":"","purpose":"general"},"_links":{"self":[{"href":"https:\/\/iedeltriunfoelcolegio.edu.co\/index.php\/wp-json\/wp\/v2\/pages\/328","targetHints":{"allow":["GET"]}}],"collection":[{"href":"https:\/\/iedeltriunfoelcolegio.edu.co\/index.php\/wp-json\/wp\/v2\/pages"}],"about":[{"href":"https:\/\/iedeltriunfoelcolegio.edu.co\/index.php\/wp-json\/wp\/v2\/types\/page"}],"author":[{"embeddable":true,"href":"https:\/\/iedeltriunfoelcolegio.edu.co\/index.php\/wp-json\/wp\/v2\/users\/1"}],"replies":[{"embeddable":true,"href":"https:\/\/iedeltriunfoelcolegio.edu.co\/index.php\/wp-json\/wp\/v2\/comments?post=328"}],"version-history":[{"count":1,"href":"https:\/\/iedeltriunfoelcolegio.edu.co\/index.php\/wp-json\/wp\/v2\/pages\/328\/revisions"}],"predecessor-version":[{"id":329,"href":"https:\/\/iedeltriunfoelcolegio.edu.co\/index.php\/wp-json\/wp\/v2\/pages\/328\/revisions\/329"}],"wp:attachment":[{"href":"https:\/\/iedeltriunfoelcolegio.edu.co\/index.php\/wp-json\/wp\/v2\/media?parent=328"}],"curies":[{"name":"wp","href":"https:\/\/api.w.org\/{rel}","templated":true}]}}