{"id":326,"date":"2026-01-08T18:24:58","date_gmt":"2026-01-08T21:24:58","guid":{"rendered":"https:\/\/iedeltriunfoelcolegio.edu.co\/?page_id=326"},"modified":"2026-01-26T09:20:19","modified_gmt":"2026-01-26T12:20:19","slug":"comision-de-evaluacion-y-promocion","status":"publish","type":"page","link":"https:\/\/iedeltriunfoelcolegio.edu.co\/index.php\/comision-de-evaluacion-y-promocion\/","title":{"rendered":"Comisi\u00f3n de evaluaci\u00f3n y promoci\u00f3n"},"content":{"rendered":"\n<p style=\"font-size:20px\"><strong><em>El Comit\u00e9 de Evaluaci\u00f3n y Promoci\u00f3n<\/em><\/strong> tiene como funci\u00f3n general realizar el\u00a0seguimiento de los procesos de\u00a0evaluaci\u00f3n y\u00a0promoci\u00f3n de\u00a0los estudiantes de la instituci\u00f3n. Cada sede o subsede de la Instituci\u00f3n Educativa, tendr\u00e1 sus propias comisiones de evaluaci\u00f3n. Este comit\u00e9 se reunir\u00e1 una vez por periodo para realizar seguimiento a los procesos evaluativos de la Instituci\u00f3n:<\/p>\n\n\n\n<p style=\"font-size:25px\"><strong><em>Integrantes 2025:<\/em><\/strong><\/p>\n\n\n\n<p style=\"font-size:20px\">Docentes Representantes de B\u00e1sica Primaria<\/p>\n\n\n\n<figure style=\"font-size:20px\" class=\"wp-block-table\"><table class=\"has-fixed-layout\"><tbody><tr><td>Docentes<\/td><td>Grado<\/td><td>Sede<\/td><\/tr><tr><td>Lady Barreto<\/td><td>Sede Porvenir<\/td><td>Porvenir<\/td><\/tr><tr><td>Marilyn Cruz<\/td><td>Sede Honduras<\/td><td>&nbsp;Honduras<\/td><\/tr><tr><td>Blanca Garavito<\/td><td>Sede San Ram\u00f3n<\/td><td>&nbsp;San Ram\u00f3n<\/td><\/tr><tr><td>Magda Carrillo<\/td><td>Preescolar<\/td><td>Jos\u00e9 Antonio Gal\u00e1n<\/td><\/tr><tr><td>Rosa Arrieta<\/td><td>101<\/td><td>Jos\u00e9 Antonio Gal\u00e1n<\/td><\/tr><tr><td>Yenny Parra<\/td><td>202<\/td><td>Jos\u00e9 Antonio Gal\u00e1n<\/td><\/tr><tr><td>Patricia Salcedo<\/td><td>201<\/td><td>Jos\u00e9 Antonio Gal\u00e1n<\/td><\/tr><tr><td>Daissy M\u00e9ndez<\/td><td>301<\/td><td>Jos\u00e9 Antonio Gal\u00e1n<\/td><\/tr><tr><td>Ana Hern\u00e1ndez<\/td><td>302<\/td><td>Jos\u00e9 Antonio Gal\u00e1n<\/td><\/tr><tr><td>Lourdes Mu\u00f1oz<\/td><td>401<\/td><td>Jos\u00e9 Antonio Gal\u00e1n<\/td><\/tr><tr><td>Marelby Pinz\u00f3n<\/td><td>402<\/td><td>Jos\u00e9 Antonio Gal\u00e1n<\/td><\/tr><tr><td>Rocio Castellanos<\/td><td>501<\/td><td>Jos\u00e9 Antonio Gal\u00e1n<\/td><\/tr><tr><td>Camilo Espitia<\/td><td>502<\/td><td>Jos\u00e9 Antonio Gal\u00e1n<\/td><\/tr><\/tbody><\/table><\/figure>\n\n\n\n<p style=\"font-size:20px\">Docentes B\u00e1sica Secundaria y Media Acad\u00e9mica<\/p>\n\n\n\n<figure style=\"font-size:20px\" class=\"wp-block-table\"><table class=\"has-fixed-layout\"><tbody><tr><td>Docentes<\/td><td>Grado<\/td><td>Sede<\/td><\/tr><tr><td>Danelly Montoya<\/td><td>601<\/td><td>IED el Triunfo<\/td><\/tr><tr><td>Fabian Rangel<\/td><td>602<\/td><td>IED el Triunfo<\/td><\/tr><tr><td>Andr\u00e9s Ardila<\/td><td>603<\/td><td>IED el Triunfo<\/td><\/tr><tr><td>Johana Rojas<\/td><td>701<\/td><td>IED el Triunfo<\/td><\/tr><tr><td>William Mu\u00f1oz<\/td><td>702<\/td><td>IED el Triunfo<\/td><\/tr><tr><td>Cristina Escobar<\/td><td>801<\/td><td>IED el Triunfo<\/td><\/tr><tr><td>Jairo Garc\u00eda<\/td><td>802<\/td><td>IED el Triunfo<\/td><\/tr><tr><td>Sandra Gonz\u00e1lez<\/td><td>901<\/td><td>IED el Triunfo<\/td><\/tr><tr><td>Henry Ram\u00edrez<\/td><td>902<\/td><td>IED el Triunfo<\/td><\/tr><tr><td>Valerio Santos Andrade<\/td><td>1001<\/td><td>IED el Triunfo<\/td><\/tr><tr><td>Camila Rodr\u00edguez<\/td><td>1002<\/td><td>IED el Triunfo<\/td><\/tr><tr><td>Jorge Due\u00f1as<\/td><td>1101<\/td><td>IED el Triunfo<\/td><\/tr><tr><td>Yamile Beltr\u00e1n<\/td><td>&nbsp;<\/td><td>IED el Triunfo<\/td><\/tr><tr><td>Alex Torres<\/td><td>&nbsp;<\/td><td>IED el Triunfo<\/td><\/tr><tr><td>Aura Ocampo<\/td><td>&nbsp;<\/td><td>IED el Triunfo<\/td><\/tr><tr><td>Valerio Andrade<\/td><td>&nbsp;<\/td><td>IED el Triunfo<\/td><\/tr><\/tbody><\/table><\/figure>\n\n\n\n<p style=\"font-size:20px\">Representantes de los padres de familia<\/p>\n\n\n\n<figure style=\"font-size:20px\" class=\"wp-block-table\"><table class=\"has-fixed-layout\"><tbody><tr><td><strong>Grado<\/strong><\/td><td><strong>Representante<\/strong><\/td><\/tr><tr><td>0<\/td><td>Flor Roldan<\/td><\/tr><tr><td>101<\/td><td>Emilce Chaparro<\/td><\/tr><tr><td>201<\/td><td>Tatiana Ram\u00edrez<\/td><\/tr><tr><td>202<\/td><td>Jessica Jimena Delgado<\/td><\/tr><tr><td>301<\/td><td>Andrea Camila Rodr\u00edguez Huertas<\/td><\/tr><tr><td>302<\/td><td>Orlando Guerrero Acosta<\/td><\/tr><tr><td>401<\/td><td>Ana Fabiola Alonso<\/td><\/tr><tr><td>402<\/td><td>Mar\u00eda Cristina Parra Rodr\u00edguez<\/td><\/tr><tr><td>501<\/td><td>Solange Cortes<\/td><\/tr><tr><td>502<\/td><td>Sandra Patricia Hern\u00e1ndez<\/td><\/tr><tr><td>601<\/td><td>Danilsa L\u00f3pez Mercado<\/td><\/tr><tr><td>602<\/td><td>Luis Segundo Ronderos<\/td><\/tr><tr><td>603<\/td><td>&nbsp;<\/td><\/tr><tr><td>701<\/td><td>Flor Roldan<\/td><\/tr><tr><td>702<\/td><td>Stephanie Sofia Serrano Venegas<\/td><\/tr><tr><td>801<\/td><td>Angelica Suarez \u00c1lvarez<\/td><\/tr><tr><td>802<\/td><td>Cielo Vel\u00e1squez<\/td><\/tr><tr><td>901<\/td><td>Nancy Sossa<\/td><\/tr><tr><td>902<\/td><td>Daniela Vega Ortiz<\/td><\/tr><tr><td>1001<\/td><td>Claudia Yaneth Su\u00e1rez<\/td><\/tr><tr><td>1002<\/td><td>&nbsp;<\/td><\/tr><tr><td>1101<\/td><td>Mayerly Roa Bola\u00f1os<\/td><\/tr><tr><td>Sede Porvenir<\/td><td>Carolina Troconis<\/td><\/tr><tr><td>Sede San Ram\u00f3n<\/td><td>Yolima Alarc\u00f3n G\u00e1mez<\/td><\/tr><tr><td>Sede Honduras<\/td><td>Leidy Lizzeth Mora Rojas<\/td><\/tr><\/tbody><\/table><\/figure>\n","protected":false},"excerpt":{"rendered":"<p>El Comit\u00e9 de Evaluaci\u00f3n y Promoci\u00f3n tiene como funci\u00f3n general realizar el\u00a0seguimiento de los procesos de\u00a0evaluaci\u00f3n y\u00a0promoci\u00f3n de\u00a0los estudiantes de la instituci\u00f3n. Cada sede o subsede de la Instituci\u00f3n Educativa, tendr\u00e1 sus propias comisiones de evaluaci\u00f3n. Este comit\u00e9 se reunir\u00e1 una vez por periodo para realizar seguimiento a los procesos evaluativos de la Instituci\u00f3n: Integrantes [&hellip;]<\/p>\n","protected":false},"author":1,"featured_media":0,"parent":0,"menu_order":0,"comment_status":"closed","ping_status":"closed","template":"","meta":{"saved_in_kubio":false,"footnotes":""},"class_list":["post-326","page","type-page","status-publish","hentry"],"kubio_ai_page_context":{"short_desc":"","purpose":"general"},"_links":{"self":[{"href":"https:\/\/iedeltriunfoelcolegio.edu.co\/index.php\/wp-json\/wp\/v2\/pages\/326","targetHints":{"allow":["GET"]}}],"collection":[{"href":"https:\/\/iedeltriunfoelcolegio.edu.co\/index.php\/wp-json\/wp\/v2\/pages"}],"about":[{"href":"https:\/\/iedeltriunfoelcolegio.edu.co\/index.php\/wp-json\/wp\/v2\/types\/page"}],"author":[{"embeddable":true,"href":"https:\/\/iedeltriunfoelcolegio.edu.co\/index.php\/wp-json\/wp\/v2\/users\/1"}],"replies":[{"embeddable":true,"href":"https:\/\/iedeltriunfoelcolegio.edu.co\/index.php\/wp-json\/wp\/v2\/comments?post=326"}],"version-history":[{"count":1,"href":"https:\/\/iedeltriunfoelcolegio.edu.co\/index.php\/wp-json\/wp\/v2\/pages\/326\/revisions"}],"predecessor-version":[{"id":327,"href":"https:\/\/iedeltriunfoelcolegio.edu.co\/index.php\/wp-json\/wp\/v2\/pages\/326\/revisions\/327"}],"wp:attachment":[{"href":"https:\/\/iedeltriunfoelcolegio.edu.co\/index.php\/wp-json\/wp\/v2\/media?parent=326"}],"curies":[{"name":"wp","href":"https:\/\/api.w.org\/{rel}","templated":true}]}}