{"id":324,"date":"2026-01-08T18:21:33","date_gmt":"2026-01-08T21:21:33","guid":{"rendered":"https:\/\/iedeltriunfoelcolegio.edu.co\/?page_id=324"},"modified":"2026-01-26T09:20:19","modified_gmt":"2026-01-26T12:20:19","slug":"consejo-academico","status":"publish","type":"page","link":"https:\/\/iedeltriunfoelcolegio.edu.co\/index.php\/consejo-academico\/","title":{"rendered":"Consejo Acad\u00e9mico"},"content":{"rendered":"\n<p style=\"font-size:25px\"><strong><em>Consejo Acad\u00e9mico<\/em><\/strong><\/p>\n\n\n\n<p style=\"font-size:20px\">El Consejo Acad\u00e9mico como instancia superior para participar en la orientaci\u00f3n pedag\u00f3gica del establecimiento. Est\u00e1 integrado por el Rector quien lo preside, los directivos docentes y un docente por cada \u00e1rea definida en el plan de estudios. Las funciones del Consejo Acad\u00e9mico son las estipuladas en el PEI, el decreto 1075 de 2015 seg\u00fan el art\u00edculo 2.3.3.1.5.7.&nbsp; la Ley general de educaci\u00f3n 115 de 1994 y las que le confieren el decreto 1290 de 2009.<\/p>\n\n\n\n<p style=\"font-size:25px\"><strong><em>Integrantes 2025:<\/em><\/strong><\/p>\n\n\n\n<figure style=\"font-size:20px\" class=\"wp-block-table\"><table class=\"has-fixed-layout\"><tbody><tr><td><strong>\u00c1rea<\/strong><\/td><td><strong>Representante<\/strong><\/td><\/tr><tr><td>Rector<\/td><td>Luis Martin Paiba L\u00f3pez<\/td><\/tr><tr><td>Coordinador<\/td><td>Geovani Motoa<\/td><\/tr><tr><td>Orientador Escolar<\/td><td>Eliana Rico Arango<\/td><\/tr><tr><td>Humanidades<\/td><td>Jorge Due\u00f1as<\/td><\/tr><tr><td>Matem\u00e1ticas<\/td><td>William Mu\u00f1oz<\/td><\/tr><tr><td>Ciencias Sociales<\/td><td>Luz Elena Osorio<\/td><\/tr><tr><td>Ciencias Naturales<\/td><td>Valerio Andrade<\/td><\/tr><tr><td>\u00c9tica<\/td><td>Fabian Rangel<\/td><\/tr><tr><td>Religi\u00f3n<\/td><td>Fabian Rangel<\/td><\/tr><tr><td>Educaci\u00f3n F\u00edsica<\/td><td>Andr\u00e9s Ardila<\/td><\/tr><tr><td>Tecnolog\u00eda e Inform\u00e1tica<\/td><td>Alex Torres<\/td><\/tr><tr><td>Emprendimiento<\/td><td>&nbsp;<\/td><\/tr><tr><td>Art\u00edstica<\/td><td>&nbsp;<\/td><\/tr><\/tbody><\/table><\/figure>\n","protected":false},"excerpt":{"rendered":"<p>Consejo Acad\u00e9mico El Consejo Acad\u00e9mico como instancia superior para participar en la orientaci\u00f3n pedag\u00f3gica del establecimiento. Est\u00e1 integrado por el Rector quien lo preside, los directivos docentes y un docente por cada \u00e1rea definida en el plan de estudios. Las funciones del Consejo Acad\u00e9mico son las estipuladas en el PEI, el decreto 1075 de 2015 [&hellip;]<\/p>\n","protected":false},"author":1,"featured_media":0,"parent":0,"menu_order":0,"comment_status":"closed","ping_status":"closed","template":"","meta":{"saved_in_kubio":false,"footnotes":""},"class_list":["post-324","page","type-page","status-publish","hentry"],"kubio_ai_page_context":{"short_desc":"","purpose":"general"},"_links":{"self":[{"href":"https:\/\/iedeltriunfoelcolegio.edu.co\/index.php\/wp-json\/wp\/v2\/pages\/324","targetHints":{"allow":["GET"]}}],"collection":[{"href":"https:\/\/iedeltriunfoelcolegio.edu.co\/index.php\/wp-json\/wp\/v2\/pages"}],"about":[{"href":"https:\/\/iedeltriunfoelcolegio.edu.co\/index.php\/wp-json\/wp\/v2\/types\/page"}],"author":[{"embeddable":true,"href":"https:\/\/iedeltriunfoelcolegio.edu.co\/index.php\/wp-json\/wp\/v2\/users\/1"}],"replies":[{"embeddable":true,"href":"https:\/\/iedeltriunfoelcolegio.edu.co\/index.php\/wp-json\/wp\/v2\/comments?post=324"}],"version-history":[{"count":1,"href":"https:\/\/iedeltriunfoelcolegio.edu.co\/index.php\/wp-json\/wp\/v2\/pages\/324\/revisions"}],"predecessor-version":[{"id":325,"href":"https:\/\/iedeltriunfoelcolegio.edu.co\/index.php\/wp-json\/wp\/v2\/pages\/324\/revisions\/325"}],"wp:attachment":[{"href":"https:\/\/iedeltriunfoelcolegio.edu.co\/index.php\/wp-json\/wp\/v2\/media?parent=324"}],"curies":[{"name":"wp","href":"https:\/\/api.w.org\/{rel}","templated":true}]}}