{"id":318,"date":"2026-01-08T17:52:18","date_gmt":"2026-01-08T20:52:18","guid":{"rendered":"https:\/\/iedeltriunfoelcolegio.edu.co\/?page_id=318"},"modified":"2026-01-08T17:52:18","modified_gmt":"2026-01-08T20:52:18","slug":"direccionamiento-estrategico-y-cultura-institucional","status":"publish","type":"page","link":"https:\/\/iedeltriunfoelcolegio.edu.co\/index.php\/direccionamiento-estrategico-y-cultura-institucional\/","title":{"rendered":"Direccionamiento Estrat\u00e9gico y Cultura Institucional"},"content":{"rendered":"\n<p style=\"font-size:25px\"><strong><em>Principios y Valores<\/em><\/strong><\/p>\n\n\n\n<p style=\"font-size:20px\">Son el conjunto de normas que definen el comportamiento organizacional. Son ideas fundamentales que rigen el pensamiento y la conducta de los integrantes de un grupo humano y busca que todos los miembros de la organizaci\u00f3n internalicen y vivan en armon\u00eda.<\/p>\n\n\n\n<ul class=\"wp-block-list\">\n<li style=\"font-size:20px\"><strong>Responsabilidad Social<\/strong>: es el compromiso, obligaci\u00f3n y deber que poseen los miembros de la instituci\u00f3n educativa para la construcci\u00f3n de una sociedad m\u00e1s justa, as\u00ed como la protecci\u00f3n del medio ambiente.<\/li>\n\n\n\n<li style=\"font-size:20px\"><strong>Equidad<\/strong>: se caracteriza por el uso de la imparcialidad para reconocer el derecho de cada uno de los miembros de la comunidad educativa con principios de justicia y rectitud.<\/li>\n\n\n\n<li style=\"font-size:20px\"><strong>Pluridiversidad<\/strong>: utilizar en nuestra comunidad la diferencia como punto de partida, como realidad incuestionable.<\/li>\n\n\n\n<li style=\"font-size:20px\"><strong>Bio\u00e9tica<\/strong>: dignidad de la persona y calidad de vida ideal, principios que proporcionan la \u00f3ptima conducta humana con relaci\u00f3n a la vida, ya sea esta la referida al hombre, a la vida animal o vegetal, as\u00ed como del medio en el que pueden darse las condiciones aceptables para la existencia.<\/li>\n<\/ul>\n\n\n\n<p style=\"font-size:25px\"><strong><em>Perfil del Estudiante Triunfano<\/em><\/strong><\/p>\n\n\n\n<p style=\"font-size:20px\">La acci\u00f3n educativa institucional est\u00e1 encaminada a la formaci\u00f3n del perfil de los estudiantes y egresados tomando como base el horizonte institucional, que estos sean definidos como mujeres y hombres progresistas, cr\u00edticos para que construyan un sentido de pertenencia hacia la instituci\u00f3n y su regi\u00f3n.<\/p>\n\n\n\n<ul class=\"wp-block-list\">\n<li style=\"font-size:20px\"><strong>Aut\u00f3nomo: <\/strong>establecer por su propia cuenta e iniciativa una armon\u00eda entre sus derechos, deberes, libertades, responsabilidades, garant\u00edas, obligaciones y compromisos sociales cuyo sistema de autorregulaci\u00f3n funcione de modo que le permita satisfacer exitosamente tanto las demandas internas como externas que se le plantean.<\/li>\n\n\n\n<li style=\"font-size:20px\"><strong>Emprendedor: <\/strong>cuando logre convertir sus ideas en pr\u00e1cticas sociales y econ\u00f3micas, sus conocimientos en nuevas formas hacia la\u00a0\u00a0 vocaci\u00f3n, la convivencia, el saber y el quehacer como proceso de construcci\u00f3n permanente de su conocimiento y del liderazgo en asocio productivo con la vecindad, entre ellos peque\u00f1os parceleros, finqueros, administradores, minifundistas, hoteleros, comerciantes, transportadores y otros.<\/li>\n\n\n\n<li style=\"font-size:20px\"><strong>Perseverante: <\/strong>es un mensaje que permite al individuo, en este caso nuestro estudiante la posibilidad de que este demuestre ser laborioso, saber perseguir sus objetivos con tes\u00f3n y dedicaci\u00f3n, acabar lo que ha empezado, mantener la concentraci\u00f3n, trabajar con constancia. Adem\u00e1s, que cuente con reglas y normas determinadas para que pueda cumplir con la meta.<\/li>\n\n\n\n<li style=\"font-size:20px\"><strong>Responsable: <\/strong>tener la capacidad \u00e9tica de asumir los compromisos con seriedad y de dar respuestas apropiadas y oportunas a las exigencias del medio institucional, familiar y social.<\/li>\n\n\n\n<li style=\"font-size:20px\"><strong>Solidario: <\/strong>es la manera en que se unen esfuerzos humanistas en torno a prop\u00f3sitos comunes y a la construcci\u00f3n de una red social y de aprendizajes en la instituci\u00f3n, en el hogar, o en los grupos a los cuales est\u00e9 vinculado temporal o permanentemente.<\/li>\n\n\n\n<li style=\"font-size:20px\"><strong>Honesto: <\/strong>actuar de acuerdo con los criterios, valores y principios que se le han inculcado a trav\u00e9s de las experiencias formativas; acad\u00e9micas, t\u00e9cnicas, religiosas, sociales y familiares.<\/li>\n\n\n\n<li style=\"font-size:20px\"><strong>Tolerante: <\/strong>entender que existe pluralidad de intereses, motivaciones, necesidades y expectativas, que es necesario respetar dicha pluralidad en busca de la convivencia humanista en la paz y la armon\u00eda social.<\/li>\n\n\n\n<li style=\"font-size:20px\"><strong>Laborioso: <\/strong>desarrollar el trabajo institucional en forma planeada, organizada, ordenada, rigurosa en su ejecuci\u00f3n, responsable y comprometido con \u00e9l mismo, con la sociedad, con la naturaleza y medio ambiente, prepar\u00e1ndose para ingresar en el futuro al mundo del trabajo y la vida profesional de acuerdo con los requerimientos de la sociedad actual.<\/li>\n\n\n\n<li style=\"font-size:20px\"><strong>Investigador: <\/strong>despertando en s\u00ed mismo su capacidad investigativa y el esp\u00edritu de una b\u00fasqueda permanente del ser y de la verdad, en los campos de la ciencia, la tecnolog\u00eda, la t\u00e9cnica y la expresi\u00f3n art\u00edstica.<\/li>\n\n\n\n<li style=\"font-size:20px\"><strong>Disciplinado:<\/strong> que adquiera una disciplina en el tiempo y el espacio, donde su comportamiento demuestre un cumplimiento como persona en lo \u00e9tico, responsable en la adquisici\u00f3n de los compromisos sociales, econ\u00f3micos, productivitos y acad\u00e9micos.<\/li>\n<\/ul>\n","protected":false},"excerpt":{"rendered":"<p>Principios y Valores Son el conjunto de normas que definen el comportamiento organizacional. Son ideas fundamentales que rigen el pensamiento y la conducta de los integrantes de un grupo humano y busca que todos los miembros de la organizaci\u00f3n internalicen y vivan en armon\u00eda. Perfil del Estudiante Triunfano La acci\u00f3n educativa institucional est\u00e1 encaminada a [&hellip;]<\/p>\n","protected":false},"author":1,"featured_media":0,"parent":0,"menu_order":0,"comment_status":"closed","ping_status":"closed","template":"","meta":{"saved_in_kubio":false,"footnotes":""},"class_list":["post-318","page","type-page","status-publish","hentry"],"kubio_ai_page_context":{"short_desc":"","purpose":"general"},"_links":{"self":[{"href":"https:\/\/iedeltriunfoelcolegio.edu.co\/index.php\/wp-json\/wp\/v2\/pages\/318","targetHints":{"allow":["GET"]}}],"collection":[{"href":"https:\/\/iedeltriunfoelcolegio.edu.co\/index.php\/wp-json\/wp\/v2\/pages"}],"about":[{"href":"https:\/\/iedeltriunfoelcolegio.edu.co\/index.php\/wp-json\/wp\/v2\/types\/page"}],"author":[{"embeddable":true,"href":"https:\/\/iedeltriunfoelcolegio.edu.co\/index.php\/wp-json\/wp\/v2\/users\/1"}],"replies":[{"embeddable":true,"href":"https:\/\/iedeltriunfoelcolegio.edu.co\/index.php\/wp-json\/wp\/v2\/comments?post=318"}],"version-history":[{"count":1,"href":"https:\/\/iedeltriunfoelcolegio.edu.co\/index.php\/wp-json\/wp\/v2\/pages\/318\/revisions"}],"predecessor-version":[{"id":319,"href":"https:\/\/iedeltriunfoelcolegio.edu.co\/index.php\/wp-json\/wp\/v2\/pages\/318\/revisions\/319"}],"wp:attachment":[{"href":"https:\/\/iedeltriunfoelcolegio.edu.co\/index.php\/wp-json\/wp\/v2\/media?parent=318"}],"curies":[{"name":"wp","href":"https:\/\/api.w.org\/{rel}","templated":true}]}}