{"id":315,"date":"2026-01-08T17:47:54","date_gmt":"2026-01-08T20:47:54","guid":{"rendered":"https:\/\/iedeltriunfoelcolegio.edu.co\/?page_id=315"},"modified":"2026-01-08T17:48:12","modified_gmt":"2026-01-08T20:48:12","slug":"filosofia-institucional-objetivos-institucionales","status":"publish","type":"page","link":"https:\/\/iedeltriunfoelcolegio.edu.co\/index.php\/filosofia-institucional-objetivos-institucionales\/","title":{"rendered":"Filosof\u00eda y Objetivos Institucionales"},"content":{"rendered":"\n<p style=\"font-size:25px\"><strong><em>Filosof\u00eda Institucional<\/em><\/strong><\/p>\n\n\n\n<p style=\"font-size:20px\">La IED es un plantel oficial que se rige por las normas Nacionales y Departamentales, buscando ofrecer una educaci\u00f3n integral y de calidad, fundamentada en el respeto, la honestidad y la solidaridad.<\/p>\n\n\n\n<p style=\"font-size:20px\">Ejerce su acci\u00f3n educadora en personas a quienes se les reconoce su individualidad, propiciando el desarrollo de sus potencialidades en el ser, saber, hacer y vivir juntos como elementos esenciales en cualquier \u00e1mbito en donde se desempe\u00f1e.<\/p>\n\n\n\n<p style=\"font-size:20px\">La formaci\u00f3n que se imparte est\u00e1 fundamentada en el PEI y en el modelo de la pedagog\u00eda humanista, activa y sociocr\u00edtica, promoviendo de esta manera un desarrollo integral que logre trascender su ser y su realidad.<\/p>\n\n\n\n<p style=\"font-size:20px\">El perfil Triunfano se construye cuando el estudiante es comprometido, desarrolla el sentido de pertenencia, la solidaridad, la responsabilidad, el respeto, la honestidad, la solidaridad, procura la protecci\u00f3n y conservaci\u00f3n del medio ambiente. Por ello, la IED crear\u00e1 el ambiente propicio para el desarrollo integral del estudiante, como ser: social, singular, anal\u00edtico y socio cr\u00edtico.<\/p>\n\n\n\n<p style=\"font-size:20px\">La instituci\u00f3n respeta todo credo religioso, la identidad, la autonom\u00eda de los estudiantes; las cuales ser\u00e1n fortalezas para la consolidaci\u00f3n de una sana convivencia en los diferentes \u00e1mbitos de la sociedad.<\/p>\n\n\n\n<p style=\"font-size:25px\"><strong><em>Objetivos Institucionales<\/em><\/strong><\/p>\n\n\n\n<p style=\"font-size:25px\"><strong><em>General<\/em><\/strong><\/p>\n\n\n\n<p style=\"font-size:20px\">Definir lineamientos para desarrollar y consolidar las gestiones directiva, administrativa y financiera, acad\u00e9mica, y comunitaria, con el fin de prestar el servicio educativo con calidad que responda al compromiso social de formar personas \u00edntegras, aut\u00f3nomas, que generen los cambios que nuestra sociedad necesita.<\/p>\n\n\n\n<p style=\"font-size:25px\"><strong><em>Espec\u00edficos<\/em><\/strong><\/p>\n\n\n\n<ul class=\"wp-block-list\">\n<li style=\"font-size:20px\">Fortalecer los v\u00ednculos entre la instituci\u00f3n educativa y los sectores sociales de su entorno, a trav\u00e9s de una eficiente gesti\u00f3n comunitaria que garantice el impacto de la labor educativa en el desarrollo de la comunidad.<\/li>\n\n\n\n<li style=\"font-size:20px\">Garantizar el uso adecuado de los recursos mediante una gesti\u00f3n administrativa y financiera transparente.<\/li>\n\n\n\n<li style=\"font-size:20px\">Fomentar la vivencia de los principios y valores institucionales de tal manera que el Proyecto Educativo Institucional permee el d\u00eda a d\u00eda entre los miembros de la comunidad educativa.<\/li>\n\n\n\n<li style=\"font-size:20px\">Asegurar la excelencia del servicio educativo que ofrece la instituci\u00f3n, mediante la adopci\u00f3n del modelo pedag\u00f3gico y la gesti\u00f3n acad\u00e9mica para que permita a los estudiantes acceder a la vida laboral y\/o el ingreso a la educaci\u00f3n superior.<\/li>\n<\/ul>\n","protected":false},"excerpt":{"rendered":"<p>Filosof\u00eda Institucional La IED es un plantel oficial que se rige por las normas Nacionales y Departamentales, buscando ofrecer una educaci\u00f3n integral y de calidad, fundamentada en el respeto, la honestidad y la solidaridad. Ejerce su acci\u00f3n educadora en personas a quienes se les reconoce su individualidad, propiciando el desarrollo de sus potencialidades en el [&hellip;]<\/p>\n","protected":false},"author":1,"featured_media":0,"parent":0,"menu_order":0,"comment_status":"closed","ping_status":"closed","template":"","meta":{"saved_in_kubio":false,"footnotes":""},"class_list":["post-315","page","type-page","status-publish","hentry"],"kubio_ai_page_context":{"short_desc":"","purpose":"general"},"_links":{"self":[{"href":"https:\/\/iedeltriunfoelcolegio.edu.co\/index.php\/wp-json\/wp\/v2\/pages\/315","targetHints":{"allow":["GET"]}}],"collection":[{"href":"https:\/\/iedeltriunfoelcolegio.edu.co\/index.php\/wp-json\/wp\/v2\/pages"}],"about":[{"href":"https:\/\/iedeltriunfoelcolegio.edu.co\/index.php\/wp-json\/wp\/v2\/types\/page"}],"author":[{"embeddable":true,"href":"https:\/\/iedeltriunfoelcolegio.edu.co\/index.php\/wp-json\/wp\/v2\/users\/1"}],"replies":[{"embeddable":true,"href":"https:\/\/iedeltriunfoelcolegio.edu.co\/index.php\/wp-json\/wp\/v2\/comments?post=315"}],"version-history":[{"count":2,"href":"https:\/\/iedeltriunfoelcolegio.edu.co\/index.php\/wp-json\/wp\/v2\/pages\/315\/revisions"}],"predecessor-version":[{"id":317,"href":"https:\/\/iedeltriunfoelcolegio.edu.co\/index.php\/wp-json\/wp\/v2\/pages\/315\/revisions\/317"}],"wp:attachment":[{"href":"https:\/\/iedeltriunfoelcolegio.edu.co\/index.php\/wp-json\/wp\/v2\/media?parent=315"}],"curies":[{"name":"wp","href":"https:\/\/api.w.org\/{rel}","templated":true}]}}