{"id":309,"date":"2026-01-08T17:44:48","date_gmt":"2026-01-08T20:44:48","guid":{"rendered":"https:\/\/iedeltriunfoelcolegio.edu.co\/?page_id=309"},"modified":"2026-01-08T17:44:48","modified_gmt":"2026-01-08T20:44:48","slug":"simbolos-institucionales","status":"publish","type":"page","link":"https:\/\/iedeltriunfoelcolegio.edu.co\/index.php\/simbolos-institucionales\/","title":{"rendered":"S\u00edmbolos Institucionales"},"content":{"rendered":"\n<p style=\"font-size:25px\"><em><strong>Himno<\/strong><\/em><\/p>\n\n\n\n<p class=\"has-text-align-center\" style=\"font-size:20px\">Coro<br>Estudiante Triunfano proclama<br>Compromiso social tu raz\u00f3n<br>Sois semilla que siembra el futuro<br>Magno faro de tu regi\u00f3n.<\/p>\n\n\n\n<p class=\"has-text-align-center\" style=\"font-size:20px\">Estrofa I<br>El saber y el amor por bandera<br>Sean tu gu\u00eda por sendas de raz\u00f3n<br>S\u00e9 el pilar que construye el gran triunfo<br>Y el cimiento de nuestra naci\u00f3n.<\/p>\n\n\n\n<p class=\"has-text-align-center\" style=\"font-size:20px\">Estrofa II<br>Siendo luz que iluminas caminos<br>Marcha alegre, pasos con tes\u00f3n<br>Siempre fiel a valores, principios<br>Hombre sabio en mente y coraz\u00f3n.<\/p>\n\n\n\n<p class=\"has-text-align-center\" style=\"font-size:20px\">Estrofa III<br>Cultivando la ciencia, el deporte<br>Del futuro ser\u00e1s vencedor<br>Con servicio, virtud y pujanza<br>Compromiso, lealtad, vocaci\u00f3n.<\/p>\n\n\n\n<p style=\"font-size:25px\"><strong><em>Escudo<\/em><\/strong><\/p>\n\n\n\n<figure class=\"wp-block-image aligncenter size-full is-resized\"><img loading=\"lazy\" decoding=\"async\" width=\"253\" height=\"262\" src=\"https:\/\/iedeltriunfoelcolegio.edu.co\/wp-content\/uploads\/2026\/01\/image-1.png\" alt=\"\" class=\"wp-image-310\" style=\"width:221px;height:auto\"\/><\/figure>\n\n\n\n<p style=\"font-size:25px\"><strong><em>Bandera<\/em><\/strong><\/p>\n\n\n\n<figure class=\"wp-block-image aligncenter size-full is-resized\"><img loading=\"lazy\" decoding=\"async\" width=\"593\" height=\"499\" src=\"https:\/\/iedeltriunfoelcolegio.edu.co\/wp-content\/uploads\/2026\/01\/image-2.png\" alt=\"\" class=\"wp-image-313\" style=\"aspect-ratio:1.1884630580798103;width:266px;height:auto\" srcset=\"https:\/\/iedeltriunfoelcolegio.edu.co\/wp-content\/uploads\/2026\/01\/image-2.png 593w, https:\/\/iedeltriunfoelcolegio.edu.co\/wp-content\/uploads\/2026\/01\/image-2-300x252.png 300w\" sizes=\"(max-width: 593px) 100vw, 593px\" \/><\/figure>\n","protected":false},"excerpt":{"rendered":"<p>Himno CoroEstudiante Triunfano proclamaCompromiso social tu raz\u00f3nSois semilla que siembra el futuroMagno faro de tu regi\u00f3n. Estrofa IEl saber y el amor por banderaSean tu gu\u00eda por sendas de raz\u00f3nS\u00e9 el pilar que construye el gran triunfoY el cimiento de nuestra naci\u00f3n. Estrofa IISiendo luz que iluminas caminosMarcha alegre, pasos con tes\u00f3nSiempre fiel a valores, [&hellip;]<\/p>\n","protected":false},"author":1,"featured_media":0,"parent":0,"menu_order":0,"comment_status":"closed","ping_status":"closed","template":"","meta":{"saved_in_kubio":false,"footnotes":""},"class_list":["post-309","page","type-page","status-publish","hentry"],"kubio_ai_page_context":{"short_desc":"","purpose":"general"},"_links":{"self":[{"href":"https:\/\/iedeltriunfoelcolegio.edu.co\/index.php\/wp-json\/wp\/v2\/pages\/309","targetHints":{"allow":["GET"]}}],"collection":[{"href":"https:\/\/iedeltriunfoelcolegio.edu.co\/index.php\/wp-json\/wp\/v2\/pages"}],"about":[{"href":"https:\/\/iedeltriunfoelcolegio.edu.co\/index.php\/wp-json\/wp\/v2\/types\/page"}],"author":[{"embeddable":true,"href":"https:\/\/iedeltriunfoelcolegio.edu.co\/index.php\/wp-json\/wp\/v2\/users\/1"}],"replies":[{"embeddable":true,"href":"https:\/\/iedeltriunfoelcolegio.edu.co\/index.php\/wp-json\/wp\/v2\/comments?post=309"}],"version-history":[{"count":1,"href":"https:\/\/iedeltriunfoelcolegio.edu.co\/index.php\/wp-json\/wp\/v2\/pages\/309\/revisions"}],"predecessor-version":[{"id":314,"href":"https:\/\/iedeltriunfoelcolegio.edu.co\/index.php\/wp-json\/wp\/v2\/pages\/309\/revisions\/314"}],"wp:attachment":[{"href":"https:\/\/iedeltriunfoelcolegio.edu.co\/index.php\/wp-json\/wp\/v2\/media?parent=309"}],"curies":[{"name":"wp","href":"https:\/\/api.w.org\/{rel}","templated":true}]}}